{"id":10738,"date":"2026-03-10T13:15:28","date_gmt":"2026-03-10T12:15:28","guid":{"rendered":"https:\/\/smakivera.pl\/?post_type=product&#038;p=10738"},"modified":"2026-03-10T13:17:20","modified_gmt":"2026-03-10T12:17:20","slug":"mini-kolby-kukurydzy-2950g-puszka","status":"publish","type":"product","link":"https:\/\/smakivera.pl\/en\/product\/mini-kolby-kukurydzy-2950g-puszka\/","title":{"rendered":"Mini kolby kukurydzy 2950g puszka"},"content":{"rendered":"<p>Wizualna i smakowa gwiazda kuchni Fusion oraz azjatyckiej. Mini kolby kukurydzy Vera to produkt najwy\u017cszej klasy, kt\u00f3ry dodaje daniom elegancji i po\u017c\u0105danej tekstury. \u015awietne jako chrupi\u0105ca przek\u0105ska, element bar\u00f3w sa\u0142atkowych, dodatek do kolorowych stir-fry oraz dekoracja p\u00f3\u0142misk\u00f3w cateringowych i da\u0144 mi\u0119snych. Jasno\u017c\u00f3\u0142ty, jednolity kolor oraz charakterystyczna \u201estrzelaj\u0105ca\u201d pod z\u0119bami chrupko\u015b\u0107. Kolby s\u0105 r\u00f3wnej wielko\u015bci, co u\u0142atwia porcjowanie i kontrol\u0119 koszt\u00f3w (<i data-path-to-node=\"15,1,0\" data-index-in-node=\"175\">food cost<\/i>). Produkt dedykowany dla sektora HoReCa.<\/p>","protected":false},"excerpt":{"rendered":"<p>Wizualna i smakowa gwiazda kuchni Fusion oraz azjatyckiej. Mini kolby kukurydzy Vera to produkt najwy\u017cszej klasy, kt\u00f3ry dodaje daniom elegancji i po\u017c\u0105danej tekstury. \u015awietne jako chrupi\u0105ca przek\u0105ska, element bar\u00f3w sa\u0142atkowych, dodatek do kolorowych stir-fry oraz dekoracja p\u00f3\u0142misk\u00f3w cateringowych i da\u0144 mi\u0119snych. Jasno\u017c\u00f3\u0142ty, jednolity kolor oraz charakterystyczna \u201estrzelaj\u0105ca\u201d pod z\u0119bami chrupko\u015b\u0107. Kolby s\u0105 r\u00f3wnej wielko\u015bci, co [&hellip;]<\/p>","protected":false},"featured_media":10742,"template":"","meta":[],"product_brand":[],"product_cat":[278,155],"product_tag":[],"class_list":{"0":"post-10738","1":"product","2":"type-product","3":"status-publish","4":"has-post-thumbnail","6":"product_cat-produkty-horeca","7":"product_cat-przetwory-warzywne","9":"first","10":"instock","11":"shipping-taxable","12":"product-type-simple"},"yoast_head":"<!-- This site is optimized with the Yoast SEO plugin v26.5 - https:\/\/yoast.com\/wordpress\/plugins\/seo\/ -->\n<title>Mini kolby kukurydzy 2950g puszka - Produkty - Smaki Vera<\/title>\n<meta name=\"description\" content=\"Wyj\u0105tkowe Mini kolby kukurydzy 2950g puszka od marki Vera. Przygotuj pyszne dania z naszymi produktami. Nowych pomys\u0142\u00f3w szukaj w dziale z Inspiracjami | Smaki Vera\" \/>\n<meta name=\"robots\" content=\"index, follow, max-snippet:-1, max-image-preview:large, max-video-preview:-1\" \/>\n<link rel=\"canonical\" href=\"https:\/\/smakivera.pl\/en\/product\/mini-kolby-kukurydzy-2950g-puszka\/\" \/>\n<meta property=\"og:locale\" content=\"en_GB\" \/>\n<meta property=\"og:type\" content=\"article\" \/>\n<meta property=\"og:title\" content=\"Mini kolby kukurydzy 2950g puszka - Produkty - Smaki Vera\" \/>\n<meta property=\"og:description\" content=\"Wyj\u0105tkowe Mini kolby kukurydzy 2950g puszka od marki Vera. Przygotuj pyszne dania z naszymi produktami. Nowych pomys\u0142\u00f3w szukaj w dziale z Inspiracjami | Smaki Vera\" \/>\n<meta property=\"og:url\" content=\"https:\/\/smakivera.pl\/en\/product\/mini-kolby-kukurydzy-2950g-puszka\/\" \/>\n<meta property=\"og:site_name\" content=\"VERA - Ca\u0142y \u015bwiat w Twojej Kuchni\" \/>\n<meta property=\"article:publisher\" content=\"https:\/\/www.facebook.com\/smakivera\" \/>\n<meta property=\"article:modified_time\" content=\"2026-03-10T12:17:20+00:00\" \/>\n<meta property=\"og:image\" content=\"https:\/\/smakivera.pl\/wp-content\/uploads\/2026\/03\/mini-kolby-kukurydzy-2950g.webp\" \/>\n\t<meta property=\"og:image:width\" content=\"1000\" \/>\n\t<meta property=\"og:image:height\" content=\"1000\" \/>\n\t<meta property=\"og:image:type\" content=\"image\/webp\" \/>\n<meta name=\"twitter:card\" content=\"summary_large_image\" \/>\n<meta name=\"twitter:label1\" content=\"Estimated reading time\" \/>\n\t<meta name=\"twitter:data1\" content=\"1 minute\" \/>\n<script type=\"application\/ld+json\" class=\"yoast-schema-graph\">{\"@context\":\"https:\/\/schema.org\",\"@graph\":[{\"@type\":\"WebPage\",\"@id\":\"https:\/\/smakivera.pl\/produkt\/mini-kolby-kukurydzy-2950g-puszka\/\",\"url\":\"https:\/\/smakivera.pl\/produkt\/mini-kolby-kukurydzy-2950g-puszka\/\",\"name\":\"Mini kolby kukurydzy 2950g puszka - Produkty - Smaki Vera\",\"isPartOf\":{\"@id\":\"https:\/\/smakivera.pl\/#website\"},\"primaryImageOfPage\":{\"@id\":\"https:\/\/smakivera.pl\/produkt\/mini-kolby-kukurydzy-2950g-puszka\/#primaryimage\"},\"image\":{\"@id\":\"https:\/\/smakivera.pl\/produkt\/mini-kolby-kukurydzy-2950g-puszka\/#primaryimage\"},\"thumbnailUrl\":\"https:\/\/smakivera.pl\/wp-content\/uploads\/2026\/03\/mini-kolby-kukurydzy-2950g.webp\",\"datePublished\":\"2026-03-10T12:15:28+00:00\",\"dateModified\":\"2026-03-10T12:17:20+00:00\",\"description\":\"Wyj\u0105tkowe Mini kolby kukurydzy 2950g puszka od marki Vera. Przygotuj pyszne dania z naszymi produktami. Nowych pomys\u0142\u00f3w szukaj w dziale z Inspiracjami | Smaki Vera\",\"breadcrumb\":{\"@id\":\"https:\/\/smakivera.pl\/produkt\/mini-kolby-kukurydzy-2950g-puszka\/#breadcrumb\"},\"inLanguage\":\"en-GB\",\"potentialAction\":[{\"@type\":\"ReadAction\",\"target\":[\"https:\/\/smakivera.pl\/produkt\/mini-kolby-kukurydzy-2950g-puszka\/\"]}]},{\"@type\":\"ImageObject\",\"inLanguage\":\"en-GB\",\"@id\":\"https:\/\/smakivera.pl\/produkt\/mini-kolby-kukurydzy-2950g-puszka\/#primaryimage\",\"url\":\"https:\/\/smakivera.pl\/wp-content\/uploads\/2026\/03\/mini-kolby-kukurydzy-2950g.webp\",\"contentUrl\":\"https:\/\/smakivera.pl\/wp-content\/uploads\/2026\/03\/mini-kolby-kukurydzy-2950g.webp\",\"width\":1000,\"height\":1000},{\"@type\":\"BreadcrumbList\",\"@id\":\"https:\/\/smakivera.pl\/produkt\/mini-kolby-kukurydzy-2950g-puszka\/#breadcrumb\",\"itemListElement\":[{\"@type\":\"ListItem\",\"position\":1,\"name\":\"Strona g\u0142\u00f3wna\",\"item\":\"https:\/\/smakivera.pl\/\"},{\"@type\":\"ListItem\",\"position\":2,\"name\":\"Produkty\",\"item\":\"https:\/\/smakivera.pl\/shop\/\"},{\"@type\":\"ListItem\",\"position\":3,\"name\":\"Mini kolby kukurydzy 2950g puszka\"}]},{\"@type\":\"WebSite\",\"@id\":\"https:\/\/smakivera.pl\/#website\",\"url\":\"https:\/\/smakivera.pl\/\",\"name\":\"VERA - Ca\u0142y \u015bwiat w Twojej Kuchni\",\"description\":\"Udaj si\u0119 z nami w kulinarn\u0105 podr\u00f3\u017c... do s\u0142onecznej Hiszpanii po pyszne oliwy, do W\u0142och po pachn\u0105ce pomidory, a mo\u017ce do Indii po tropikalne owoce?\",\"publisher\":{\"@id\":\"https:\/\/smakivera.pl\/#organization\"},\"potentialAction\":[{\"@type\":\"SearchAction\",\"target\":{\"@type\":\"EntryPoint\",\"urlTemplate\":\"https:\/\/smakivera.pl\/?s={search_term_string}\"},\"query-input\":{\"@type\":\"PropertyValueSpecification\",\"valueRequired\":true,\"valueName\":\"search_term_string\"}}],\"inLanguage\":\"en-GB\"},{\"@type\":\"Organization\",\"@id\":\"https:\/\/smakivera.pl\/#organization\",\"name\":\"VERA - Zapro\u015b ca\u0142y \u015bwiat do swojej kuchni\",\"url\":\"https:\/\/smakivera.pl\/\",\"logo\":{\"@type\":\"ImageObject\",\"inLanguage\":\"en-GB\",\"@id\":\"https:\/\/smakivera.pl\/#\/schema\/logo\/image\/\",\"url\":\"https:\/\/smakivera.pl\/wp-content\/uploads\/2021\/02\/vera-gastronomia.png\",\"contentUrl\":\"https:\/\/smakivera.pl\/wp-content\/uploads\/2021\/02\/vera-gastronomia.png\",\"width\":200,\"height\":200,\"caption\":\"VERA - Zapro\u015b ca\u0142y \u015bwiat do swojej kuchni\"},\"image\":{\"@id\":\"https:\/\/smakivera.pl\/#\/schema\/logo\/image\/\"},\"sameAs\":[\"https:\/\/www.facebook.com\/smakivera\",\"https:\/\/www.instagram.com\/smakivera\/\",\"https:\/\/pl.pinterest.com\/smakivera\"]}]}<\/script>\n<!-- \/ Yoast SEO plugin. -->","yoast_head_json":{"title":"Mini kolby kukurydzy 2950g puszka - Produkty - Smaki Vera","description":"Wyj\u0105tkowe Mini kolby kukurydzy 2950g puszka od marki Vera. Przygotuj pyszne dania z naszymi produktami. Nowych pomys\u0142\u00f3w szukaj w dziale z Inspiracjami | Smaki Vera","robots":{"index":"index","follow":"follow","max-snippet":"max-snippet:-1","max-image-preview":"max-image-preview:large","max-video-preview":"max-video-preview:-1"},"canonical":"https:\/\/smakivera.pl\/en\/product\/mini-kolby-kukurydzy-2950g-puszka\/","og_locale":"en_GB","og_type":"article","og_title":"Mini kolby kukurydzy 2950g puszka - Produkty - Smaki Vera","og_description":"Wyj\u0105tkowe Mini kolby kukurydzy 2950g puszka od marki Vera. Przygotuj pyszne dania z naszymi produktami. Nowych pomys\u0142\u00f3w szukaj w dziale z Inspiracjami | Smaki Vera","og_url":"https:\/\/smakivera.pl\/en\/product\/mini-kolby-kukurydzy-2950g-puszka\/","og_site_name":"VERA - Ca\u0142y \u015bwiat w Twojej Kuchni","article_publisher":"https:\/\/www.facebook.com\/smakivera","article_modified_time":"2026-03-10T12:17:20+00:00","og_image":[{"width":1000,"height":1000,"url":"https:\/\/smakivera.pl\/wp-content\/uploads\/2026\/03\/mini-kolby-kukurydzy-2950g.webp","type":"image\/webp"}],"twitter_card":"summary_large_image","twitter_misc":{"Estimated reading time":"1 minute"},"schema":{"@context":"https:\/\/schema.org","@graph":[{"@type":"WebPage","@id":"https:\/\/smakivera.pl\/produkt\/mini-kolby-kukurydzy-2950g-puszka\/","url":"https:\/\/smakivera.pl\/produkt\/mini-kolby-kukurydzy-2950g-puszka\/","name":"Mini kolby kukurydzy 2950g puszka - Produkty - Smaki Vera","isPartOf":{"@id":"https:\/\/smakivera.pl\/#website"},"primaryImageOfPage":{"@id":"https:\/\/smakivera.pl\/produkt\/mini-kolby-kukurydzy-2950g-puszka\/#primaryimage"},"image":{"@id":"https:\/\/smakivera.pl\/produkt\/mini-kolby-kukurydzy-2950g-puszka\/#primaryimage"},"thumbnailUrl":"https:\/\/smakivera.pl\/wp-content\/uploads\/2026\/03\/mini-kolby-kukurydzy-2950g.webp","datePublished":"2026-03-10T12:15:28+00:00","dateModified":"2026-03-10T12:17:20+00:00","description":"Wyj\u0105tkowe Mini kolby kukurydzy 2950g puszka od marki Vera. Przygotuj pyszne dania z naszymi produktami. Nowych pomys\u0142\u00f3w szukaj w dziale z Inspiracjami | Smaki Vera","breadcrumb":{"@id":"https:\/\/smakivera.pl\/produkt\/mini-kolby-kukurydzy-2950g-puszka\/#breadcrumb"},"inLanguage":"en-GB","potentialAction":[{"@type":"ReadAction","target":["https:\/\/smakivera.pl\/produkt\/mini-kolby-kukurydzy-2950g-puszka\/"]}]},{"@type":"ImageObject","inLanguage":"en-GB","@id":"https:\/\/smakivera.pl\/produkt\/mini-kolby-kukurydzy-2950g-puszka\/#primaryimage","url":"https:\/\/smakivera.pl\/wp-content\/uploads\/2026\/03\/mini-kolby-kukurydzy-2950g.webp","contentUrl":"https:\/\/smakivera.pl\/wp-content\/uploads\/2026\/03\/mini-kolby-kukurydzy-2950g.webp","width":1000,"height":1000},{"@type":"BreadcrumbList","@id":"https:\/\/smakivera.pl\/produkt\/mini-kolby-kukurydzy-2950g-puszka\/#breadcrumb","itemListElement":[{"@type":"ListItem","position":1,"name":"Strona g\u0142\u00f3wna","item":"https:\/\/smakivera.pl\/"},{"@type":"ListItem","position":2,"name":"Produkty","item":"https:\/\/smakivera.pl\/shop\/"},{"@type":"ListItem","position":3,"name":"Mini kolby kukurydzy 2950g puszka"}]},{"@type":"WebSite","@id":"https:\/\/smakivera.pl\/#website","url":"https:\/\/smakivera.pl\/","name":"VERA - A whole world in your kitchen","description":"Come with us on a culinary journey... to sunny Spain for delicious oils, to Italy for fragrant tomatoes, or perhaps to India for tropical fruits?","publisher":{"@id":"https:\/\/smakivera.pl\/#organization"},"potentialAction":[{"@type":"SearchAction","target":{"@type":"EntryPoint","urlTemplate":"https:\/\/smakivera.pl\/?s={search_term_string}"},"query-input":{"@type":"PropertyValueSpecification","valueRequired":true,"valueName":"search_term_string"}}],"inLanguage":"en-GB"},{"@type":"Organization","@id":"https:\/\/smakivera.pl\/#organization","name":"VERA - Invite the whole world into your kitchen","url":"https:\/\/smakivera.pl\/","logo":{"@type":"ImageObject","inLanguage":"en-GB","@id":"https:\/\/smakivera.pl\/#\/schema\/logo\/image\/","url":"https:\/\/smakivera.pl\/wp-content\/uploads\/2021\/02\/vera-gastronomia.png","contentUrl":"https:\/\/smakivera.pl\/wp-content\/uploads\/2021\/02\/vera-gastronomia.png","width":200,"height":200,"caption":"VERA - Zapro\u015b ca\u0142y \u015bwiat do swojej kuchni"},"image":{"@id":"https:\/\/smakivera.pl\/#\/schema\/logo\/image\/"},"sameAs":["https:\/\/www.facebook.com\/smakivera","https:\/\/www.instagram.com\/smakivera\/","https:\/\/pl.pinterest.com\/smakivera"]}]}},"_links":{"self":[{"href":"https:\/\/smakivera.pl\/en\/wp-json\/wp\/v2\/product\/10738","targetHints":{"allow":["GET"]}}],"collection":[{"href":"https:\/\/smakivera.pl\/en\/wp-json\/wp\/v2\/product"}],"about":[{"href":"https:\/\/smakivera.pl\/en\/wp-json\/wp\/v2\/types\/product"}],"wp:featuredmedia":[{"embeddable":true,"href":"https:\/\/smakivera.pl\/en\/wp-json\/wp\/v2\/media\/10742"}],"wp:attachment":[{"href":"https:\/\/smakivera.pl\/en\/wp-json\/wp\/v2\/media?parent=10738"}],"wp:term":[{"taxonomy":"product_brand","embeddable":true,"href":"https:\/\/smakivera.pl\/en\/wp-json\/wp\/v2\/product_brand?post=10738"},{"taxonomy":"product_cat","embeddable":true,"href":"https:\/\/smakivera.pl\/en\/wp-json\/wp\/v2\/product_cat?post=10738"},{"taxonomy":"product_tag","embeddable":true,"href":"https:\/\/smakivera.pl\/en\/wp-json\/wp\/v2\/product_tag?post=10738"}],"curies":[{"name":"wp","href":"https:\/\/api.w.org\/{rel}","templated":true}]}}