{"id":5976,"date":"2022-03-29T18:37:48","date_gmt":"2022-03-29T16:37:48","guid":{"rendered":"https:\/\/smakivera.pl\/product\/ananas-w-plastrach-w-syropie\/"},"modified":"2023-09-12T16:21:36","modified_gmt":"2023-09-12T14:21:36","slug":"sliced-pineapple-in-syrup","status":"publish","type":"product","link":"https:\/\/smakivera.pl\/en\/product\/sliced-pineapple-in-syrup\/","title":{"rendered":"Pineapple slices in syrup"},"content":{"rendered":"<p>Sliced pineapple in syrup is an ideal addition to desserts and salads . This exotic fruit complements everyday dishes and larger occasions with its sweet taste. A delicious accompaniment to both savoury and sweet dishes, it is an excellent choice at any time of year. It originates from exotic Thailand, from where we have been importing it continuously for over 20 years.<\/p>","protected":false},"excerpt":{"rendered":"<p>Ananas w plastrach w syropie to idealny dodatek do deser\u00f3w i sa\u0142atek . Ten egzotyczny owoc dope\u0142ni swoim s\u0142odkim smakiem potrawy przyrz\u0105dzane na co dzie\u0144 i na wi\u0119ksze okazje. Wy\u015bmienity dodatek do da\u0144 wytrawnych i na s\u0142odko &#8211; jest doskona\u0142\u0105 propozycj\u0105 o ka\u017cdej porze roku. Pochodzi z egzotycznej Tajlandii, sk\u0105d sprowadzamy go bezustannie od ponad [&hellip;]<\/p>","protected":false},"featured_media":5430,"template":"","meta":[],"product_brand":[],"product_cat":[148],"product_tag":[152,151],"class_list":{"0":"post-5976","1":"product","2":"type-product","3":"status-publish","4":"has-post-thumbnail","6":"product_cat-przetwory-owocowe","7":"product_tag-azjatycka","8":"product_tag-polska","10":"first","11":"instock","12":"shipping-taxable","13":"product-type-simple"},"yoast_head":"<!-- This site is optimized with the Yoast SEO plugin v26.5 - https:\/\/yoast.com\/wordpress\/plugins\/seo\/ -->\n<title>Ananas w plastrach w syropie - Produkty - Smaki Vera<\/title>\n<meta name=\"description\" content=\"Wyj\u0105tkowe Ananas w plastrach w syropie od marki Vera. Przygotuj pyszne dania z naszymi produktami. Nowych pomys\u0142\u00f3w szukaj w dziale z Inspiracjami | Smaki Vera\" \/>\n<meta name=\"robots\" content=\"index, follow, max-snippet:-1, max-image-preview:large, max-video-preview:-1\" \/>\n<link rel=\"canonical\" href=\"https:\/\/smakivera.pl\/en\/product\/sliced-pineapple-in-syrup\/\" \/>\n<meta property=\"og:locale\" content=\"en_GB\" \/>\n<meta property=\"og:type\" content=\"article\" \/>\n<meta property=\"og:title\" content=\"Ananas w plastrach w syropie - Produkty - Smaki Vera\" \/>\n<meta property=\"og:description\" content=\"Wyj\u0105tkowe Ananas w plastrach w syropie od marki Vera. Przygotuj pyszne dania z naszymi produktami. Nowych pomys\u0142\u00f3w szukaj w dziale z Inspiracjami | Smaki Vera\" \/>\n<meta property=\"og:url\" content=\"https:\/\/smakivera.pl\/en\/product\/sliced-pineapple-in-syrup\/\" \/>\n<meta property=\"og:site_name\" content=\"VERA - Ca\u0142y \u015bwiat w Twojej Kuchni\" \/>\n<meta property=\"article:publisher\" content=\"https:\/\/www.facebook.com\/smakivera\" \/>\n<meta property=\"article:modified_time\" content=\"2023-09-12T14:21:36+00:00\" \/>\n<meta property=\"og:image\" content=\"https:\/\/smakivera.pl\/wp-content\/uploads\/2022\/03\/ananas-plastry-syrop-565-CIEN-www.png\" \/>\n\t<meta property=\"og:image:width\" content=\"800\" \/>\n\t<meta property=\"og:image:height\" content=\"800\" \/>\n\t<meta property=\"og:image:type\" content=\"image\/png\" \/>\n<meta name=\"twitter:card\" content=\"summary_large_image\" \/>\n<meta name=\"twitter:label1\" content=\"Estimated reading time\" \/>\n\t<meta name=\"twitter:data1\" content=\"1 minute\" \/>\n<script type=\"application\/ld+json\" class=\"yoast-schema-graph\">{\"@context\":\"https:\/\/schema.org\",\"@graph\":[{\"@type\":\"WebPage\",\"@id\":\"https:\/\/smakivera.pl\/produkt\/ananas-w-plastrach-w-syropie\/\",\"url\":\"https:\/\/smakivera.pl\/produkt\/ananas-w-plastrach-w-syropie\/\",\"name\":\"Ananas w plastrach w syropie - Produkty - Smaki Vera\",\"isPartOf\":{\"@id\":\"https:\/\/smakivera.pl\/#website\"},\"primaryImageOfPage\":{\"@id\":\"https:\/\/smakivera.pl\/produkt\/ananas-w-plastrach-w-syropie\/#primaryimage\"},\"image\":{\"@id\":\"https:\/\/smakivera.pl\/produkt\/ananas-w-plastrach-w-syropie\/#primaryimage\"},\"thumbnailUrl\":\"https:\/\/smakivera.pl\/wp-content\/uploads\/2022\/03\/ananas-plastry-syrop-565-CIEN-www.png\",\"datePublished\":\"2022-03-29T16:37:48+00:00\",\"dateModified\":\"2023-09-12T14:21:36+00:00\",\"description\":\"Wyj\u0105tkowe Ananas w plastrach w syropie od marki Vera. Przygotuj pyszne dania z naszymi produktami. Nowych pomys\u0142\u00f3w szukaj w dziale z Inspiracjami | Smaki Vera\",\"breadcrumb\":{\"@id\":\"https:\/\/smakivera.pl\/produkt\/ananas-w-plastrach-w-syropie\/#breadcrumb\"},\"inLanguage\":\"en-GB\",\"potentialAction\":[{\"@type\":\"ReadAction\",\"target\":[\"https:\/\/smakivera.pl\/produkt\/ananas-w-plastrach-w-syropie\/\"]}]},{\"@type\":\"ImageObject\",\"inLanguage\":\"en-GB\",\"@id\":\"https:\/\/smakivera.pl\/produkt\/ananas-w-plastrach-w-syropie\/#primaryimage\",\"url\":\"https:\/\/smakivera.pl\/wp-content\/uploads\/2022\/03\/ananas-plastry-syrop-565-CIEN-www.png\",\"contentUrl\":\"https:\/\/smakivera.pl\/wp-content\/uploads\/2022\/03\/ananas-plastry-syrop-565-CIEN-www.png\",\"width\":800,\"height\":800,\"caption\":\"VERA ananasy w plastrach w syropie 565g\"},{\"@type\":\"BreadcrumbList\",\"@id\":\"https:\/\/smakivera.pl\/produkt\/ananas-w-plastrach-w-syropie\/#breadcrumb\",\"itemListElement\":[{\"@type\":\"ListItem\",\"position\":1,\"name\":\"Strona g\u0142\u00f3wna\",\"item\":\"https:\/\/smakivera.pl\/\"},{\"@type\":\"ListItem\",\"position\":2,\"name\":\"Produkty\",\"item\":\"https:\/\/smakivera.pl\/shop\/\"},{\"@type\":\"ListItem\",\"position\":3,\"name\":\"Ananas w plastrach w syropie\"}]},{\"@type\":\"WebSite\",\"@id\":\"https:\/\/smakivera.pl\/#website\",\"url\":\"https:\/\/smakivera.pl\/\",\"name\":\"VERA - Ca\u0142y \u015bwiat w Twojej Kuchni\",\"description\":\"Udaj si\u0119 z nami w kulinarn\u0105 podr\u00f3\u017c... do s\u0142onecznej Hiszpanii po pyszne oliwy, do W\u0142och po pachn\u0105ce pomidory, a mo\u017ce do Indii po tropikalne owoce?\",\"publisher\":{\"@id\":\"https:\/\/smakivera.pl\/#organization\"},\"potentialAction\":[{\"@type\":\"SearchAction\",\"target\":{\"@type\":\"EntryPoint\",\"urlTemplate\":\"https:\/\/smakivera.pl\/?s={search_term_string}\"},\"query-input\":{\"@type\":\"PropertyValueSpecification\",\"valueRequired\":true,\"valueName\":\"search_term_string\"}}],\"inLanguage\":\"en-GB\"},{\"@type\":\"Organization\",\"@id\":\"https:\/\/smakivera.pl\/#organization\",\"name\":\"VERA - Zapro\u015b ca\u0142y \u015bwiat do swojej kuchni\",\"url\":\"https:\/\/smakivera.pl\/\",\"logo\":{\"@type\":\"ImageObject\",\"inLanguage\":\"en-GB\",\"@id\":\"https:\/\/smakivera.pl\/#\/schema\/logo\/image\/\",\"url\":\"https:\/\/smakivera.pl\/wp-content\/uploads\/2021\/02\/vera-gastronomia.png\",\"contentUrl\":\"https:\/\/smakivera.pl\/wp-content\/uploads\/2021\/02\/vera-gastronomia.png\",\"width\":200,\"height\":200,\"caption\":\"VERA - Zapro\u015b ca\u0142y \u015bwiat do swojej kuchni\"},\"image\":{\"@id\":\"https:\/\/smakivera.pl\/#\/schema\/logo\/image\/\"},\"sameAs\":[\"https:\/\/www.facebook.com\/smakivera\",\"https:\/\/www.instagram.com\/smakivera\/\",\"https:\/\/pl.pinterest.com\/smakivera\"]}]}<\/script>\n<!-- \/ Yoast SEO plugin. -->","yoast_head_json":{"title":"Sliced pineapple in syrup - Products - Flavours of Vera","description":"Exceptional Sliced Pineapple in syrup from the Vera brand. Prepare delicious dishes with our products. Look for new ideas in the Inspirations section | Flavours by Vera","robots":{"index":"index","follow":"follow","max-snippet":"max-snippet:-1","max-image-preview":"max-image-preview:large","max-video-preview":"max-video-preview:-1"},"canonical":"https:\/\/smakivera.pl\/en\/product\/sliced-pineapple-in-syrup\/","og_locale":"en_GB","og_type":"article","og_title":"Ananas w plastrach w syropie - Produkty - Smaki Vera","og_description":"Wyj\u0105tkowe Ananas w plastrach w syropie od marki Vera. Przygotuj pyszne dania z naszymi produktami. Nowych pomys\u0142\u00f3w szukaj w dziale z Inspiracjami | Smaki Vera","og_url":"https:\/\/smakivera.pl\/en\/product\/sliced-pineapple-in-syrup\/","og_site_name":"VERA - Ca\u0142y \u015bwiat w Twojej Kuchni","article_publisher":"https:\/\/www.facebook.com\/smakivera","article_modified_time":"2023-09-12T14:21:36+00:00","og_image":[{"width":800,"height":800,"url":"https:\/\/smakivera.pl\/wp-content\/uploads\/2022\/03\/ananas-plastry-syrop-565-CIEN-www.png","type":"image\/png"}],"twitter_card":"summary_large_image","twitter_misc":{"Estimated reading time":"1 minute"},"schema":{"@context":"https:\/\/schema.org","@graph":[{"@type":"WebPage","@id":"https:\/\/smakivera.pl\/produkt\/ananas-w-plastrach-w-syropie\/","url":"https:\/\/smakivera.pl\/produkt\/ananas-w-plastrach-w-syropie\/","name":"Sliced pineapple in syrup - Products - Flavours of Vera","isPartOf":{"@id":"https:\/\/smakivera.pl\/#website"},"primaryImageOfPage":{"@id":"https:\/\/smakivera.pl\/produkt\/ananas-w-plastrach-w-syropie\/#primaryimage"},"image":{"@id":"https:\/\/smakivera.pl\/produkt\/ananas-w-plastrach-w-syropie\/#primaryimage"},"thumbnailUrl":"https:\/\/smakivera.pl\/wp-content\/uploads\/2022\/03\/ananas-plastry-syrop-565-CIEN-www.png","datePublished":"2022-03-29T16:37:48+00:00","dateModified":"2023-09-12T14:21:36+00:00","description":"Exceptional Sliced Pineapple in syrup from the Vera brand. Prepare delicious dishes with our products. Look for new ideas in the Inspirations section | Flavours by Vera","breadcrumb":{"@id":"https:\/\/smakivera.pl\/produkt\/ananas-w-plastrach-w-syropie\/#breadcrumb"},"inLanguage":"en-GB","potentialAction":[{"@type":"ReadAction","target":["https:\/\/smakivera.pl\/produkt\/ananas-w-plastrach-w-syropie\/"]}]},{"@type":"ImageObject","inLanguage":"en-GB","@id":"https:\/\/smakivera.pl\/produkt\/ananas-w-plastrach-w-syropie\/#primaryimage","url":"https:\/\/smakivera.pl\/wp-content\/uploads\/2022\/03\/ananas-plastry-syrop-565-CIEN-www.png","contentUrl":"https:\/\/smakivera.pl\/wp-content\/uploads\/2022\/03\/ananas-plastry-syrop-565-CIEN-www.png","width":800,"height":800,"caption":"VERA ananasy w plastrach w syropie 565g"},{"@type":"BreadcrumbList","@id":"https:\/\/smakivera.pl\/produkt\/ananas-w-plastrach-w-syropie\/#breadcrumb","itemListElement":[{"@type":"ListItem","position":1,"name":"Strona g\u0142\u00f3wna","item":"https:\/\/smakivera.pl\/"},{"@type":"ListItem","position":2,"name":"Produkty","item":"https:\/\/smakivera.pl\/shop\/"},{"@type":"ListItem","position":3,"name":"Ananas w plastrach w syropie"}]},{"@type":"WebSite","@id":"https:\/\/smakivera.pl\/#website","url":"https:\/\/smakivera.pl\/","name":"VERA - A whole world in your kitchen","description":"Come with us on a culinary journey... to sunny Spain for delicious oils, to Italy for fragrant tomatoes, or perhaps to India for tropical fruits?","publisher":{"@id":"https:\/\/smakivera.pl\/#organization"},"potentialAction":[{"@type":"SearchAction","target":{"@type":"EntryPoint","urlTemplate":"https:\/\/smakivera.pl\/?s={search_term_string}"},"query-input":{"@type":"PropertyValueSpecification","valueRequired":true,"valueName":"search_term_string"}}],"inLanguage":"en-GB"},{"@type":"Organization","@id":"https:\/\/smakivera.pl\/#organization","name":"VERA - Invite the whole world into your kitchen","url":"https:\/\/smakivera.pl\/","logo":{"@type":"ImageObject","inLanguage":"en-GB","@id":"https:\/\/smakivera.pl\/#\/schema\/logo\/image\/","url":"https:\/\/smakivera.pl\/wp-content\/uploads\/2021\/02\/vera-gastronomia.png","contentUrl":"https:\/\/smakivera.pl\/wp-content\/uploads\/2021\/02\/vera-gastronomia.png","width":200,"height":200,"caption":"VERA - Zapro\u015b ca\u0142y \u015bwiat do swojej kuchni"},"image":{"@id":"https:\/\/smakivera.pl\/#\/schema\/logo\/image\/"},"sameAs":["https:\/\/www.facebook.com\/smakivera","https:\/\/www.instagram.com\/smakivera\/","https:\/\/pl.pinterest.com\/smakivera"]}]}},"_links":{"self":[{"href":"https:\/\/smakivera.pl\/en\/wp-json\/wp\/v2\/product\/5976","targetHints":{"allow":["GET"]}}],"collection":[{"href":"https:\/\/smakivera.pl\/en\/wp-json\/wp\/v2\/product"}],"about":[{"href":"https:\/\/smakivera.pl\/en\/wp-json\/wp\/v2\/types\/product"}],"wp:featuredmedia":[{"embeddable":true,"href":"https:\/\/smakivera.pl\/en\/wp-json\/wp\/v2\/media\/5430"}],"wp:attachment":[{"href":"https:\/\/smakivera.pl\/en\/wp-json\/wp\/v2\/media?parent=5976"}],"wp:term":[{"taxonomy":"product_brand","embeddable":true,"href":"https:\/\/smakivera.pl\/en\/wp-json\/wp\/v2\/product_brand?post=5976"},{"taxonomy":"product_cat","embeddable":true,"href":"https:\/\/smakivera.pl\/en\/wp-json\/wp\/v2\/product_cat?post=5976"},{"taxonomy":"product_tag","embeddable":true,"href":"https:\/\/smakivera.pl\/en\/wp-json\/wp\/v2\/product_tag?post=5976"}],"curies":[{"name":"wp","href":"https:\/\/api.w.org\/{rel}","templated":true}]}}