{"id":5982,"date":"2022-03-29T18:37:49","date_gmt":"2022-03-29T16:37:49","guid":{"rendered":"https:\/\/smakivera.pl\/product\/czeresnie-drylowane-w-syropie\/"},"modified":"2022-03-29T18:37:49","modified_gmt":"2022-03-29T16:37:49","slug":"stoned-cherries-in-syrup-2","status":"publish","type":"product","link":"https:\/\/smakivera.pl\/en\/product\/stoned-cherries-in-syrup-2\/","title":{"rendered":"Stoned cherries in syrup"},"content":{"rendered":"<p>Excellent stoned cherries come in syrup that adds delicate sweetness to\nthem. They are a perfect ingredient of any ice cream or fruit dessert, as well\nas of hot, light tarts or creamy gateaux. Their beautiful cherry color will\ndecorate any dessert. They are delicious in cocktails and smoothies. The syrup diluted\nwith water will make a perfect refreshing drink on hot summer days. The product\nis available in a jar.<\/p>","protected":false},"excerpt":{"rendered":"<p>Excellent stoned cherries, in a syrup that adds a delicate sweetness. Great as an accompaniment to any ice cream or fruit dessert, and warm for light tarts or mash cakes. In a beautiful cherry colour they will decorate any dessert. Delicious in cocktails and smoothies. Also use the syrup made from the fruit - when diluted with water, it is perfectly refreshing during the hot summer. [...]<\/p>","protected":false},"featured_media":5454,"template":"","meta":[],"product_brand":[],"product_cat":[148],"product_tag":[186,185,151,178],"class_list":{"0":"post-5982","1":"product","2":"type-product","3":"status-publish","4":"has-post-thumbnail","6":"product_cat-przetwory-owocowe","7":"product_tag-hiszpanska","8":"product_tag-meksykanska","9":"product_tag-polska","10":"product_tag-wloska","12":"first","13":"instock","14":"shipping-taxable","15":"product-type-simple"},"yoast_head":"<!-- This site is optimized with the Yoast SEO plugin v26.5 - https:\/\/yoast.com\/wordpress\/plugins\/seo\/ -->\n<title>Czere\u015bnie drylowane w syropie - Produkty - Smaki Vera<\/title>\n<meta name=\"description\" content=\"Wyj\u0105tkowe Czere\u015bnie drylowane w syropie od marki Vera. Przygotuj pyszne dania z naszymi produktami. Nowych pomys\u0142\u00f3w szukaj w dziale z Inspiracjami | Smaki Vera\" \/>\n<meta name=\"robots\" content=\"index, follow, max-snippet:-1, max-image-preview:large, max-video-preview:-1\" \/>\n<link rel=\"canonical\" href=\"https:\/\/smakivera.pl\/en\/product\/stoned-cherries-in-syrup-2\/\" \/>\n<meta property=\"og:locale\" content=\"en_GB\" \/>\n<meta property=\"og:type\" content=\"article\" \/>\n<meta property=\"og:title\" content=\"Czere\u015bnie drylowane w syropie - Produkty - Smaki Vera\" \/>\n<meta property=\"og:description\" content=\"Wyj\u0105tkowe Czere\u015bnie drylowane w syropie od marki Vera. Przygotuj pyszne dania z naszymi produktami. Nowych pomys\u0142\u00f3w szukaj w dziale z Inspiracjami | Smaki Vera\" \/>\n<meta property=\"og:url\" content=\"https:\/\/smakivera.pl\/en\/product\/stoned-cherries-in-syrup-2\/\" \/>\n<meta property=\"og:site_name\" content=\"VERA - Ca\u0142y \u015bwiat w Twojej Kuchni\" \/>\n<meta property=\"article:publisher\" content=\"https:\/\/www.facebook.com\/smakivera\" \/>\n<meta property=\"og:image\" content=\"https:\/\/smakivera.pl\/wp-content\/uploads\/2022\/03\/czeresnie-lekki-syrop-560-CIEN-www.png\" \/>\n\t<meta property=\"og:image:width\" content=\"800\" \/>\n\t<meta property=\"og:image:height\" content=\"800\" \/>\n\t<meta property=\"og:image:type\" content=\"image\/png\" \/>\n<meta name=\"twitter:card\" content=\"summary_large_image\" \/>\n<script type=\"application\/ld+json\" class=\"yoast-schema-graph\">{\"@context\":\"https:\/\/schema.org\",\"@graph\":[{\"@type\":\"WebPage\",\"@id\":\"https:\/\/smakivera.pl\/produkt\/czeresnie-drylowane-w-syropie\/\",\"url\":\"https:\/\/smakivera.pl\/produkt\/czeresnie-drylowane-w-syropie\/\",\"name\":\"Czere\u015bnie drylowane w syropie - Produkty - Smaki Vera\",\"isPartOf\":{\"@id\":\"https:\/\/smakivera.pl\/#website\"},\"primaryImageOfPage\":{\"@id\":\"https:\/\/smakivera.pl\/produkt\/czeresnie-drylowane-w-syropie\/#primaryimage\"},\"image\":{\"@id\":\"https:\/\/smakivera.pl\/produkt\/czeresnie-drylowane-w-syropie\/#primaryimage\"},\"thumbnailUrl\":\"https:\/\/smakivera.pl\/wp-content\/uploads\/2022\/03\/czeresnie-lekki-syrop-560-CIEN-www.png\",\"datePublished\":\"2022-03-29T16:37:49+00:00\",\"description\":\"Wyj\u0105tkowe Czere\u015bnie drylowane w syropie od marki Vera. Przygotuj pyszne dania z naszymi produktami. Nowych pomys\u0142\u00f3w szukaj w dziale z Inspiracjami | Smaki Vera\",\"breadcrumb\":{\"@id\":\"https:\/\/smakivera.pl\/produkt\/czeresnie-drylowane-w-syropie\/#breadcrumb\"},\"inLanguage\":\"en-GB\",\"potentialAction\":[{\"@type\":\"ReadAction\",\"target\":[\"https:\/\/smakivera.pl\/produkt\/czeresnie-drylowane-w-syropie\/\"]}]},{\"@type\":\"ImageObject\",\"inLanguage\":\"en-GB\",\"@id\":\"https:\/\/smakivera.pl\/produkt\/czeresnie-drylowane-w-syropie\/#primaryimage\",\"url\":\"https:\/\/smakivera.pl\/wp-content\/uploads\/2022\/03\/czeresnie-lekki-syrop-560-CIEN-www.png\",\"contentUrl\":\"https:\/\/smakivera.pl\/wp-content\/uploads\/2022\/03\/czeresnie-lekki-syrop-560-CIEN-www.png\",\"width\":800,\"height\":800,\"caption\":\"VERA czere\u015bnie w lekkim syropie\"},{\"@type\":\"BreadcrumbList\",\"@id\":\"https:\/\/smakivera.pl\/produkt\/czeresnie-drylowane-w-syropie\/#breadcrumb\",\"itemListElement\":[{\"@type\":\"ListItem\",\"position\":1,\"name\":\"Strona g\u0142\u00f3wna\",\"item\":\"https:\/\/smakivera.pl\/\"},{\"@type\":\"ListItem\",\"position\":2,\"name\":\"Produkty\",\"item\":\"https:\/\/smakivera.pl\/shop\/\"},{\"@type\":\"ListItem\",\"position\":3,\"name\":\"Czere\u015bnie drylowane w syropie\"}]},{\"@type\":\"WebSite\",\"@id\":\"https:\/\/smakivera.pl\/#website\",\"url\":\"https:\/\/smakivera.pl\/\",\"name\":\"VERA - Ca\u0142y \u015bwiat w Twojej Kuchni\",\"description\":\"Udaj si\u0119 z nami w kulinarn\u0105 podr\u00f3\u017c... do s\u0142onecznej Hiszpanii po pyszne oliwy, do W\u0142och po pachn\u0105ce pomidory, a mo\u017ce do Indii po tropikalne owoce?\",\"publisher\":{\"@id\":\"https:\/\/smakivera.pl\/#organization\"},\"potentialAction\":[{\"@type\":\"SearchAction\",\"target\":{\"@type\":\"EntryPoint\",\"urlTemplate\":\"https:\/\/smakivera.pl\/?s={search_term_string}\"},\"query-input\":{\"@type\":\"PropertyValueSpecification\",\"valueRequired\":true,\"valueName\":\"search_term_string\"}}],\"inLanguage\":\"en-GB\"},{\"@type\":\"Organization\",\"@id\":\"https:\/\/smakivera.pl\/#organization\",\"name\":\"VERA - Zapro\u015b ca\u0142y \u015bwiat do swojej kuchni\",\"url\":\"https:\/\/smakivera.pl\/\",\"logo\":{\"@type\":\"ImageObject\",\"inLanguage\":\"en-GB\",\"@id\":\"https:\/\/smakivera.pl\/#\/schema\/logo\/image\/\",\"url\":\"https:\/\/smakivera.pl\/wp-content\/uploads\/2021\/02\/vera-gastronomia.png\",\"contentUrl\":\"https:\/\/smakivera.pl\/wp-content\/uploads\/2021\/02\/vera-gastronomia.png\",\"width\":200,\"height\":200,\"caption\":\"VERA - Zapro\u015b ca\u0142y \u015bwiat do swojej kuchni\"},\"image\":{\"@id\":\"https:\/\/smakivera.pl\/#\/schema\/logo\/image\/\"},\"sameAs\":[\"https:\/\/www.facebook.com\/smakivera\",\"https:\/\/www.instagram.com\/smakivera\/\",\"https:\/\/pl.pinterest.com\/smakivera\"]}]}<\/script>\n<!-- \/ Yoast SEO plugin. -->","yoast_head_json":{"title":"Dried cherries in syrup - Products - Flavours of Vera","description":"Exceptional Dried Cherries in syrup from the Vera brand. Prepare delicious dishes with our products. For new ideas, see Inspirations | Flavours by Vera.","robots":{"index":"index","follow":"follow","max-snippet":"max-snippet:-1","max-image-preview":"max-image-preview:large","max-video-preview":"max-video-preview:-1"},"canonical":"https:\/\/smakivera.pl\/en\/product\/stoned-cherries-in-syrup-2\/","og_locale":"en_GB","og_type":"article","og_title":"Czere\u015bnie drylowane w syropie - Produkty - Smaki Vera","og_description":"Wyj\u0105tkowe Czere\u015bnie drylowane w syropie od marki Vera. Przygotuj pyszne dania z naszymi produktami. Nowych pomys\u0142\u00f3w szukaj w dziale z Inspiracjami | Smaki Vera","og_url":"https:\/\/smakivera.pl\/en\/product\/stoned-cherries-in-syrup-2\/","og_site_name":"VERA - Ca\u0142y \u015bwiat w Twojej Kuchni","article_publisher":"https:\/\/www.facebook.com\/smakivera","og_image":[{"width":800,"height":800,"url":"https:\/\/smakivera.pl\/wp-content\/uploads\/2022\/03\/czeresnie-lekki-syrop-560-CIEN-www.png","type":"image\/png"}],"twitter_card":"summary_large_image","schema":{"@context":"https:\/\/schema.org","@graph":[{"@type":"WebPage","@id":"https:\/\/smakivera.pl\/produkt\/czeresnie-drylowane-w-syropie\/","url":"https:\/\/smakivera.pl\/produkt\/czeresnie-drylowane-w-syropie\/","name":"Dried cherries in syrup - Products - Flavours of Vera","isPartOf":{"@id":"https:\/\/smakivera.pl\/#website"},"primaryImageOfPage":{"@id":"https:\/\/smakivera.pl\/produkt\/czeresnie-drylowane-w-syropie\/#primaryimage"},"image":{"@id":"https:\/\/smakivera.pl\/produkt\/czeresnie-drylowane-w-syropie\/#primaryimage"},"thumbnailUrl":"https:\/\/smakivera.pl\/wp-content\/uploads\/2022\/03\/czeresnie-lekki-syrop-560-CIEN-www.png","datePublished":"2022-03-29T16:37:49+00:00","description":"Exceptional Dried Cherries in syrup from the Vera brand. Prepare delicious dishes with our products. For new ideas, see Inspirations | Flavours by Vera.","breadcrumb":{"@id":"https:\/\/smakivera.pl\/produkt\/czeresnie-drylowane-w-syropie\/#breadcrumb"},"inLanguage":"en-GB","potentialAction":[{"@type":"ReadAction","target":["https:\/\/smakivera.pl\/produkt\/czeresnie-drylowane-w-syropie\/"]}]},{"@type":"ImageObject","inLanguage":"en-GB","@id":"https:\/\/smakivera.pl\/produkt\/czeresnie-drylowane-w-syropie\/#primaryimage","url":"https:\/\/smakivera.pl\/wp-content\/uploads\/2022\/03\/czeresnie-lekki-syrop-560-CIEN-www.png","contentUrl":"https:\/\/smakivera.pl\/wp-content\/uploads\/2022\/03\/czeresnie-lekki-syrop-560-CIEN-www.png","width":800,"height":800,"caption":"VERA czere\u015bnie w lekkim syropie"},{"@type":"BreadcrumbList","@id":"https:\/\/smakivera.pl\/produkt\/czeresnie-drylowane-w-syropie\/#breadcrumb","itemListElement":[{"@type":"ListItem","position":1,"name":"Strona g\u0142\u00f3wna","item":"https:\/\/smakivera.pl\/"},{"@type":"ListItem","position":2,"name":"Produkty","item":"https:\/\/smakivera.pl\/shop\/"},{"@type":"ListItem","position":3,"name":"Czere\u015bnie drylowane w syropie"}]},{"@type":"WebSite","@id":"https:\/\/smakivera.pl\/#website","url":"https:\/\/smakivera.pl\/","name":"VERA - A whole world in your kitchen","description":"Come with us on a culinary journey... to sunny Spain for delicious oils, to Italy for fragrant tomatoes, or perhaps to India for tropical fruits?","publisher":{"@id":"https:\/\/smakivera.pl\/#organization"},"potentialAction":[{"@type":"SearchAction","target":{"@type":"EntryPoint","urlTemplate":"https:\/\/smakivera.pl\/?s={search_term_string}"},"query-input":{"@type":"PropertyValueSpecification","valueRequired":true,"valueName":"search_term_string"}}],"inLanguage":"en-GB"},{"@type":"Organization","@id":"https:\/\/smakivera.pl\/#organization","name":"VERA - Invite the whole world into your kitchen","url":"https:\/\/smakivera.pl\/","logo":{"@type":"ImageObject","inLanguage":"en-GB","@id":"https:\/\/smakivera.pl\/#\/schema\/logo\/image\/","url":"https:\/\/smakivera.pl\/wp-content\/uploads\/2021\/02\/vera-gastronomia.png","contentUrl":"https:\/\/smakivera.pl\/wp-content\/uploads\/2021\/02\/vera-gastronomia.png","width":200,"height":200,"caption":"VERA - Zapro\u015b ca\u0142y \u015bwiat do swojej kuchni"},"image":{"@id":"https:\/\/smakivera.pl\/#\/schema\/logo\/image\/"},"sameAs":["https:\/\/www.facebook.com\/smakivera","https:\/\/www.instagram.com\/smakivera\/","https:\/\/pl.pinterest.com\/smakivera"]}]}},"_links":{"self":[{"href":"https:\/\/smakivera.pl\/en\/wp-json\/wp\/v2\/product\/5982","targetHints":{"allow":["GET"]}}],"collection":[{"href":"https:\/\/smakivera.pl\/en\/wp-json\/wp\/v2\/product"}],"about":[{"href":"https:\/\/smakivera.pl\/en\/wp-json\/wp\/v2\/types\/product"}],"wp:featuredmedia":[{"embeddable":true,"href":"https:\/\/smakivera.pl\/en\/wp-json\/wp\/v2\/media\/5454"}],"wp:attachment":[{"href":"https:\/\/smakivera.pl\/en\/wp-json\/wp\/v2\/media?parent=5982"}],"wp:term":[{"taxonomy":"product_brand","embeddable":true,"href":"https:\/\/smakivera.pl\/en\/wp-json\/wp\/v2\/product_brand?post=5982"},{"taxonomy":"product_cat","embeddable":true,"href":"https:\/\/smakivera.pl\/en\/wp-json\/wp\/v2\/product_cat?post=5982"},{"taxonomy":"product_tag","embeddable":true,"href":"https:\/\/smakivera.pl\/en\/wp-json\/wp\/v2\/product_tag?post=5982"}],"curies":[{"name":"wp","href":"https:\/\/api.w.org\/{rel}","templated":true}]}}