{"id":6005,"date":"2022-03-29T18:37:56","date_gmt":"2022-03-29T16:37:56","guid":{"rendered":"https:\/\/smakivera.pl\/product\/oliwa-z-oliwek-extra-virgin-o-smaku-bialej-trufli\/"},"modified":"2022-03-30T12:22:19","modified_gmt":"2022-03-30T10:22:19","slug":"extra-virgin-olive-oil-with-white-truffle-flavour","status":"publish","type":"product","link":"https:\/\/smakivera.pl\/en\/product\/extra-virgin-olive-oil-with-white-truffle-flavour\/","title":{"rendered":"White truffle flavored extra virgin olive oil"},"content":{"rendered":"<p>White truffle flavored extra virgin olive oil is a unique product,\ngiving extraordinary culinary qualities to any dish. The white truffle is considered\nto be the tastiest and the most valuable mushroom. Its strong flavor gives the\noil a specific aftertaste and intense fragrance. The olive oil itself is\nextracted by mechanical methods only, so it retains the highest quality. Great\nfor pastas, risottos, ravioli or omelets, it also goes perfectly well with meat\nsnacks, such as carpaccio or tartar. The product comes from Spain, and it is available\nin a glass bottle.<\/p>","protected":false},"excerpt":{"rendered":"<p>Extra virgin olive oil, with the aroma of white truffle, is a unique product, giving any dish extraordinary culinary qualities. The white truffle, considered the tastiest and most valuable of mushrooms. Its strong aroma gives the oil a specific aftertaste and intense fragrance. The olive itself is extracted using only mechanical methods, so it retains the highest quality. Great for pasta, risottos, ravioli [...].<\/p>","protected":false},"featured_media":5485,"template":"","meta":[],"product_brand":[],"product_cat":[169],"product_tag":[172,183,186,178],"class_list":{"0":"post-6005","1":"product","2":"type-product","3":"status-publish","4":"has-post-thumbnail","6":"product_cat-oliwy-i-oliwki","7":"product_tag-bliskiego-wschodu","8":"product_tag-grecka","9":"product_tag-hiszpanska","10":"product_tag-wloska","12":"first","13":"instock","14":"shipping-taxable","15":"product-type-simple"},"yoast_head":"<!-- This site is optimized with the Yoast SEO plugin v26.5 - https:\/\/yoast.com\/wordpress\/plugins\/seo\/ -->\n<title>Oliwa z oliwek extra virgin o smaku bia\u0142ej trufli - Produkty - Smaki Vera<\/title>\n<meta name=\"description\" content=\"Wyj\u0105tkowe Oliwa z oliwek extra virgin o smaku bia\u0142ej trufli od marki Vera. Przygotuj pyszne dania z naszymi produktami. Nowych pomys\u0142\u00f3w szukaj w dziale z Inspiracjami | Smaki Vera\" \/>\n<meta name=\"robots\" content=\"index, follow, max-snippet:-1, max-image-preview:large, max-video-preview:-1\" \/>\n<link rel=\"canonical\" href=\"https:\/\/smakivera.pl\/en\/product\/extra-virgin-olive-oil-with-white-truffle-flavour\/\" \/>\n<meta property=\"og:locale\" content=\"en_GB\" \/>\n<meta property=\"og:type\" content=\"article\" \/>\n<meta property=\"og:title\" content=\"Oliwa z oliwek extra virgin o smaku bia\u0142ej trufli - Produkty - Smaki Vera\" \/>\n<meta property=\"og:description\" content=\"Wyj\u0105tkowe Oliwa z oliwek extra virgin o smaku bia\u0142ej trufli od marki Vera. Przygotuj pyszne dania z naszymi produktami. Nowych pomys\u0142\u00f3w szukaj w dziale z Inspiracjami | Smaki Vera\" \/>\n<meta property=\"og:url\" content=\"https:\/\/smakivera.pl\/en\/product\/extra-virgin-olive-oil-with-white-truffle-flavour\/\" \/>\n<meta property=\"og:site_name\" content=\"VERA - Ca\u0142y \u015bwiat w Twojej Kuchni\" \/>\n<meta property=\"article:publisher\" content=\"https:\/\/www.facebook.com\/smakivera\" \/>\n<meta property=\"article:modified_time\" content=\"2022-03-30T10:22:19+00:00\" \/>\n<meta property=\"og:image\" content=\"https:\/\/smakivera.pl\/wp-content\/uploads\/2022\/03\/oliwa-extra-virgin-biala-trufla-250-CIEN-www.png\" \/>\n\t<meta property=\"og:image:width\" content=\"800\" \/>\n\t<meta property=\"og:image:height\" content=\"800\" \/>\n\t<meta property=\"og:image:type\" content=\"image\/png\" \/>\n<meta name=\"twitter:card\" content=\"summary_large_image\" \/>\n<script type=\"application\/ld+json\" class=\"yoast-schema-graph\">{\"@context\":\"https:\/\/schema.org\",\"@graph\":[{\"@type\":\"WebPage\",\"@id\":\"https:\/\/smakivera.pl\/produkt\/oliwa-z-oliwek-extra-virgin-o-smaku-bialej-trufli\/\",\"url\":\"https:\/\/smakivera.pl\/produkt\/oliwa-z-oliwek-extra-virgin-o-smaku-bialej-trufli\/\",\"name\":\"Oliwa z oliwek extra virgin o smaku bia\u0142ej trufli - Produkty - Smaki Vera\",\"isPartOf\":{\"@id\":\"https:\/\/smakivera.pl\/#website\"},\"primaryImageOfPage\":{\"@id\":\"https:\/\/smakivera.pl\/produkt\/oliwa-z-oliwek-extra-virgin-o-smaku-bialej-trufli\/#primaryimage\"},\"image\":{\"@id\":\"https:\/\/smakivera.pl\/produkt\/oliwa-z-oliwek-extra-virgin-o-smaku-bialej-trufli\/#primaryimage\"},\"thumbnailUrl\":\"https:\/\/smakivera.pl\/wp-content\/uploads\/2022\/03\/oliwa-extra-virgin-biala-trufla-250-CIEN-www.png\",\"datePublished\":\"2022-03-29T16:37:56+00:00\",\"dateModified\":\"2022-03-30T10:22:19+00:00\",\"description\":\"Wyj\u0105tkowe Oliwa z oliwek extra virgin o smaku bia\u0142ej trufli od marki Vera. Przygotuj pyszne dania z naszymi produktami. Nowych pomys\u0142\u00f3w szukaj w dziale z Inspiracjami | Smaki Vera\",\"breadcrumb\":{\"@id\":\"https:\/\/smakivera.pl\/produkt\/oliwa-z-oliwek-extra-virgin-o-smaku-bialej-trufli\/#breadcrumb\"},\"inLanguage\":\"en-GB\",\"potentialAction\":[{\"@type\":\"ReadAction\",\"target\":[\"https:\/\/smakivera.pl\/produkt\/oliwa-z-oliwek-extra-virgin-o-smaku-bialej-trufli\/\"]}]},{\"@type\":\"ImageObject\",\"inLanguage\":\"en-GB\",\"@id\":\"https:\/\/smakivera.pl\/produkt\/oliwa-z-oliwek-extra-virgin-o-smaku-bialej-trufli\/#primaryimage\",\"url\":\"https:\/\/smakivera.pl\/wp-content\/uploads\/2022\/03\/oliwa-extra-virgin-biala-trufla-250-CIEN-www.png\",\"contentUrl\":\"https:\/\/smakivera.pl\/wp-content\/uploads\/2022\/03\/oliwa-extra-virgin-biala-trufla-250-CIEN-www.png\",\"width\":800,\"height\":800,\"caption\":\"VERA oliwa z oliwek z truflami 250ml\"},{\"@type\":\"BreadcrumbList\",\"@id\":\"https:\/\/smakivera.pl\/produkt\/oliwa-z-oliwek-extra-virgin-o-smaku-bialej-trufli\/#breadcrumb\",\"itemListElement\":[{\"@type\":\"ListItem\",\"position\":1,\"name\":\"Strona g\u0142\u00f3wna\",\"item\":\"https:\/\/smakivera.pl\/\"},{\"@type\":\"ListItem\",\"position\":2,\"name\":\"Produkty\",\"item\":\"https:\/\/smakivera.pl\/shop\/\"},{\"@type\":\"ListItem\",\"position\":3,\"name\":\"Oliwa z oliwek extra virgin o smaku bia\u0142ej trufli\"}]},{\"@type\":\"WebSite\",\"@id\":\"https:\/\/smakivera.pl\/#website\",\"url\":\"https:\/\/smakivera.pl\/\",\"name\":\"VERA - Ca\u0142y \u015bwiat w Twojej Kuchni\",\"description\":\"Udaj si\u0119 z nami w kulinarn\u0105 podr\u00f3\u017c... do s\u0142onecznej Hiszpanii po pyszne oliwy, do W\u0142och po pachn\u0105ce pomidory, a mo\u017ce do Indii po tropikalne owoce?\",\"publisher\":{\"@id\":\"https:\/\/smakivera.pl\/#organization\"},\"potentialAction\":[{\"@type\":\"SearchAction\",\"target\":{\"@type\":\"EntryPoint\",\"urlTemplate\":\"https:\/\/smakivera.pl\/?s={search_term_string}\"},\"query-input\":{\"@type\":\"PropertyValueSpecification\",\"valueRequired\":true,\"valueName\":\"search_term_string\"}}],\"inLanguage\":\"en-GB\"},{\"@type\":\"Organization\",\"@id\":\"https:\/\/smakivera.pl\/#organization\",\"name\":\"VERA - Zapro\u015b ca\u0142y \u015bwiat do swojej kuchni\",\"url\":\"https:\/\/smakivera.pl\/\",\"logo\":{\"@type\":\"ImageObject\",\"inLanguage\":\"en-GB\",\"@id\":\"https:\/\/smakivera.pl\/#\/schema\/logo\/image\/\",\"url\":\"https:\/\/smakivera.pl\/wp-content\/uploads\/2021\/02\/vera-gastronomia.png\",\"contentUrl\":\"https:\/\/smakivera.pl\/wp-content\/uploads\/2021\/02\/vera-gastronomia.png\",\"width\":200,\"height\":200,\"caption\":\"VERA - Zapro\u015b ca\u0142y \u015bwiat do swojej kuchni\"},\"image\":{\"@id\":\"https:\/\/smakivera.pl\/#\/schema\/logo\/image\/\"},\"sameAs\":[\"https:\/\/www.facebook.com\/smakivera\",\"https:\/\/www.instagram.com\/smakivera\/\",\"https:\/\/pl.pinterest.com\/smakivera\"]}]}<\/script>\n<!-- \/ Yoast SEO plugin. -->","yoast_head_json":{"title":"Extra virgin olive oil with white truffle flavour - Products - Tastes of Vera","description":"Exceptional extra virgin olive oil with white truffle flavour from the Vera brand. Prepare delicious dishes with our products. For new ideas, see Inspirations | Flavours by Vera.","robots":{"index":"index","follow":"follow","max-snippet":"max-snippet:-1","max-image-preview":"max-image-preview:large","max-video-preview":"max-video-preview:-1"},"canonical":"https:\/\/smakivera.pl\/en\/product\/extra-virgin-olive-oil-with-white-truffle-flavour\/","og_locale":"en_GB","og_type":"article","og_title":"Oliwa z oliwek extra virgin o smaku bia\u0142ej trufli - Produkty - Smaki Vera","og_description":"Wyj\u0105tkowe Oliwa z oliwek extra virgin o smaku bia\u0142ej trufli od marki Vera. Przygotuj pyszne dania z naszymi produktami. Nowych pomys\u0142\u00f3w szukaj w dziale z Inspiracjami | Smaki Vera","og_url":"https:\/\/smakivera.pl\/en\/product\/extra-virgin-olive-oil-with-white-truffle-flavour\/","og_site_name":"VERA - Ca\u0142y \u015bwiat w Twojej Kuchni","article_publisher":"https:\/\/www.facebook.com\/smakivera","article_modified_time":"2022-03-30T10:22:19+00:00","og_image":[{"width":800,"height":800,"url":"https:\/\/smakivera.pl\/wp-content\/uploads\/2022\/03\/oliwa-extra-virgin-biala-trufla-250-CIEN-www.png","type":"image\/png"}],"twitter_card":"summary_large_image","schema":{"@context":"https:\/\/schema.org","@graph":[{"@type":"WebPage","@id":"https:\/\/smakivera.pl\/produkt\/oliwa-z-oliwek-extra-virgin-o-smaku-bialej-trufli\/","url":"https:\/\/smakivera.pl\/produkt\/oliwa-z-oliwek-extra-virgin-o-smaku-bialej-trufli\/","name":"Extra virgin olive oil with white truffle flavour - Products - Tastes of Vera","isPartOf":{"@id":"https:\/\/smakivera.pl\/#website"},"primaryImageOfPage":{"@id":"https:\/\/smakivera.pl\/produkt\/oliwa-z-oliwek-extra-virgin-o-smaku-bialej-trufli\/#primaryimage"},"image":{"@id":"https:\/\/smakivera.pl\/produkt\/oliwa-z-oliwek-extra-virgin-o-smaku-bialej-trufli\/#primaryimage"},"thumbnailUrl":"https:\/\/smakivera.pl\/wp-content\/uploads\/2022\/03\/oliwa-extra-virgin-biala-trufla-250-CIEN-www.png","datePublished":"2022-03-29T16:37:56+00:00","dateModified":"2022-03-30T10:22:19+00:00","description":"Exceptional extra virgin olive oil with white truffle flavour from the Vera brand. Prepare delicious dishes with our products. For new ideas, see Inspirations | Flavours by Vera.","breadcrumb":{"@id":"https:\/\/smakivera.pl\/produkt\/oliwa-z-oliwek-extra-virgin-o-smaku-bialej-trufli\/#breadcrumb"},"inLanguage":"en-GB","potentialAction":[{"@type":"ReadAction","target":["https:\/\/smakivera.pl\/produkt\/oliwa-z-oliwek-extra-virgin-o-smaku-bialej-trufli\/"]}]},{"@type":"ImageObject","inLanguage":"en-GB","@id":"https:\/\/smakivera.pl\/produkt\/oliwa-z-oliwek-extra-virgin-o-smaku-bialej-trufli\/#primaryimage","url":"https:\/\/smakivera.pl\/wp-content\/uploads\/2022\/03\/oliwa-extra-virgin-biala-trufla-250-CIEN-www.png","contentUrl":"https:\/\/smakivera.pl\/wp-content\/uploads\/2022\/03\/oliwa-extra-virgin-biala-trufla-250-CIEN-www.png","width":800,"height":800,"caption":"VERA oliwa z oliwek z truflami 250ml"},{"@type":"BreadcrumbList","@id":"https:\/\/smakivera.pl\/produkt\/oliwa-z-oliwek-extra-virgin-o-smaku-bialej-trufli\/#breadcrumb","itemListElement":[{"@type":"ListItem","position":1,"name":"Strona g\u0142\u00f3wna","item":"https:\/\/smakivera.pl\/"},{"@type":"ListItem","position":2,"name":"Produkty","item":"https:\/\/smakivera.pl\/shop\/"},{"@type":"ListItem","position":3,"name":"Oliwa z oliwek extra virgin o smaku bia\u0142ej trufli"}]},{"@type":"WebSite","@id":"https:\/\/smakivera.pl\/#website","url":"https:\/\/smakivera.pl\/","name":"VERA - A whole world in your kitchen","description":"Come with us on a culinary journey... to sunny Spain for delicious oils, to Italy for fragrant tomatoes, or perhaps to India for tropical fruits?","publisher":{"@id":"https:\/\/smakivera.pl\/#organization"},"potentialAction":[{"@type":"SearchAction","target":{"@type":"EntryPoint","urlTemplate":"https:\/\/smakivera.pl\/?s={search_term_string}"},"query-input":{"@type":"PropertyValueSpecification","valueRequired":true,"valueName":"search_term_string"}}],"inLanguage":"en-GB"},{"@type":"Organization","@id":"https:\/\/smakivera.pl\/#organization","name":"VERA - Invite the whole world into your kitchen","url":"https:\/\/smakivera.pl\/","logo":{"@type":"ImageObject","inLanguage":"en-GB","@id":"https:\/\/smakivera.pl\/#\/schema\/logo\/image\/","url":"https:\/\/smakivera.pl\/wp-content\/uploads\/2021\/02\/vera-gastronomia.png","contentUrl":"https:\/\/smakivera.pl\/wp-content\/uploads\/2021\/02\/vera-gastronomia.png","width":200,"height":200,"caption":"VERA - Zapro\u015b ca\u0142y \u015bwiat do swojej kuchni"},"image":{"@id":"https:\/\/smakivera.pl\/#\/schema\/logo\/image\/"},"sameAs":["https:\/\/www.facebook.com\/smakivera","https:\/\/www.instagram.com\/smakivera\/","https:\/\/pl.pinterest.com\/smakivera"]}]}},"_links":{"self":[{"href":"https:\/\/smakivera.pl\/en\/wp-json\/wp\/v2\/product\/6005","targetHints":{"allow":["GET"]}}],"collection":[{"href":"https:\/\/smakivera.pl\/en\/wp-json\/wp\/v2\/product"}],"about":[{"href":"https:\/\/smakivera.pl\/en\/wp-json\/wp\/v2\/types\/product"}],"wp:featuredmedia":[{"embeddable":true,"href":"https:\/\/smakivera.pl\/en\/wp-json\/wp\/v2\/media\/5485"}],"wp:attachment":[{"href":"https:\/\/smakivera.pl\/en\/wp-json\/wp\/v2\/media?parent=6005"}],"wp:term":[{"taxonomy":"product_brand","embeddable":true,"href":"https:\/\/smakivera.pl\/en\/wp-json\/wp\/v2\/product_brand?post=6005"},{"taxonomy":"product_cat","embeddable":true,"href":"https:\/\/smakivera.pl\/en\/wp-json\/wp\/v2\/product_cat?post=6005"},{"taxonomy":"product_tag","embeddable":true,"href":"https:\/\/smakivera.pl\/en\/wp-json\/wp\/v2\/product_tag?post=6005"}],"curies":[{"name":"wp","href":"https:\/\/api.w.org\/{rel}","templated":true}]}}