{"id":6037,"date":"2022-03-29T18:38:05","date_gmt":"2022-03-29T16:38:05","guid":{"rendered":"https:\/\/smakivera.pl\/product\/pulpa-mango-bez-dodatku-cukrow\/"},"modified":"2022-03-29T18:38:05","modified_gmt":"2022-03-29T16:38:05","slug":"mango-pulp-with-no-added-sugars","status":"publish","type":"product","link":"https:\/\/smakivera.pl\/en\/product\/mango-pulp-with-no-added-sugars\/","title":{"rendered":"Mango pulp with no added sugar"},"content":{"rendered":"<p>Mango pulp with no sugars added is full of exotic sweetness! Produced\nfrom the best and ripest mangoes, it contains just flesh without any peel or\npit. It retains the full flavor and aroma of the fruit. It can be used to prepare\na smoothie, or an exotic sauce for ice cream. The product is available in a\ntin.<\/p>","protected":false},"excerpt":{"rendered":"<p>Mango pulp with no sugars added is full of exotic sweetness! Produced\nfrom the best and ripest mangoes, it contains just flesh without any peel or\npit. It retains the full flavor and aroma of the fruit. It can be used to prepare\na smoothie, or an exotic sauce for ice cream. The product is available in a\ntin.<\/p>","protected":false},"featured_media":5475,"template":"","meta":[],"product_brand":[],"product_cat":[148],"product_tag":[152,184],"class_list":{"0":"post-6037","1":"product","2":"type-product","3":"status-publish","4":"has-post-thumbnail","6":"product_cat-przetwory-owocowe","7":"product_tag-azjatycka","8":"product_tag-indyjska","10":"first","11":"instock","12":"shipping-taxable","13":"product-type-simple"},"yoast_head":"<!-- This site is optimized with the Yoast SEO plugin v26.5 - https:\/\/yoast.com\/wordpress\/plugins\/seo\/ -->\n<title>Pulpa mango bez dodatku cukr\u00f3w - Produkty - Smaki Vera<\/title>\n<meta name=\"description\" content=\"Wyj\u0105tkowe Pulpa mango bez dodatku cukr\u00f3w od marki Vera. Przygotuj pyszne dania z naszymi produktami. Nowych pomys\u0142\u00f3w szukaj w dziale z Inspiracjami | Smaki Vera\" \/>\n<meta name=\"robots\" content=\"index, follow, max-snippet:-1, max-image-preview:large, max-video-preview:-1\" \/>\n<link rel=\"canonical\" href=\"https:\/\/smakivera.pl\/en\/product\/mango-pulp-with-no-added-sugars\/\" \/>\n<meta property=\"og:locale\" content=\"en_GB\" \/>\n<meta property=\"og:type\" content=\"article\" \/>\n<meta property=\"og:title\" content=\"Pulpa mango bez dodatku cukr\u00f3w - Produkty - Smaki Vera\" \/>\n<meta property=\"og:description\" content=\"Wyj\u0105tkowe Pulpa mango bez dodatku cukr\u00f3w od marki Vera. Przygotuj pyszne dania z naszymi produktami. Nowych pomys\u0142\u00f3w szukaj w dziale z Inspiracjami | Smaki Vera\" \/>\n<meta property=\"og:url\" content=\"https:\/\/smakivera.pl\/en\/product\/mango-pulp-with-no-added-sugars\/\" \/>\n<meta property=\"og:site_name\" content=\"VERA - Ca\u0142y \u015bwiat w Twojej Kuchni\" \/>\n<meta property=\"article:publisher\" content=\"https:\/\/www.facebook.com\/smakivera\" \/>\n<meta property=\"og:image\" content=\"https:\/\/smakivera.pl\/wp-content\/uploads\/2022\/03\/mango-pulpa-850-bez-cukru-CIEN-www.png\" \/>\n\t<meta property=\"og:image:width\" content=\"800\" \/>\n\t<meta property=\"og:image:height\" content=\"800\" \/>\n\t<meta property=\"og:image:type\" content=\"image\/png\" \/>\n<meta name=\"twitter:card\" content=\"summary_large_image\" \/>\n<script type=\"application\/ld+json\" class=\"yoast-schema-graph\">{\"@context\":\"https:\/\/schema.org\",\"@graph\":[{\"@type\":\"WebPage\",\"@id\":\"https:\/\/smakivera.pl\/produkt\/pulpa-mango-bez-dodatku-cukrow\/\",\"url\":\"https:\/\/smakivera.pl\/produkt\/pulpa-mango-bez-dodatku-cukrow\/\",\"name\":\"Pulpa mango bez dodatku cukr\u00f3w - Produkty - Smaki Vera\",\"isPartOf\":{\"@id\":\"https:\/\/smakivera.pl\/#website\"},\"primaryImageOfPage\":{\"@id\":\"https:\/\/smakivera.pl\/produkt\/pulpa-mango-bez-dodatku-cukrow\/#primaryimage\"},\"image\":{\"@id\":\"https:\/\/smakivera.pl\/produkt\/pulpa-mango-bez-dodatku-cukrow\/#primaryimage\"},\"thumbnailUrl\":\"https:\/\/smakivera.pl\/wp-content\/uploads\/2022\/03\/mango-pulpa-850-bez-cukru-CIEN-www.png\",\"datePublished\":\"2022-03-29T16:38:05+00:00\",\"description\":\"Wyj\u0105tkowe Pulpa mango bez dodatku cukr\u00f3w od marki Vera. Przygotuj pyszne dania z naszymi produktami. Nowych pomys\u0142\u00f3w szukaj w dziale z Inspiracjami | Smaki Vera\",\"breadcrumb\":{\"@id\":\"https:\/\/smakivera.pl\/produkt\/pulpa-mango-bez-dodatku-cukrow\/#breadcrumb\"},\"inLanguage\":\"en-GB\",\"potentialAction\":[{\"@type\":\"ReadAction\",\"target\":[\"https:\/\/smakivera.pl\/produkt\/pulpa-mango-bez-dodatku-cukrow\/\"]}]},{\"@type\":\"ImageObject\",\"inLanguage\":\"en-GB\",\"@id\":\"https:\/\/smakivera.pl\/produkt\/pulpa-mango-bez-dodatku-cukrow\/#primaryimage\",\"url\":\"https:\/\/smakivera.pl\/wp-content\/uploads\/2022\/03\/mango-pulpa-850-bez-cukru-CIEN-www.png\",\"contentUrl\":\"https:\/\/smakivera.pl\/wp-content\/uploads\/2022\/03\/mango-pulpa-850-bez-cukru-CIEN-www.png\",\"width\":800,\"height\":800,\"caption\":\"VERA mango pulpa bez cukru 850g\"},{\"@type\":\"BreadcrumbList\",\"@id\":\"https:\/\/smakivera.pl\/produkt\/pulpa-mango-bez-dodatku-cukrow\/#breadcrumb\",\"itemListElement\":[{\"@type\":\"ListItem\",\"position\":1,\"name\":\"Strona g\u0142\u00f3wna\",\"item\":\"https:\/\/smakivera.pl\/\"},{\"@type\":\"ListItem\",\"position\":2,\"name\":\"Produkty\",\"item\":\"https:\/\/smakivera.pl\/shop\/\"},{\"@type\":\"ListItem\",\"position\":3,\"name\":\"Pulpa mango bez dodatku cukr\u00f3w\"}]},{\"@type\":\"WebSite\",\"@id\":\"https:\/\/smakivera.pl\/#website\",\"url\":\"https:\/\/smakivera.pl\/\",\"name\":\"VERA - Ca\u0142y \u015bwiat w Twojej Kuchni\",\"description\":\"Udaj si\u0119 z nami w kulinarn\u0105 podr\u00f3\u017c... do s\u0142onecznej Hiszpanii po pyszne oliwy, do W\u0142och po pachn\u0105ce pomidory, a mo\u017ce do Indii po tropikalne owoce?\",\"publisher\":{\"@id\":\"https:\/\/smakivera.pl\/#organization\"},\"potentialAction\":[{\"@type\":\"SearchAction\",\"target\":{\"@type\":\"EntryPoint\",\"urlTemplate\":\"https:\/\/smakivera.pl\/?s={search_term_string}\"},\"query-input\":{\"@type\":\"PropertyValueSpecification\",\"valueRequired\":true,\"valueName\":\"search_term_string\"}}],\"inLanguage\":\"en-GB\"},{\"@type\":\"Organization\",\"@id\":\"https:\/\/smakivera.pl\/#organization\",\"name\":\"VERA - Zapro\u015b ca\u0142y \u015bwiat do swojej kuchni\",\"url\":\"https:\/\/smakivera.pl\/\",\"logo\":{\"@type\":\"ImageObject\",\"inLanguage\":\"en-GB\",\"@id\":\"https:\/\/smakivera.pl\/#\/schema\/logo\/image\/\",\"url\":\"https:\/\/smakivera.pl\/wp-content\/uploads\/2021\/02\/vera-gastronomia.png\",\"contentUrl\":\"https:\/\/smakivera.pl\/wp-content\/uploads\/2021\/02\/vera-gastronomia.png\",\"width\":200,\"height\":200,\"caption\":\"VERA - Zapro\u015b ca\u0142y \u015bwiat do swojej kuchni\"},\"image\":{\"@id\":\"https:\/\/smakivera.pl\/#\/schema\/logo\/image\/\"},\"sameAs\":[\"https:\/\/www.facebook.com\/smakivera\",\"https:\/\/www.instagram.com\/smakivera\/\",\"https:\/\/pl.pinterest.com\/smakivera\"]}]}<\/script>\n<!-- \/ Yoast SEO plugin. -->","yoast_head_json":{"title":"Mango pulp with no added sugars - Products - Flavours of Vera","description":"Exceptional mango pulp with no added sugars from the Vera brand. Prepare delicious dishes with our products. For new ideas, see our Inspirations section | Flavours by Vera.","robots":{"index":"index","follow":"follow","max-snippet":"max-snippet:-1","max-image-preview":"max-image-preview:large","max-video-preview":"max-video-preview:-1"},"canonical":"https:\/\/smakivera.pl\/en\/product\/mango-pulp-with-no-added-sugars\/","og_locale":"en_GB","og_type":"article","og_title":"Pulpa mango bez dodatku cukr\u00f3w - Produkty - Smaki Vera","og_description":"Wyj\u0105tkowe Pulpa mango bez dodatku cukr\u00f3w od marki Vera. Przygotuj pyszne dania z naszymi produktami. Nowych pomys\u0142\u00f3w szukaj w dziale z Inspiracjami | Smaki Vera","og_url":"https:\/\/smakivera.pl\/en\/product\/mango-pulp-with-no-added-sugars\/","og_site_name":"VERA - Ca\u0142y \u015bwiat w Twojej Kuchni","article_publisher":"https:\/\/www.facebook.com\/smakivera","og_image":[{"width":800,"height":800,"url":"https:\/\/smakivera.pl\/wp-content\/uploads\/2022\/03\/mango-pulpa-850-bez-cukru-CIEN-www.png","type":"image\/png"}],"twitter_card":"summary_large_image","schema":{"@context":"https:\/\/schema.org","@graph":[{"@type":"WebPage","@id":"https:\/\/smakivera.pl\/produkt\/pulpa-mango-bez-dodatku-cukrow\/","url":"https:\/\/smakivera.pl\/produkt\/pulpa-mango-bez-dodatku-cukrow\/","name":"Mango pulp with no added sugars - Products - Flavours of Vera","isPartOf":{"@id":"https:\/\/smakivera.pl\/#website"},"primaryImageOfPage":{"@id":"https:\/\/smakivera.pl\/produkt\/pulpa-mango-bez-dodatku-cukrow\/#primaryimage"},"image":{"@id":"https:\/\/smakivera.pl\/produkt\/pulpa-mango-bez-dodatku-cukrow\/#primaryimage"},"thumbnailUrl":"https:\/\/smakivera.pl\/wp-content\/uploads\/2022\/03\/mango-pulpa-850-bez-cukru-CIEN-www.png","datePublished":"2022-03-29T16:38:05+00:00","description":"Exceptional mango pulp with no added sugars from the Vera brand. Prepare delicious dishes with our products. For new ideas, see our Inspirations section | Flavours by Vera.","breadcrumb":{"@id":"https:\/\/smakivera.pl\/produkt\/pulpa-mango-bez-dodatku-cukrow\/#breadcrumb"},"inLanguage":"en-GB","potentialAction":[{"@type":"ReadAction","target":["https:\/\/smakivera.pl\/produkt\/pulpa-mango-bez-dodatku-cukrow\/"]}]},{"@type":"ImageObject","inLanguage":"en-GB","@id":"https:\/\/smakivera.pl\/produkt\/pulpa-mango-bez-dodatku-cukrow\/#primaryimage","url":"https:\/\/smakivera.pl\/wp-content\/uploads\/2022\/03\/mango-pulpa-850-bez-cukru-CIEN-www.png","contentUrl":"https:\/\/smakivera.pl\/wp-content\/uploads\/2022\/03\/mango-pulpa-850-bez-cukru-CIEN-www.png","width":800,"height":800,"caption":"VERA mango pulpa bez cukru 850g"},{"@type":"BreadcrumbList","@id":"https:\/\/smakivera.pl\/produkt\/pulpa-mango-bez-dodatku-cukrow\/#breadcrumb","itemListElement":[{"@type":"ListItem","position":1,"name":"Strona g\u0142\u00f3wna","item":"https:\/\/smakivera.pl\/"},{"@type":"ListItem","position":2,"name":"Produkty","item":"https:\/\/smakivera.pl\/shop\/"},{"@type":"ListItem","position":3,"name":"Pulpa mango bez dodatku cukr\u00f3w"}]},{"@type":"WebSite","@id":"https:\/\/smakivera.pl\/#website","url":"https:\/\/smakivera.pl\/","name":"VERA - A whole world in your kitchen","description":"Come with us on a culinary journey... to sunny Spain for delicious oils, to Italy for fragrant tomatoes, or perhaps to India for tropical fruits?","publisher":{"@id":"https:\/\/smakivera.pl\/#organization"},"potentialAction":[{"@type":"SearchAction","target":{"@type":"EntryPoint","urlTemplate":"https:\/\/smakivera.pl\/?s={search_term_string}"},"query-input":{"@type":"PropertyValueSpecification","valueRequired":true,"valueName":"search_term_string"}}],"inLanguage":"en-GB"},{"@type":"Organization","@id":"https:\/\/smakivera.pl\/#organization","name":"VERA - Invite the whole world into your kitchen","url":"https:\/\/smakivera.pl\/","logo":{"@type":"ImageObject","inLanguage":"en-GB","@id":"https:\/\/smakivera.pl\/#\/schema\/logo\/image\/","url":"https:\/\/smakivera.pl\/wp-content\/uploads\/2021\/02\/vera-gastronomia.png","contentUrl":"https:\/\/smakivera.pl\/wp-content\/uploads\/2021\/02\/vera-gastronomia.png","width":200,"height":200,"caption":"VERA - Zapro\u015b ca\u0142y \u015bwiat do swojej kuchni"},"image":{"@id":"https:\/\/smakivera.pl\/#\/schema\/logo\/image\/"},"sameAs":["https:\/\/www.facebook.com\/smakivera","https:\/\/www.instagram.com\/smakivera\/","https:\/\/pl.pinterest.com\/smakivera"]}]}},"_links":{"self":[{"href":"https:\/\/smakivera.pl\/en\/wp-json\/wp\/v2\/product\/6037","targetHints":{"allow":["GET"]}}],"collection":[{"href":"https:\/\/smakivera.pl\/en\/wp-json\/wp\/v2\/product"}],"about":[{"href":"https:\/\/smakivera.pl\/en\/wp-json\/wp\/v2\/types\/product"}],"wp:featuredmedia":[{"embeddable":true,"href":"https:\/\/smakivera.pl\/en\/wp-json\/wp\/v2\/media\/5475"}],"wp:attachment":[{"href":"https:\/\/smakivera.pl\/en\/wp-json\/wp\/v2\/media?parent=6037"}],"wp:term":[{"taxonomy":"product_brand","embeddable":true,"href":"https:\/\/smakivera.pl\/en\/wp-json\/wp\/v2\/product_brand?post=6037"},{"taxonomy":"product_cat","embeddable":true,"href":"https:\/\/smakivera.pl\/en\/wp-json\/wp\/v2\/product_cat?post=6037"},{"taxonomy":"product_tag","embeddable":true,"href":"https:\/\/smakivera.pl\/en\/wp-json\/wp\/v2\/product_tag?post=6037"}],"curies":[{"name":"wp","href":"https:\/\/api.w.org\/{rel}","templated":true}]}}