{"id":6049,"date":"2022-03-29T18:38:07","date_gmt":"2022-03-29T16:38:07","guid":{"rendered":"https:\/\/smakivera.pl\/product\/pulpa-marakuja-z-pestkami-2\/"},"modified":"2022-03-29T18:38:07","modified_gmt":"2022-03-29T16:38:07","slug":"passion-fruit-pulp-with-seeds-2","status":"publish","type":"product","link":"https:\/\/smakivera.pl\/en\/product\/passion-fruit-pulp-with-seeds-2\/","title":{"rendered":"Passion fruit pulp with seeds"},"content":{"rendered":"<p>Passion\nfruit (maracuja) is an exceptionally fragrant, tropical fruit with an original,\nslightly sour taste. Its pulp is the pureed flesh of this fruit with small\ncrunchy seeds. It is refreshing and aromatic. It is great as an ingredient of all\nkinds of desserts - cakes, cocktails, and ice cream. It will also make a fine exotic\naddition to drinks. Imported from Thailand, it is available in thins of two sizes\n\u2013 565g and 170g.<\/p>","protected":false},"excerpt":{"rendered":"<p>The passion fruit is a tropical fruit with an unusual aroma and an original slightly sour taste. The pulp is a puree of the pulp of this fruit with small crunchy seeds. It is refreshing and aromatic. It is great as an addition to all kinds of desserts - cakes, cocktails, ice cream. It will also make an exotic addition to drinks. Imported from Thailand, it is available in cans of two capacities [...].<\/p>","protected":false},"featured_media":5478,"template":"","meta":[],"product_brand":[],"product_cat":[148],"product_tag":[152,184,178],"class_list":{"0":"post-6049","1":"product","2":"type-product","3":"status-publish","4":"has-post-thumbnail","6":"product_cat-przetwory-owocowe","7":"product_tag-azjatycka","8":"product_tag-indyjska","9":"product_tag-wloska","11":"first","12":"instock","13":"shipping-taxable","14":"product-type-simple"},"yoast_head":"<!-- This site is optimized with the Yoast SEO plugin v26.5 - https:\/\/yoast.com\/wordpress\/plugins\/seo\/ -->\n<title>Pulpa marakuja z pestkami - Produkty - Smaki Vera<\/title>\n<meta name=\"description\" content=\"Wyj\u0105tkowe Pulpa marakuja z pestkami od marki Vera. Przygotuj pyszne dania z naszymi produktami. Nowych pomys\u0142\u00f3w szukaj w dziale z Inspiracjami | Smaki Vera\" \/>\n<meta name=\"robots\" content=\"index, follow, max-snippet:-1, max-image-preview:large, max-video-preview:-1\" \/>\n<link rel=\"canonical\" href=\"https:\/\/smakivera.pl\/en\/product\/passion-fruit-pulp-with-seeds-2\/\" \/>\n<meta property=\"og:locale\" content=\"en_GB\" \/>\n<meta property=\"og:type\" content=\"article\" \/>\n<meta property=\"og:title\" content=\"Pulpa marakuja z pestkami - Produkty - Smaki Vera\" \/>\n<meta property=\"og:description\" content=\"Wyj\u0105tkowe Pulpa marakuja z pestkami od marki Vera. Przygotuj pyszne dania z naszymi produktami. Nowych pomys\u0142\u00f3w szukaj w dziale z Inspiracjami | Smaki Vera\" \/>\n<meta property=\"og:url\" content=\"https:\/\/smakivera.pl\/en\/product\/passion-fruit-pulp-with-seeds-2\/\" \/>\n<meta property=\"og:site_name\" content=\"VERA - Ca\u0142y \u015bwiat w Twojej Kuchni\" \/>\n<meta property=\"article:publisher\" content=\"https:\/\/www.facebook.com\/smakivera\" \/>\n<meta property=\"og:image\" content=\"https:\/\/smakivera.pl\/wp-content\/uploads\/2022\/03\/marakuja-pulpa-z-pestkami-565-CIEN-www.png\" \/>\n\t<meta property=\"og:image:width\" content=\"800\" \/>\n\t<meta property=\"og:image:height\" content=\"800\" \/>\n\t<meta property=\"og:image:type\" content=\"image\/png\" \/>\n<meta name=\"twitter:card\" content=\"summary_large_image\" \/>\n<script type=\"application\/ld+json\" class=\"yoast-schema-graph\">{\"@context\":\"https:\/\/schema.org\",\"@graph\":[{\"@type\":\"WebPage\",\"@id\":\"https:\/\/smakivera.pl\/produkt\/pulpa-marakuja-z-pestkami-2\/\",\"url\":\"https:\/\/smakivera.pl\/produkt\/pulpa-marakuja-z-pestkami-2\/\",\"name\":\"Pulpa marakuja z pestkami - Produkty - Smaki Vera\",\"isPartOf\":{\"@id\":\"https:\/\/smakivera.pl\/#website\"},\"primaryImageOfPage\":{\"@id\":\"https:\/\/smakivera.pl\/produkt\/pulpa-marakuja-z-pestkami-2\/#primaryimage\"},\"image\":{\"@id\":\"https:\/\/smakivera.pl\/produkt\/pulpa-marakuja-z-pestkami-2\/#primaryimage\"},\"thumbnailUrl\":\"https:\/\/smakivera.pl\/wp-content\/uploads\/2022\/03\/marakuja-pulpa-z-pestkami-565-CIEN-www.png\",\"datePublished\":\"2022-03-29T16:38:07+00:00\",\"description\":\"Wyj\u0105tkowe Pulpa marakuja z pestkami od marki Vera. Przygotuj pyszne dania z naszymi produktami. Nowych pomys\u0142\u00f3w szukaj w dziale z Inspiracjami | Smaki Vera\",\"breadcrumb\":{\"@id\":\"https:\/\/smakivera.pl\/produkt\/pulpa-marakuja-z-pestkami-2\/#breadcrumb\"},\"inLanguage\":\"en-GB\",\"potentialAction\":[{\"@type\":\"ReadAction\",\"target\":[\"https:\/\/smakivera.pl\/produkt\/pulpa-marakuja-z-pestkami-2\/\"]}]},{\"@type\":\"ImageObject\",\"inLanguage\":\"en-GB\",\"@id\":\"https:\/\/smakivera.pl\/produkt\/pulpa-marakuja-z-pestkami-2\/#primaryimage\",\"url\":\"https:\/\/smakivera.pl\/wp-content\/uploads\/2022\/03\/marakuja-pulpa-z-pestkami-565-CIEN-www.png\",\"contentUrl\":\"https:\/\/smakivera.pl\/wp-content\/uploads\/2022\/03\/marakuja-pulpa-z-pestkami-565-CIEN-www.png\",\"width\":800,\"height\":800,\"caption\":\"VERA marakuja pulpa 565g\"},{\"@type\":\"BreadcrumbList\",\"@id\":\"https:\/\/smakivera.pl\/produkt\/pulpa-marakuja-z-pestkami-2\/#breadcrumb\",\"itemListElement\":[{\"@type\":\"ListItem\",\"position\":1,\"name\":\"Strona g\u0142\u00f3wna\",\"item\":\"https:\/\/smakivera.pl\/\"},{\"@type\":\"ListItem\",\"position\":2,\"name\":\"Produkty\",\"item\":\"https:\/\/smakivera.pl\/shop\/\"},{\"@type\":\"ListItem\",\"position\":3,\"name\":\"Pulpa marakuja z pestkami\"}]},{\"@type\":\"WebSite\",\"@id\":\"https:\/\/smakivera.pl\/#website\",\"url\":\"https:\/\/smakivera.pl\/\",\"name\":\"VERA - Ca\u0142y \u015bwiat w Twojej Kuchni\",\"description\":\"Udaj si\u0119 z nami w kulinarn\u0105 podr\u00f3\u017c... do s\u0142onecznej Hiszpanii po pyszne oliwy, do W\u0142och po pachn\u0105ce pomidory, a mo\u017ce do Indii po tropikalne owoce?\",\"publisher\":{\"@id\":\"https:\/\/smakivera.pl\/#organization\"},\"potentialAction\":[{\"@type\":\"SearchAction\",\"target\":{\"@type\":\"EntryPoint\",\"urlTemplate\":\"https:\/\/smakivera.pl\/?s={search_term_string}\"},\"query-input\":{\"@type\":\"PropertyValueSpecification\",\"valueRequired\":true,\"valueName\":\"search_term_string\"}}],\"inLanguage\":\"en-GB\"},{\"@type\":\"Organization\",\"@id\":\"https:\/\/smakivera.pl\/#organization\",\"name\":\"VERA - Zapro\u015b ca\u0142y \u015bwiat do swojej kuchni\",\"url\":\"https:\/\/smakivera.pl\/\",\"logo\":{\"@type\":\"ImageObject\",\"inLanguage\":\"en-GB\",\"@id\":\"https:\/\/smakivera.pl\/#\/schema\/logo\/image\/\",\"url\":\"https:\/\/smakivera.pl\/wp-content\/uploads\/2021\/02\/vera-gastronomia.png\",\"contentUrl\":\"https:\/\/smakivera.pl\/wp-content\/uploads\/2021\/02\/vera-gastronomia.png\",\"width\":200,\"height\":200,\"caption\":\"VERA - Zapro\u015b ca\u0142y \u015bwiat do swojej kuchni\"},\"image\":{\"@id\":\"https:\/\/smakivera.pl\/#\/schema\/logo\/image\/\"},\"sameAs\":[\"https:\/\/www.facebook.com\/smakivera\",\"https:\/\/www.instagram.com\/smakivera\/\",\"https:\/\/pl.pinterest.com\/smakivera\"]}]}<\/script>\n<!-- \/ Yoast SEO plugin. -->","yoast_head_json":{"title":"Passion fruit pulp with seeds - Products - Flavours of Vera","description":"Exceptional passion fruit pulp with seeds from the Vera brand. Prepare delicious dishes with our products. For new ideas, see Inspirations | Flavours by Vera.","robots":{"index":"index","follow":"follow","max-snippet":"max-snippet:-1","max-image-preview":"max-image-preview:large","max-video-preview":"max-video-preview:-1"},"canonical":"https:\/\/smakivera.pl\/en\/product\/passion-fruit-pulp-with-seeds-2\/","og_locale":"en_GB","og_type":"article","og_title":"Pulpa marakuja z pestkami - Produkty - Smaki Vera","og_description":"Wyj\u0105tkowe Pulpa marakuja z pestkami od marki Vera. Przygotuj pyszne dania z naszymi produktami. Nowych pomys\u0142\u00f3w szukaj w dziale z Inspiracjami | Smaki Vera","og_url":"https:\/\/smakivera.pl\/en\/product\/passion-fruit-pulp-with-seeds-2\/","og_site_name":"VERA - Ca\u0142y \u015bwiat w Twojej Kuchni","article_publisher":"https:\/\/www.facebook.com\/smakivera","og_image":[{"width":800,"height":800,"url":"https:\/\/smakivera.pl\/wp-content\/uploads\/2022\/03\/marakuja-pulpa-z-pestkami-565-CIEN-www.png","type":"image\/png"}],"twitter_card":"summary_large_image","schema":{"@context":"https:\/\/schema.org","@graph":[{"@type":"WebPage","@id":"https:\/\/smakivera.pl\/produkt\/pulpa-marakuja-z-pestkami-2\/","url":"https:\/\/smakivera.pl\/produkt\/pulpa-marakuja-z-pestkami-2\/","name":"Passion fruit pulp with seeds - Products - Flavours of Vera","isPartOf":{"@id":"https:\/\/smakivera.pl\/#website"},"primaryImageOfPage":{"@id":"https:\/\/smakivera.pl\/produkt\/pulpa-marakuja-z-pestkami-2\/#primaryimage"},"image":{"@id":"https:\/\/smakivera.pl\/produkt\/pulpa-marakuja-z-pestkami-2\/#primaryimage"},"thumbnailUrl":"https:\/\/smakivera.pl\/wp-content\/uploads\/2022\/03\/marakuja-pulpa-z-pestkami-565-CIEN-www.png","datePublished":"2022-03-29T16:38:07+00:00","description":"Exceptional passion fruit pulp with seeds from the Vera brand. Prepare delicious dishes with our products. For new ideas, see Inspirations | Flavours by Vera.","breadcrumb":{"@id":"https:\/\/smakivera.pl\/produkt\/pulpa-marakuja-z-pestkami-2\/#breadcrumb"},"inLanguage":"en-GB","potentialAction":[{"@type":"ReadAction","target":["https:\/\/smakivera.pl\/produkt\/pulpa-marakuja-z-pestkami-2\/"]}]},{"@type":"ImageObject","inLanguage":"en-GB","@id":"https:\/\/smakivera.pl\/produkt\/pulpa-marakuja-z-pestkami-2\/#primaryimage","url":"https:\/\/smakivera.pl\/wp-content\/uploads\/2022\/03\/marakuja-pulpa-z-pestkami-565-CIEN-www.png","contentUrl":"https:\/\/smakivera.pl\/wp-content\/uploads\/2022\/03\/marakuja-pulpa-z-pestkami-565-CIEN-www.png","width":800,"height":800,"caption":"VERA marakuja pulpa 565g"},{"@type":"BreadcrumbList","@id":"https:\/\/smakivera.pl\/produkt\/pulpa-marakuja-z-pestkami-2\/#breadcrumb","itemListElement":[{"@type":"ListItem","position":1,"name":"Strona g\u0142\u00f3wna","item":"https:\/\/smakivera.pl\/"},{"@type":"ListItem","position":2,"name":"Produkty","item":"https:\/\/smakivera.pl\/shop\/"},{"@type":"ListItem","position":3,"name":"Pulpa marakuja z pestkami"}]},{"@type":"WebSite","@id":"https:\/\/smakivera.pl\/#website","url":"https:\/\/smakivera.pl\/","name":"VERA - A whole world in your kitchen","description":"Come with us on a culinary journey... to sunny Spain for delicious oils, to Italy for fragrant tomatoes, or perhaps to India for tropical fruits?","publisher":{"@id":"https:\/\/smakivera.pl\/#organization"},"potentialAction":[{"@type":"SearchAction","target":{"@type":"EntryPoint","urlTemplate":"https:\/\/smakivera.pl\/?s={search_term_string}"},"query-input":{"@type":"PropertyValueSpecification","valueRequired":true,"valueName":"search_term_string"}}],"inLanguage":"en-GB"},{"@type":"Organization","@id":"https:\/\/smakivera.pl\/#organization","name":"VERA - Invite the whole world into your kitchen","url":"https:\/\/smakivera.pl\/","logo":{"@type":"ImageObject","inLanguage":"en-GB","@id":"https:\/\/smakivera.pl\/#\/schema\/logo\/image\/","url":"https:\/\/smakivera.pl\/wp-content\/uploads\/2021\/02\/vera-gastronomia.png","contentUrl":"https:\/\/smakivera.pl\/wp-content\/uploads\/2021\/02\/vera-gastronomia.png","width":200,"height":200,"caption":"VERA - Zapro\u015b ca\u0142y \u015bwiat do swojej kuchni"},"image":{"@id":"https:\/\/smakivera.pl\/#\/schema\/logo\/image\/"},"sameAs":["https:\/\/www.facebook.com\/smakivera","https:\/\/www.instagram.com\/smakivera\/","https:\/\/pl.pinterest.com\/smakivera"]}]}},"_links":{"self":[{"href":"https:\/\/smakivera.pl\/en\/wp-json\/wp\/v2\/product\/6049","targetHints":{"allow":["GET"]}}],"collection":[{"href":"https:\/\/smakivera.pl\/en\/wp-json\/wp\/v2\/product"}],"about":[{"href":"https:\/\/smakivera.pl\/en\/wp-json\/wp\/v2\/types\/product"}],"wp:featuredmedia":[{"embeddable":true,"href":"https:\/\/smakivera.pl\/en\/wp-json\/wp\/v2\/media\/5478"}],"wp:attachment":[{"href":"https:\/\/smakivera.pl\/en\/wp-json\/wp\/v2\/media?parent=6049"}],"wp:term":[{"taxonomy":"product_brand","embeddable":true,"href":"https:\/\/smakivera.pl\/en\/wp-json\/wp\/v2\/product_brand?post=6049"},{"taxonomy":"product_cat","embeddable":true,"href":"https:\/\/smakivera.pl\/en\/wp-json\/wp\/v2\/product_cat?post=6049"},{"taxonomy":"product_tag","embeddable":true,"href":"https:\/\/smakivera.pl\/en\/wp-json\/wp\/v2\/product_tag?post=6049"}],"curies":[{"name":"wp","href":"https:\/\/api.w.org\/{rel}","templated":true}]}}