{"id":6745,"date":"2023-02-24T14:19:28","date_gmt":"2023-02-24T13:19:28","guid":{"rendered":"https:\/\/smakivera.pl\/produkt\/oliwki-czarne-krojone-2\/"},"modified":"2023-02-24T16:08:10","modified_gmt":"2023-02-24T15:08:10","slug":"sliced-black-olives-2","status":"publish","type":"product","link":"https:\/\/smakivera.pl\/en\/product\/sliced-black-olives-2\/","title":{"rendered":"Sliced black olives"},"content":{"rendered":"<p>Sliced \u200b\u200bblack olives, dedicated to the HoReCa channel, in a large economical package. This type of olives is particularly easy to use in professional gastronomy - vegetables are cut into slices, ready to use immediately after opening the package. Perfect for quick pizza baking or quick preparation of dishes for customers. Product imported from Spain, packaged in a can.<\/p>","protected":false},"excerpt":{"rendered":"<p>Sliced \u200b\u200bblack olives, dedicated to the HoReCa channel, in a large economical package. This type of olives is particularly easy to use in professional gastronomy - vegetables are cut into slices, ready to use immediately after opening the package. Perfect for quick pizza baking or quick preparation of dishes for customers. Product imported from Spain, packaged in a can.<\/p>","protected":false},"featured_media":6811,"template":"","meta":[],"product_brand":[],"product_cat":[169,278],"product_tag":[183,186,178],"class_list":{"0":"post-6745","1":"product","2":"type-product","3":"status-publish","4":"has-post-thumbnail","6":"product_cat-oliwy-i-oliwki","7":"product_cat-produkty-horeca","8":"product_tag-grecka","9":"product_tag-hiszpanska","10":"product_tag-wloska","12":"first","13":"instock","14":"shipping-taxable","15":"product-type-simple"},"yoast_head":"<!-- This site is optimized with the Yoast SEO plugin v26.5 - https:\/\/yoast.com\/wordpress\/plugins\/seo\/ -->\n<title>Oliwki czarne krojone - Produkty - Smaki Vera<\/title>\n<meta name=\"description\" content=\"Wyj\u0105tkowe Oliwki czarne krojone od marki Vera. Przygotuj pyszne dania z naszymi produktami. Nowych pomys\u0142\u00f3w szukaj w dziale z Inspiracjami | Smaki Vera\" \/>\n<meta name=\"robots\" content=\"index, follow, max-snippet:-1, max-image-preview:large, max-video-preview:-1\" \/>\n<link rel=\"canonical\" href=\"https:\/\/smakivera.pl\/en\/product\/sliced-black-olives-2\/\" \/>\n<meta property=\"og:locale\" content=\"en_GB\" \/>\n<meta property=\"og:type\" content=\"article\" \/>\n<meta property=\"og:title\" content=\"Oliwki czarne krojone - Produkty - Smaki Vera\" \/>\n<meta property=\"og:description\" content=\"Wyj\u0105tkowe Oliwki czarne krojone od marki Vera. Przygotuj pyszne dania z naszymi produktami. Nowych pomys\u0142\u00f3w szukaj w dziale z Inspiracjami | Smaki Vera\" \/>\n<meta property=\"og:url\" content=\"https:\/\/smakivera.pl\/en\/product\/sliced-black-olives-2\/\" \/>\n<meta property=\"og:site_name\" content=\"VERA - Ca\u0142y \u015bwiat w Twojej Kuchni\" \/>\n<meta property=\"article:publisher\" content=\"https:\/\/www.facebook.com\/smakivera\" \/>\n<meta property=\"article:modified_time\" content=\"2023-02-24T15:08:10+00:00\" \/>\n<meta property=\"og:image\" content=\"https:\/\/smakivera.pl\/wp-content\/uploads\/2023\/02\/oliwki-czarne-krojone-3000-CIEN.png\" \/>\n\t<meta property=\"og:image:width\" content=\"800\" \/>\n\t<meta property=\"og:image:height\" content=\"800\" \/>\n\t<meta property=\"og:image:type\" content=\"image\/png\" \/>\n<meta name=\"twitter:card\" content=\"summary_large_image\" \/>\n<meta name=\"twitter:label1\" content=\"Estimated reading time\" \/>\n\t<meta name=\"twitter:data1\" content=\"1 minute\" \/>\n<script type=\"application\/ld+json\" class=\"yoast-schema-graph\">{\"@context\":\"https:\/\/schema.org\",\"@graph\":[{\"@type\":\"WebPage\",\"@id\":\"https:\/\/smakivera.pl\/produkt\/oliwki-czarne-krojone-2\/\",\"url\":\"https:\/\/smakivera.pl\/produkt\/oliwki-czarne-krojone-2\/\",\"name\":\"Oliwki czarne krojone - Produkty - Smaki Vera\",\"isPartOf\":{\"@id\":\"https:\/\/smakivera.pl\/#website\"},\"primaryImageOfPage\":{\"@id\":\"https:\/\/smakivera.pl\/produkt\/oliwki-czarne-krojone-2\/#primaryimage\"},\"image\":{\"@id\":\"https:\/\/smakivera.pl\/produkt\/oliwki-czarne-krojone-2\/#primaryimage\"},\"thumbnailUrl\":\"https:\/\/smakivera.pl\/wp-content\/uploads\/2023\/02\/oliwki-czarne-krojone-3000-CIEN.png\",\"datePublished\":\"2023-02-24T13:19:28+00:00\",\"dateModified\":\"2023-02-24T15:08:10+00:00\",\"description\":\"Wyj\u0105tkowe Oliwki czarne krojone od marki Vera. Przygotuj pyszne dania z naszymi produktami. Nowych pomys\u0142\u00f3w szukaj w dziale z Inspiracjami | Smaki Vera\",\"breadcrumb\":{\"@id\":\"https:\/\/smakivera.pl\/produkt\/oliwki-czarne-krojone-2\/#breadcrumb\"},\"inLanguage\":\"en-GB\",\"potentialAction\":[{\"@type\":\"ReadAction\",\"target\":[\"https:\/\/smakivera.pl\/produkt\/oliwki-czarne-krojone-2\/\"]}]},{\"@type\":\"ImageObject\",\"inLanguage\":\"en-GB\",\"@id\":\"https:\/\/smakivera.pl\/produkt\/oliwki-czarne-krojone-2\/#primaryimage\",\"url\":\"https:\/\/smakivera.pl\/wp-content\/uploads\/2023\/02\/oliwki-czarne-krojone-3000-CIEN.png\",\"contentUrl\":\"https:\/\/smakivera.pl\/wp-content\/uploads\/2023\/02\/oliwki-czarne-krojone-3000-CIEN.png\",\"width\":800,\"height\":800},{\"@type\":\"BreadcrumbList\",\"@id\":\"https:\/\/smakivera.pl\/produkt\/oliwki-czarne-krojone-2\/#breadcrumb\",\"itemListElement\":[{\"@type\":\"ListItem\",\"position\":1,\"name\":\"Strona g\u0142\u00f3wna\",\"item\":\"https:\/\/smakivera.pl\/\"},{\"@type\":\"ListItem\",\"position\":2,\"name\":\"Produkty\",\"item\":\"https:\/\/smakivera.pl\/shop\/\"},{\"@type\":\"ListItem\",\"position\":3,\"name\":\"Oliwki czarne krojone\"}]},{\"@type\":\"WebSite\",\"@id\":\"https:\/\/smakivera.pl\/#website\",\"url\":\"https:\/\/smakivera.pl\/\",\"name\":\"VERA - Ca\u0142y \u015bwiat w Twojej Kuchni\",\"description\":\"Udaj si\u0119 z nami w kulinarn\u0105 podr\u00f3\u017c... do s\u0142onecznej Hiszpanii po pyszne oliwy, do W\u0142och po pachn\u0105ce pomidory, a mo\u017ce do Indii po tropikalne owoce?\",\"publisher\":{\"@id\":\"https:\/\/smakivera.pl\/#organization\"},\"potentialAction\":[{\"@type\":\"SearchAction\",\"target\":{\"@type\":\"EntryPoint\",\"urlTemplate\":\"https:\/\/smakivera.pl\/?s={search_term_string}\"},\"query-input\":{\"@type\":\"PropertyValueSpecification\",\"valueRequired\":true,\"valueName\":\"search_term_string\"}}],\"inLanguage\":\"en-GB\"},{\"@type\":\"Organization\",\"@id\":\"https:\/\/smakivera.pl\/#organization\",\"name\":\"VERA - Zapro\u015b ca\u0142y \u015bwiat do swojej kuchni\",\"url\":\"https:\/\/smakivera.pl\/\",\"logo\":{\"@type\":\"ImageObject\",\"inLanguage\":\"en-GB\",\"@id\":\"https:\/\/smakivera.pl\/#\/schema\/logo\/image\/\",\"url\":\"https:\/\/smakivera.pl\/wp-content\/uploads\/2021\/02\/vera-gastronomia.png\",\"contentUrl\":\"https:\/\/smakivera.pl\/wp-content\/uploads\/2021\/02\/vera-gastronomia.png\",\"width\":200,\"height\":200,\"caption\":\"VERA - Zapro\u015b ca\u0142y \u015bwiat do swojej kuchni\"},\"image\":{\"@id\":\"https:\/\/smakivera.pl\/#\/schema\/logo\/image\/\"},\"sameAs\":[\"https:\/\/www.facebook.com\/smakivera\",\"https:\/\/www.instagram.com\/smakivera\/\",\"https:\/\/pl.pinterest.com\/smakivera\"]}]}<\/script>\n<!-- \/ Yoast SEO plugin. -->","yoast_head_json":{"title":"Sliced black olives - Products - Flavours of Vera","description":"Exceptional Sliced Black Olives from the Vera brand. Prepare delicious dishes with our products. For new ideas, see Inspirations | Flavours by Vera.","robots":{"index":"index","follow":"follow","max-snippet":"max-snippet:-1","max-image-preview":"max-image-preview:large","max-video-preview":"max-video-preview:-1"},"canonical":"https:\/\/smakivera.pl\/en\/product\/sliced-black-olives-2\/","og_locale":"en_GB","og_type":"article","og_title":"Oliwki czarne krojone - Produkty - Smaki Vera","og_description":"Wyj\u0105tkowe Oliwki czarne krojone od marki Vera. Przygotuj pyszne dania z naszymi produktami. Nowych pomys\u0142\u00f3w szukaj w dziale z Inspiracjami | Smaki Vera","og_url":"https:\/\/smakivera.pl\/en\/product\/sliced-black-olives-2\/","og_site_name":"VERA - Ca\u0142y \u015bwiat w Twojej Kuchni","article_publisher":"https:\/\/www.facebook.com\/smakivera","article_modified_time":"2023-02-24T15:08:10+00:00","og_image":[{"width":800,"height":800,"url":"https:\/\/smakivera.pl\/wp-content\/uploads\/2023\/02\/oliwki-czarne-krojone-3000-CIEN.png","type":"image\/png"}],"twitter_card":"summary_large_image","twitter_misc":{"Estimated reading time":"1 minute"},"schema":{"@context":"https:\/\/schema.org","@graph":[{"@type":"WebPage","@id":"https:\/\/smakivera.pl\/produkt\/oliwki-czarne-krojone-2\/","url":"https:\/\/smakivera.pl\/produkt\/oliwki-czarne-krojone-2\/","name":"Sliced black olives - Products - Flavours of Vera","isPartOf":{"@id":"https:\/\/smakivera.pl\/#website"},"primaryImageOfPage":{"@id":"https:\/\/smakivera.pl\/produkt\/oliwki-czarne-krojone-2\/#primaryimage"},"image":{"@id":"https:\/\/smakivera.pl\/produkt\/oliwki-czarne-krojone-2\/#primaryimage"},"thumbnailUrl":"https:\/\/smakivera.pl\/wp-content\/uploads\/2023\/02\/oliwki-czarne-krojone-3000-CIEN.png","datePublished":"2023-02-24T13:19:28+00:00","dateModified":"2023-02-24T15:08:10+00:00","description":"Exceptional Sliced Black Olives from the Vera brand. Prepare delicious dishes with our products. For new ideas, see Inspirations | Flavours by Vera.","breadcrumb":{"@id":"https:\/\/smakivera.pl\/produkt\/oliwki-czarne-krojone-2\/#breadcrumb"},"inLanguage":"en-GB","potentialAction":[{"@type":"ReadAction","target":["https:\/\/smakivera.pl\/produkt\/oliwki-czarne-krojone-2\/"]}]},{"@type":"ImageObject","inLanguage":"en-GB","@id":"https:\/\/smakivera.pl\/produkt\/oliwki-czarne-krojone-2\/#primaryimage","url":"https:\/\/smakivera.pl\/wp-content\/uploads\/2023\/02\/oliwki-czarne-krojone-3000-CIEN.png","contentUrl":"https:\/\/smakivera.pl\/wp-content\/uploads\/2023\/02\/oliwki-czarne-krojone-3000-CIEN.png","width":800,"height":800},{"@type":"BreadcrumbList","@id":"https:\/\/smakivera.pl\/produkt\/oliwki-czarne-krojone-2\/#breadcrumb","itemListElement":[{"@type":"ListItem","position":1,"name":"Strona g\u0142\u00f3wna","item":"https:\/\/smakivera.pl\/"},{"@type":"ListItem","position":2,"name":"Produkty","item":"https:\/\/smakivera.pl\/shop\/"},{"@type":"ListItem","position":3,"name":"Oliwki czarne krojone"}]},{"@type":"WebSite","@id":"https:\/\/smakivera.pl\/#website","url":"https:\/\/smakivera.pl\/","name":"VERA - A whole world in your kitchen","description":"Come with us on a culinary journey... to sunny Spain for delicious oils, to Italy for fragrant tomatoes, or perhaps to India for tropical fruits?","publisher":{"@id":"https:\/\/smakivera.pl\/#organization"},"potentialAction":[{"@type":"SearchAction","target":{"@type":"EntryPoint","urlTemplate":"https:\/\/smakivera.pl\/?s={search_term_string}"},"query-input":{"@type":"PropertyValueSpecification","valueRequired":true,"valueName":"search_term_string"}}],"inLanguage":"en-GB"},{"@type":"Organization","@id":"https:\/\/smakivera.pl\/#organization","name":"VERA - Invite the whole world into your kitchen","url":"https:\/\/smakivera.pl\/","logo":{"@type":"ImageObject","inLanguage":"en-GB","@id":"https:\/\/smakivera.pl\/#\/schema\/logo\/image\/","url":"https:\/\/smakivera.pl\/wp-content\/uploads\/2021\/02\/vera-gastronomia.png","contentUrl":"https:\/\/smakivera.pl\/wp-content\/uploads\/2021\/02\/vera-gastronomia.png","width":200,"height":200,"caption":"VERA - Zapro\u015b ca\u0142y \u015bwiat do swojej kuchni"},"image":{"@id":"https:\/\/smakivera.pl\/#\/schema\/logo\/image\/"},"sameAs":["https:\/\/www.facebook.com\/smakivera","https:\/\/www.instagram.com\/smakivera\/","https:\/\/pl.pinterest.com\/smakivera"]}]}},"_links":{"self":[{"href":"https:\/\/smakivera.pl\/en\/wp-json\/wp\/v2\/product\/6745","targetHints":{"allow":["GET"]}}],"collection":[{"href":"https:\/\/smakivera.pl\/en\/wp-json\/wp\/v2\/product"}],"about":[{"href":"https:\/\/smakivera.pl\/en\/wp-json\/wp\/v2\/types\/product"}],"wp:featuredmedia":[{"embeddable":true,"href":"https:\/\/smakivera.pl\/en\/wp-json\/wp\/v2\/media\/6811"}],"wp:attachment":[{"href":"https:\/\/smakivera.pl\/en\/wp-json\/wp\/v2\/media?parent=6745"}],"wp:term":[{"taxonomy":"product_brand","embeddable":true,"href":"https:\/\/smakivera.pl\/en\/wp-json\/wp\/v2\/product_brand?post=6745"},{"taxonomy":"product_cat","embeddable":true,"href":"https:\/\/smakivera.pl\/en\/wp-json\/wp\/v2\/product_cat?post=6745"},{"taxonomy":"product_tag","embeddable":true,"href":"https:\/\/smakivera.pl\/en\/wp-json\/wp\/v2\/product_tag?post=6745"}],"curies":[{"name":"wp","href":"https:\/\/api.w.org\/{rel}","templated":true}]}}