{"id":6760,"date":"2023-02-24T14:19:34","date_gmt":"2023-02-24T13:19:34","guid":{"rendered":"https:\/\/smakivera.pl\/produkt\/pomidory-suszone-na-sloncu-paski-w-oleju-slonecznikowym\/"},"modified":"2025-11-18T15:12:34","modified_gmt":"2025-11-18T14:12:34","slug":"sun-dried-tomato-strips-in-sunflower-oil","status":"publish","type":"product","link":"https:\/\/smakivera.pl\/en\/product\/sun-dried-tomato-strips-in-sunflower-oil\/","title":{"rendered":"Sun-dried tomatoes strips in sunflower oil"},"content":{"rendered":"<p>Sun-dried tomatoes, cut into strips and drenched in sunflower oil. A product dedicated to the HoReCa channel, tailor-made for the catering industry operating on a wider scale. Easy to use - thanks to the portioning into strips, the tomatoes are immediately ready to be added to any dish. Thanks to the drying process, they have acquired a delicate sweet and sour flavour, which we have further enriched with a blend of aromatic herbs. Use the oil from the marinade cold for salads or hot for frying. The product is available in an airtight pouch.<\/p>","protected":false},"excerpt":{"rendered":"<p>Pomidory suszone na s\u0142o\u0144cu, pokrojone w paski, zalane olejem s\u0142onecznikowym. Produkt dedykowany kana\u0142owi HoReCa, szyty na miar\u0119 dla gastronomii dzia\u0142aj\u0105cej na szersz\u0105 skal\u0119. \u0141atwy w u\u017cyciu \u2013 dzi\u0119ki porcjowaniu na paski, pomidory s\u0105 od razu gotowe do dodania do wszelkich da\u0144. Dzi\u0119ki poddaniu procesowi suszenia zyska\u0142y delikatny s\u0142odko-kwa\u015bny posmak, kt\u00f3ry dodatkowo ubogacili\u015bmy mieszank\u0105 aromatycznych zi\u00f3\u0142. [&hellip;]<\/p>","protected":false},"featured_media":6828,"template":"","meta":[],"product_brand":[],"product_cat":[278,155],"product_tag":[172,186,178],"class_list":{"0":"post-6760","1":"product","2":"type-product","3":"status-publish","4":"has-post-thumbnail","6":"product_cat-produkty-horeca","7":"product_cat-przetwory-warzywne","8":"product_tag-bliskiego-wschodu","9":"product_tag-hiszpanska","10":"product_tag-wloska","12":"first","13":"instock","14":"shipping-taxable","15":"product-type-simple"},"yoast_head":"<!-- This site is optimized with the Yoast SEO plugin v26.5 - https:\/\/yoast.com\/wordpress\/plugins\/seo\/ -->\n<title>Pomidory suszone na s\u0142o\u0144cu paski w oleju s\u0142onecznikowym - Produkty - Smaki Vera<\/title>\n<meta name=\"description\" content=\"Wyj\u0105tkowe Pomidory suszone na s\u0142o\u0144cu paski w oleju s\u0142onecznikowym od marki Vera. Przygotuj pyszne dania z naszymi produktami. Nowych pomys\u0142\u00f3w szukaj w dziale z Inspiracjami | Smaki Vera\" \/>\n<meta name=\"robots\" content=\"index, follow, max-snippet:-1, max-image-preview:large, max-video-preview:-1\" \/>\n<link rel=\"canonical\" href=\"https:\/\/smakivera.pl\/en\/product\/sun-dried-tomato-strips-in-sunflower-oil\/\" \/>\n<meta property=\"og:locale\" content=\"en_GB\" \/>\n<meta property=\"og:type\" content=\"article\" \/>\n<meta property=\"og:title\" content=\"Pomidory suszone na s\u0142o\u0144cu paski w oleju s\u0142onecznikowym - Produkty - Smaki Vera\" \/>\n<meta property=\"og:description\" content=\"Wyj\u0105tkowe Pomidory suszone na s\u0142o\u0144cu paski w oleju s\u0142onecznikowym od marki Vera. Przygotuj pyszne dania z naszymi produktami. Nowych pomys\u0142\u00f3w szukaj w dziale z Inspiracjami | Smaki Vera\" \/>\n<meta property=\"og:url\" content=\"https:\/\/smakivera.pl\/en\/product\/sun-dried-tomato-strips-in-sunflower-oil\/\" \/>\n<meta property=\"og:site_name\" content=\"VERA - Ca\u0142y \u015bwiat w Twojej Kuchni\" \/>\n<meta property=\"article:publisher\" content=\"https:\/\/www.facebook.com\/smakivera\" \/>\n<meta property=\"article:modified_time\" content=\"2025-11-18T14:12:34+00:00\" \/>\n<meta property=\"og:image\" content=\"https:\/\/smakivera.pl\/wp-content\/uploads\/2023\/02\/pomidory-suszone-paski-olej-1000-CIEN.png\" \/>\n\t<meta property=\"og:image:width\" content=\"800\" \/>\n\t<meta property=\"og:image:height\" content=\"800\" \/>\n\t<meta property=\"og:image:type\" content=\"image\/png\" \/>\n<meta name=\"twitter:card\" content=\"summary_large_image\" \/>\n<meta name=\"twitter:label1\" content=\"Estimated reading time\" \/>\n\t<meta name=\"twitter:data1\" content=\"1 minute\" \/>\n<script type=\"application\/ld+json\" class=\"yoast-schema-graph\">{\"@context\":\"https:\/\/schema.org\",\"@graph\":[{\"@type\":\"WebPage\",\"@id\":\"https:\/\/smakivera.pl\/produkt\/pomidory-suszone-na-sloncu-paski-w-oleju-slonecznikowym\/\",\"url\":\"https:\/\/smakivera.pl\/produkt\/pomidory-suszone-na-sloncu-paski-w-oleju-slonecznikowym\/\",\"name\":\"Pomidory suszone na s\u0142o\u0144cu paski w oleju s\u0142onecznikowym - Produkty - Smaki Vera\",\"isPartOf\":{\"@id\":\"https:\/\/smakivera.pl\/#website\"},\"primaryImageOfPage\":{\"@id\":\"https:\/\/smakivera.pl\/produkt\/pomidory-suszone-na-sloncu-paski-w-oleju-slonecznikowym\/#primaryimage\"},\"image\":{\"@id\":\"https:\/\/smakivera.pl\/produkt\/pomidory-suszone-na-sloncu-paski-w-oleju-slonecznikowym\/#primaryimage\"},\"thumbnailUrl\":\"https:\/\/smakivera.pl\/wp-content\/uploads\/2023\/02\/pomidory-suszone-paski-olej-1000-CIEN.png\",\"datePublished\":\"2023-02-24T13:19:34+00:00\",\"dateModified\":\"2025-11-18T14:12:34+00:00\",\"description\":\"Wyj\u0105tkowe Pomidory suszone na s\u0142o\u0144cu paski w oleju s\u0142onecznikowym od marki Vera. Przygotuj pyszne dania z naszymi produktami. Nowych pomys\u0142\u00f3w szukaj w dziale z Inspiracjami | Smaki Vera\",\"breadcrumb\":{\"@id\":\"https:\/\/smakivera.pl\/produkt\/pomidory-suszone-na-sloncu-paski-w-oleju-slonecznikowym\/#breadcrumb\"},\"inLanguage\":\"en-GB\",\"potentialAction\":[{\"@type\":\"ReadAction\",\"target\":[\"https:\/\/smakivera.pl\/produkt\/pomidory-suszone-na-sloncu-paski-w-oleju-slonecznikowym\/\"]}]},{\"@type\":\"ImageObject\",\"inLanguage\":\"en-GB\",\"@id\":\"https:\/\/smakivera.pl\/produkt\/pomidory-suszone-na-sloncu-paski-w-oleju-slonecznikowym\/#primaryimage\",\"url\":\"https:\/\/smakivera.pl\/wp-content\/uploads\/2023\/02\/pomidory-suszone-paski-olej-1000-CIEN.png\",\"contentUrl\":\"https:\/\/smakivera.pl\/wp-content\/uploads\/2023\/02\/pomidory-suszone-paski-olej-1000-CIEN.png\",\"width\":800,\"height\":800},{\"@type\":\"BreadcrumbList\",\"@id\":\"https:\/\/smakivera.pl\/produkt\/pomidory-suszone-na-sloncu-paski-w-oleju-slonecznikowym\/#breadcrumb\",\"itemListElement\":[{\"@type\":\"ListItem\",\"position\":1,\"name\":\"Strona g\u0142\u00f3wna\",\"item\":\"https:\/\/smakivera.pl\/\"},{\"@type\":\"ListItem\",\"position\":2,\"name\":\"Produkty\",\"item\":\"https:\/\/smakivera.pl\/shop\/\"},{\"@type\":\"ListItem\",\"position\":3,\"name\":\"Pomidory suszone na s\u0142o\u0144cu paski w oleju s\u0142onecznikowym\"}]},{\"@type\":\"WebSite\",\"@id\":\"https:\/\/smakivera.pl\/#website\",\"url\":\"https:\/\/smakivera.pl\/\",\"name\":\"VERA - Ca\u0142y \u015bwiat w Twojej Kuchni\",\"description\":\"Udaj si\u0119 z nami w kulinarn\u0105 podr\u00f3\u017c... do s\u0142onecznej Hiszpanii po pyszne oliwy, do W\u0142och po pachn\u0105ce pomidory, a mo\u017ce do Indii po tropikalne owoce?\",\"publisher\":{\"@id\":\"https:\/\/smakivera.pl\/#organization\"},\"potentialAction\":[{\"@type\":\"SearchAction\",\"target\":{\"@type\":\"EntryPoint\",\"urlTemplate\":\"https:\/\/smakivera.pl\/?s={search_term_string}\"},\"query-input\":{\"@type\":\"PropertyValueSpecification\",\"valueRequired\":true,\"valueName\":\"search_term_string\"}}],\"inLanguage\":\"en-GB\"},{\"@type\":\"Organization\",\"@id\":\"https:\/\/smakivera.pl\/#organization\",\"name\":\"VERA - Zapro\u015b ca\u0142y \u015bwiat do swojej kuchni\",\"url\":\"https:\/\/smakivera.pl\/\",\"logo\":{\"@type\":\"ImageObject\",\"inLanguage\":\"en-GB\",\"@id\":\"https:\/\/smakivera.pl\/#\/schema\/logo\/image\/\",\"url\":\"https:\/\/smakivera.pl\/wp-content\/uploads\/2021\/02\/vera-gastronomia.png\",\"contentUrl\":\"https:\/\/smakivera.pl\/wp-content\/uploads\/2021\/02\/vera-gastronomia.png\",\"width\":200,\"height\":200,\"caption\":\"VERA - Zapro\u015b ca\u0142y \u015bwiat do swojej kuchni\"},\"image\":{\"@id\":\"https:\/\/smakivera.pl\/#\/schema\/logo\/image\/\"},\"sameAs\":[\"https:\/\/www.facebook.com\/smakivera\",\"https:\/\/www.instagram.com\/smakivera\/\",\"https:\/\/pl.pinterest.com\/smakivera\"]}]}<\/script>\n<!-- \/ Yoast SEO plugin. -->","yoast_head_json":{"title":"Sun-dried tomato strips in sunflower oil - Products - Flavours of Vera","description":"Exceptional Sun-dried Tomato strips in sunflower oil from the Vera brand. Prepare delicious dishes with our products. Look for new ideas in the Inspirations section | Flavours by Vera.","robots":{"index":"index","follow":"follow","max-snippet":"max-snippet:-1","max-image-preview":"max-image-preview:large","max-video-preview":"max-video-preview:-1"},"canonical":"https:\/\/smakivera.pl\/en\/product\/sun-dried-tomato-strips-in-sunflower-oil\/","og_locale":"en_GB","og_type":"article","og_title":"Pomidory suszone na s\u0142o\u0144cu paski w oleju s\u0142onecznikowym - Produkty - Smaki Vera","og_description":"Wyj\u0105tkowe Pomidory suszone na s\u0142o\u0144cu paski w oleju s\u0142onecznikowym od marki Vera. Przygotuj pyszne dania z naszymi produktami. Nowych pomys\u0142\u00f3w szukaj w dziale z Inspiracjami | Smaki Vera","og_url":"https:\/\/smakivera.pl\/en\/product\/sun-dried-tomato-strips-in-sunflower-oil\/","og_site_name":"VERA - Ca\u0142y \u015bwiat w Twojej Kuchni","article_publisher":"https:\/\/www.facebook.com\/smakivera","article_modified_time":"2025-11-18T14:12:34+00:00","og_image":[{"width":800,"height":800,"url":"https:\/\/smakivera.pl\/wp-content\/uploads\/2023\/02\/pomidory-suszone-paski-olej-1000-CIEN.png","type":"image\/png"}],"twitter_card":"summary_large_image","twitter_misc":{"Estimated reading time":"1 minute"},"schema":{"@context":"https:\/\/schema.org","@graph":[{"@type":"WebPage","@id":"https:\/\/smakivera.pl\/produkt\/pomidory-suszone-na-sloncu-paski-w-oleju-slonecznikowym\/","url":"https:\/\/smakivera.pl\/produkt\/pomidory-suszone-na-sloncu-paski-w-oleju-slonecznikowym\/","name":"Sun-dried tomato strips in sunflower oil - Products - Flavours of Vera","isPartOf":{"@id":"https:\/\/smakivera.pl\/#website"},"primaryImageOfPage":{"@id":"https:\/\/smakivera.pl\/produkt\/pomidory-suszone-na-sloncu-paski-w-oleju-slonecznikowym\/#primaryimage"},"image":{"@id":"https:\/\/smakivera.pl\/produkt\/pomidory-suszone-na-sloncu-paski-w-oleju-slonecznikowym\/#primaryimage"},"thumbnailUrl":"https:\/\/smakivera.pl\/wp-content\/uploads\/2023\/02\/pomidory-suszone-paski-olej-1000-CIEN.png","datePublished":"2023-02-24T13:19:34+00:00","dateModified":"2025-11-18T14:12:34+00:00","description":"Exceptional Sun-dried Tomato strips in sunflower oil from the Vera brand. Prepare delicious dishes with our products. Look for new ideas in the Inspirations section | Flavours by Vera.","breadcrumb":{"@id":"https:\/\/smakivera.pl\/produkt\/pomidory-suszone-na-sloncu-paski-w-oleju-slonecznikowym\/#breadcrumb"},"inLanguage":"en-GB","potentialAction":[{"@type":"ReadAction","target":["https:\/\/smakivera.pl\/produkt\/pomidory-suszone-na-sloncu-paski-w-oleju-slonecznikowym\/"]}]},{"@type":"ImageObject","inLanguage":"en-GB","@id":"https:\/\/smakivera.pl\/produkt\/pomidory-suszone-na-sloncu-paski-w-oleju-slonecznikowym\/#primaryimage","url":"https:\/\/smakivera.pl\/wp-content\/uploads\/2023\/02\/pomidory-suszone-paski-olej-1000-CIEN.png","contentUrl":"https:\/\/smakivera.pl\/wp-content\/uploads\/2023\/02\/pomidory-suszone-paski-olej-1000-CIEN.png","width":800,"height":800},{"@type":"BreadcrumbList","@id":"https:\/\/smakivera.pl\/produkt\/pomidory-suszone-na-sloncu-paski-w-oleju-slonecznikowym\/#breadcrumb","itemListElement":[{"@type":"ListItem","position":1,"name":"Strona g\u0142\u00f3wna","item":"https:\/\/smakivera.pl\/"},{"@type":"ListItem","position":2,"name":"Produkty","item":"https:\/\/smakivera.pl\/shop\/"},{"@type":"ListItem","position":3,"name":"Pomidory suszone na s\u0142o\u0144cu paski w oleju s\u0142onecznikowym"}]},{"@type":"WebSite","@id":"https:\/\/smakivera.pl\/#website","url":"https:\/\/smakivera.pl\/","name":"VERA - A whole world in your kitchen","description":"Come with us on a culinary journey... to sunny Spain for delicious oils, to Italy for fragrant tomatoes, or perhaps to India for tropical fruits?","publisher":{"@id":"https:\/\/smakivera.pl\/#organization"},"potentialAction":[{"@type":"SearchAction","target":{"@type":"EntryPoint","urlTemplate":"https:\/\/smakivera.pl\/?s={search_term_string}"},"query-input":{"@type":"PropertyValueSpecification","valueRequired":true,"valueName":"search_term_string"}}],"inLanguage":"en-GB"},{"@type":"Organization","@id":"https:\/\/smakivera.pl\/#organization","name":"VERA - Invite the whole world into your kitchen","url":"https:\/\/smakivera.pl\/","logo":{"@type":"ImageObject","inLanguage":"en-GB","@id":"https:\/\/smakivera.pl\/#\/schema\/logo\/image\/","url":"https:\/\/smakivera.pl\/wp-content\/uploads\/2021\/02\/vera-gastronomia.png","contentUrl":"https:\/\/smakivera.pl\/wp-content\/uploads\/2021\/02\/vera-gastronomia.png","width":200,"height":200,"caption":"VERA - Zapro\u015b ca\u0142y \u015bwiat do swojej kuchni"},"image":{"@id":"https:\/\/smakivera.pl\/#\/schema\/logo\/image\/"},"sameAs":["https:\/\/www.facebook.com\/smakivera","https:\/\/www.instagram.com\/smakivera\/","https:\/\/pl.pinterest.com\/smakivera"]}]}},"_links":{"self":[{"href":"https:\/\/smakivera.pl\/en\/wp-json\/wp\/v2\/product\/6760","targetHints":{"allow":["GET"]}}],"collection":[{"href":"https:\/\/smakivera.pl\/en\/wp-json\/wp\/v2\/product"}],"about":[{"href":"https:\/\/smakivera.pl\/en\/wp-json\/wp\/v2\/types\/product"}],"wp:featuredmedia":[{"embeddable":true,"href":"https:\/\/smakivera.pl\/en\/wp-json\/wp\/v2\/media\/6828"}],"wp:attachment":[{"href":"https:\/\/smakivera.pl\/en\/wp-json\/wp\/v2\/media?parent=6760"}],"wp:term":[{"taxonomy":"product_brand","embeddable":true,"href":"https:\/\/smakivera.pl\/en\/wp-json\/wp\/v2\/product_brand?post=6760"},{"taxonomy":"product_cat","embeddable":true,"href":"https:\/\/smakivera.pl\/en\/wp-json\/wp\/v2\/product_cat?post=6760"},{"taxonomy":"product_tag","embeddable":true,"href":"https:\/\/smakivera.pl\/en\/wp-json\/wp\/v2\/product_tag?post=6760"}],"curies":[{"name":"wp","href":"https:\/\/api.w.org\/{rel}","templated":true}]}}