{"id":7871,"date":"2024-06-18T13:13:24","date_gmt":"2024-06-18T11:13:24","guid":{"rendered":"https:\/\/smakivera.pl\/?post_type=product&#038;p=7871"},"modified":"2024-06-18T13:13:24","modified_gmt":"2024-06-18T11:13:24","slug":"sambal-spicy-pepper-and-tomato-sauce-5000-g-vera","status":"publish","type":"product","link":"https:\/\/smakivera.pl\/en\/product\/sambal-spicy-pepper-and-tomato-sauce-5000-g-vera\/","title":{"rendered":"Sambal sauce. Spicy pepper and tomato sauce. 5000 g VERA"},"content":{"rendered":"<p>This is an exotic sauce made from ripe red chilli peppers and tomatoes with added spices. Thick and spicy, it is the basis for all marinades and sauces in Indonesia, but is also served as an accompaniment to rice or noodle dishes. It gives each dish a unique original flavour and Asian character. In our country, it is mainly used for sauces served with burgers and wraps, but it is also ideal during the barbecue season. Marinades for meat or fish with sambal oelek make grilled dishes crisp and aromatic. Here in a large, economical and easy-to-use bucket.<\/p>","protected":false},"excerpt":{"rendered":"<p>This is an exotic sauce made from ripe red chilli peppers and tomatoes with added spices. Thick and spicy, it is the basis for all marinades and sauces in Indonesia, but is also served as an accompaniment to rice or noodle dishes. It gives each dish a unique original flavour and Asian character. In our country, it is mainly used in sauces served with [...].<\/p>","protected":false},"featured_media":7872,"template":"","meta":[],"product_brand":[],"product_cat":[278],"product_tag":[152,172,184],"class_list":{"0":"post-7871","1":"product","2":"type-product","3":"status-publish","4":"has-post-thumbnail","6":"product_cat-produkty-horeca","7":"product_tag-azjatycka","8":"product_tag-bliskiego-wschodu","9":"product_tag-indyjska","11":"first","12":"instock","13":"shipping-taxable","14":"product-type-simple"},"yoast_head":"<!-- This site is optimized with the Yoast SEO plugin v26.5 - https:\/\/yoast.com\/wordpress\/plugins\/seo\/ -->\n<title>Sos Sambal. Pikantny sos paprykowo-pomidorowy. 5000 g VERA - Produkty - Smaki Vera<\/title>\n<meta name=\"description\" content=\"Wyj\u0105tkowe Sos Sambal. Pikantny sos paprykowo-pomidorowy. 5000 g VERA od marki Vera. Przygotuj pyszne dania z naszymi produktami. Nowych pomys\u0142\u00f3w szukaj w dziale z Inspiracjami | Smaki Vera\" \/>\n<meta name=\"robots\" content=\"index, follow, max-snippet:-1, max-image-preview:large, max-video-preview:-1\" \/>\n<link rel=\"canonical\" href=\"https:\/\/smakivera.pl\/en\/product\/sambal-spicy-pepper-and-tomato-sauce-5000-g-vera\/\" \/>\n<meta property=\"og:locale\" content=\"en_GB\" \/>\n<meta property=\"og:type\" content=\"article\" \/>\n<meta property=\"og:title\" content=\"Sos Sambal. Pikantny sos paprykowo-pomidorowy. 5000 g VERA - Produkty - Smaki Vera\" \/>\n<meta property=\"og:description\" content=\"Wyj\u0105tkowe Sos Sambal. Pikantny sos paprykowo-pomidorowy. 5000 g VERA od marki Vera. Przygotuj pyszne dania z naszymi produktami. Nowych pomys\u0142\u00f3w szukaj w dziale z Inspiracjami | Smaki Vera\" \/>\n<meta property=\"og:url\" content=\"https:\/\/smakivera.pl\/en\/product\/sambal-spicy-pepper-and-tomato-sauce-5000-g-vera\/\" \/>\n<meta property=\"og:site_name\" content=\"VERA - Ca\u0142y \u015bwiat w Twojej Kuchni\" \/>\n<meta property=\"article:publisher\" content=\"https:\/\/www.facebook.com\/smakivera\" \/>\n<meta property=\"og:image\" content=\"https:\/\/smakivera.pl\/wp-content\/uploads\/2024\/06\/sambal-oelek-5000-CIEN.webp\" \/>\n\t<meta property=\"og:image:width\" content=\"1000\" \/>\n\t<meta property=\"og:image:height\" content=\"1000\" \/>\n\t<meta property=\"og:image:type\" content=\"image\/webp\" \/>\n<meta name=\"twitter:card\" content=\"summary_large_image\" \/>\n<meta name=\"twitter:label1\" content=\"Estimated reading time\" \/>\n\t<meta name=\"twitter:data1\" content=\"1 minute\" \/>\n<script type=\"application\/ld+json\" class=\"yoast-schema-graph\">{\"@context\":\"https:\/\/schema.org\",\"@graph\":[{\"@type\":\"WebPage\",\"@id\":\"https:\/\/smakivera.pl\/produkt\/sos-sambal-pikantny-sos-paprykowo-pomidorowy-5000-g-vera\/\",\"url\":\"https:\/\/smakivera.pl\/produkt\/sos-sambal-pikantny-sos-paprykowo-pomidorowy-5000-g-vera\/\",\"name\":\"Sos Sambal. Pikantny sos paprykowo-pomidorowy. 5000 g VERA - Produkty - Smaki Vera\",\"isPartOf\":{\"@id\":\"https:\/\/smakivera.pl\/#website\"},\"primaryImageOfPage\":{\"@id\":\"https:\/\/smakivera.pl\/produkt\/sos-sambal-pikantny-sos-paprykowo-pomidorowy-5000-g-vera\/#primaryimage\"},\"image\":{\"@id\":\"https:\/\/smakivera.pl\/produkt\/sos-sambal-pikantny-sos-paprykowo-pomidorowy-5000-g-vera\/#primaryimage\"},\"thumbnailUrl\":\"https:\/\/smakivera.pl\/wp-content\/uploads\/2024\/06\/sambal-oelek-5000-CIEN.webp\",\"datePublished\":\"2024-06-18T11:13:24+00:00\",\"description\":\"Wyj\u0105tkowe Sos Sambal. Pikantny sos paprykowo-pomidorowy. 5000 g VERA od marki Vera. Przygotuj pyszne dania z naszymi produktami. Nowych pomys\u0142\u00f3w szukaj w dziale z Inspiracjami | Smaki Vera\",\"breadcrumb\":{\"@id\":\"https:\/\/smakivera.pl\/produkt\/sos-sambal-pikantny-sos-paprykowo-pomidorowy-5000-g-vera\/#breadcrumb\"},\"inLanguage\":\"en-GB\",\"potentialAction\":[{\"@type\":\"ReadAction\",\"target\":[\"https:\/\/smakivera.pl\/produkt\/sos-sambal-pikantny-sos-paprykowo-pomidorowy-5000-g-vera\/\"]}]},{\"@type\":\"ImageObject\",\"inLanguage\":\"en-GB\",\"@id\":\"https:\/\/smakivera.pl\/produkt\/sos-sambal-pikantny-sos-paprykowo-pomidorowy-5000-g-vera\/#primaryimage\",\"url\":\"https:\/\/smakivera.pl\/wp-content\/uploads\/2024\/06\/sambal-oelek-5000-CIEN.webp\",\"contentUrl\":\"https:\/\/smakivera.pl\/wp-content\/uploads\/2024\/06\/sambal-oelek-5000-CIEN.webp\",\"width\":1000,\"height\":1000},{\"@type\":\"BreadcrumbList\",\"@id\":\"https:\/\/smakivera.pl\/produkt\/sos-sambal-pikantny-sos-paprykowo-pomidorowy-5000-g-vera\/#breadcrumb\",\"itemListElement\":[{\"@type\":\"ListItem\",\"position\":1,\"name\":\"Strona g\u0142\u00f3wna\",\"item\":\"https:\/\/smakivera.pl\/\"},{\"@type\":\"ListItem\",\"position\":2,\"name\":\"Produkty\",\"item\":\"https:\/\/smakivera.pl\/shop\/\"},{\"@type\":\"ListItem\",\"position\":3,\"name\":\"Sos Sambal. Pikantny sos paprykowo-pomidorowy. 5000 g VERA\"}]},{\"@type\":\"WebSite\",\"@id\":\"https:\/\/smakivera.pl\/#website\",\"url\":\"https:\/\/smakivera.pl\/\",\"name\":\"VERA - Ca\u0142y \u015bwiat w Twojej Kuchni\",\"description\":\"Udaj si\u0119 z nami w kulinarn\u0105 podr\u00f3\u017c... do s\u0142onecznej Hiszpanii po pyszne oliwy, do W\u0142och po pachn\u0105ce pomidory, a mo\u017ce do Indii po tropikalne owoce?\",\"publisher\":{\"@id\":\"https:\/\/smakivera.pl\/#organization\"},\"potentialAction\":[{\"@type\":\"SearchAction\",\"target\":{\"@type\":\"EntryPoint\",\"urlTemplate\":\"https:\/\/smakivera.pl\/?s={search_term_string}\"},\"query-input\":{\"@type\":\"PropertyValueSpecification\",\"valueRequired\":true,\"valueName\":\"search_term_string\"}}],\"inLanguage\":\"en-GB\"},{\"@type\":\"Organization\",\"@id\":\"https:\/\/smakivera.pl\/#organization\",\"name\":\"VERA - Zapro\u015b ca\u0142y \u015bwiat do swojej kuchni\",\"url\":\"https:\/\/smakivera.pl\/\",\"logo\":{\"@type\":\"ImageObject\",\"inLanguage\":\"en-GB\",\"@id\":\"https:\/\/smakivera.pl\/#\/schema\/logo\/image\/\",\"url\":\"https:\/\/smakivera.pl\/wp-content\/uploads\/2021\/02\/vera-gastronomia.png\",\"contentUrl\":\"https:\/\/smakivera.pl\/wp-content\/uploads\/2021\/02\/vera-gastronomia.png\",\"width\":200,\"height\":200,\"caption\":\"VERA - Zapro\u015b ca\u0142y \u015bwiat do swojej kuchni\"},\"image\":{\"@id\":\"https:\/\/smakivera.pl\/#\/schema\/logo\/image\/\"},\"sameAs\":[\"https:\/\/www.facebook.com\/smakivera\",\"https:\/\/www.instagram.com\/smakivera\/\",\"https:\/\/pl.pinterest.com\/smakivera\"]}]}<\/script>\n<!-- \/ Yoast SEO plugin. -->","yoast_head_json":{"title":"Sambal sauce. Spicy pepper and tomato sauce. 5000 g VERA - Products - Flavours of Vera","description":"Exceptional Sambal Sauce. Spicy pepper and tomato sauce. 5000 g VERA from the Vera brand. Prepare delicious dishes with our products. Look for new ideas in the Inspirations section | Flavours by Vera.","robots":{"index":"index","follow":"follow","max-snippet":"max-snippet:-1","max-image-preview":"max-image-preview:large","max-video-preview":"max-video-preview:-1"},"canonical":"https:\/\/smakivera.pl\/en\/product\/sambal-spicy-pepper-and-tomato-sauce-5000-g-vera\/","og_locale":"en_GB","og_type":"article","og_title":"Sos Sambal. Pikantny sos paprykowo-pomidorowy. 5000 g VERA - Produkty - Smaki Vera","og_description":"Wyj\u0105tkowe Sos Sambal. Pikantny sos paprykowo-pomidorowy. 5000 g VERA od marki Vera. Przygotuj pyszne dania z naszymi produktami. Nowych pomys\u0142\u00f3w szukaj w dziale z Inspiracjami | Smaki Vera","og_url":"https:\/\/smakivera.pl\/en\/product\/sambal-spicy-pepper-and-tomato-sauce-5000-g-vera\/","og_site_name":"VERA - Ca\u0142y \u015bwiat w Twojej Kuchni","article_publisher":"https:\/\/www.facebook.com\/smakivera","og_image":[{"width":1000,"height":1000,"url":"https:\/\/smakivera.pl\/wp-content\/uploads\/2024\/06\/sambal-oelek-5000-CIEN.webp","type":"image\/webp"}],"twitter_card":"summary_large_image","twitter_misc":{"Estimated reading time":"1 minute"},"schema":{"@context":"https:\/\/schema.org","@graph":[{"@type":"WebPage","@id":"https:\/\/smakivera.pl\/produkt\/sos-sambal-pikantny-sos-paprykowo-pomidorowy-5000-g-vera\/","url":"https:\/\/smakivera.pl\/produkt\/sos-sambal-pikantny-sos-paprykowo-pomidorowy-5000-g-vera\/","name":"Sambal sauce. Spicy pepper and tomato sauce. 5000 g VERA - Products - Flavours of Vera","isPartOf":{"@id":"https:\/\/smakivera.pl\/#website"},"primaryImageOfPage":{"@id":"https:\/\/smakivera.pl\/produkt\/sos-sambal-pikantny-sos-paprykowo-pomidorowy-5000-g-vera\/#primaryimage"},"image":{"@id":"https:\/\/smakivera.pl\/produkt\/sos-sambal-pikantny-sos-paprykowo-pomidorowy-5000-g-vera\/#primaryimage"},"thumbnailUrl":"https:\/\/smakivera.pl\/wp-content\/uploads\/2024\/06\/sambal-oelek-5000-CIEN.webp","datePublished":"2024-06-18T11:13:24+00:00","description":"Exceptional Sambal Sauce. Spicy pepper and tomato sauce. 5000 g VERA from the Vera brand. Prepare delicious dishes with our products. Look for new ideas in the Inspirations section | Flavours by Vera.","breadcrumb":{"@id":"https:\/\/smakivera.pl\/produkt\/sos-sambal-pikantny-sos-paprykowo-pomidorowy-5000-g-vera\/#breadcrumb"},"inLanguage":"en-GB","potentialAction":[{"@type":"ReadAction","target":["https:\/\/smakivera.pl\/produkt\/sos-sambal-pikantny-sos-paprykowo-pomidorowy-5000-g-vera\/"]}]},{"@type":"ImageObject","inLanguage":"en-GB","@id":"https:\/\/smakivera.pl\/produkt\/sos-sambal-pikantny-sos-paprykowo-pomidorowy-5000-g-vera\/#primaryimage","url":"https:\/\/smakivera.pl\/wp-content\/uploads\/2024\/06\/sambal-oelek-5000-CIEN.webp","contentUrl":"https:\/\/smakivera.pl\/wp-content\/uploads\/2024\/06\/sambal-oelek-5000-CIEN.webp","width":1000,"height":1000},{"@type":"BreadcrumbList","@id":"https:\/\/smakivera.pl\/produkt\/sos-sambal-pikantny-sos-paprykowo-pomidorowy-5000-g-vera\/#breadcrumb","itemListElement":[{"@type":"ListItem","position":1,"name":"Strona g\u0142\u00f3wna","item":"https:\/\/smakivera.pl\/"},{"@type":"ListItem","position":2,"name":"Produkty","item":"https:\/\/smakivera.pl\/shop\/"},{"@type":"ListItem","position":3,"name":"Sos Sambal. Pikantny sos paprykowo-pomidorowy. 5000 g VERA"}]},{"@type":"WebSite","@id":"https:\/\/smakivera.pl\/#website","url":"https:\/\/smakivera.pl\/","name":"VERA - A whole world in your kitchen","description":"Come with us on a culinary journey... to sunny Spain for delicious oils, to Italy for fragrant tomatoes, or perhaps to India for tropical fruits?","publisher":{"@id":"https:\/\/smakivera.pl\/#organization"},"potentialAction":[{"@type":"SearchAction","target":{"@type":"EntryPoint","urlTemplate":"https:\/\/smakivera.pl\/?s={search_term_string}"},"query-input":{"@type":"PropertyValueSpecification","valueRequired":true,"valueName":"search_term_string"}}],"inLanguage":"en-GB"},{"@type":"Organization","@id":"https:\/\/smakivera.pl\/#organization","name":"VERA - Invite the whole world into your kitchen","url":"https:\/\/smakivera.pl\/","logo":{"@type":"ImageObject","inLanguage":"en-GB","@id":"https:\/\/smakivera.pl\/#\/schema\/logo\/image\/","url":"https:\/\/smakivera.pl\/wp-content\/uploads\/2021\/02\/vera-gastronomia.png","contentUrl":"https:\/\/smakivera.pl\/wp-content\/uploads\/2021\/02\/vera-gastronomia.png","width":200,"height":200,"caption":"VERA - Zapro\u015b ca\u0142y \u015bwiat do swojej kuchni"},"image":{"@id":"https:\/\/smakivera.pl\/#\/schema\/logo\/image\/"},"sameAs":["https:\/\/www.facebook.com\/smakivera","https:\/\/www.instagram.com\/smakivera\/","https:\/\/pl.pinterest.com\/smakivera"]}]}},"_links":{"self":[{"href":"https:\/\/smakivera.pl\/en\/wp-json\/wp\/v2\/product\/7871","targetHints":{"allow":["GET"]}}],"collection":[{"href":"https:\/\/smakivera.pl\/en\/wp-json\/wp\/v2\/product"}],"about":[{"href":"https:\/\/smakivera.pl\/en\/wp-json\/wp\/v2\/types\/product"}],"wp:featuredmedia":[{"embeddable":true,"href":"https:\/\/smakivera.pl\/en\/wp-json\/wp\/v2\/media\/7872"}],"wp:attachment":[{"href":"https:\/\/smakivera.pl\/en\/wp-json\/wp\/v2\/media?parent=7871"}],"wp:term":[{"taxonomy":"product_brand","embeddable":true,"href":"https:\/\/smakivera.pl\/en\/wp-json\/wp\/v2\/product_brand?post=7871"},{"taxonomy":"product_cat","embeddable":true,"href":"https:\/\/smakivera.pl\/en\/wp-json\/wp\/v2\/product_cat?post=7871"},{"taxonomy":"product_tag","embeddable":true,"href":"https:\/\/smakivera.pl\/en\/wp-json\/wp\/v2\/product_tag?post=7871"}],"curies":[{"name":"wp","href":"https:\/\/api.w.org\/{rel}","templated":true}]}}