{"id":10745,"date":"2026-03-10T13:21:12","date_gmt":"2026-03-10T12:21:12","guid":{"rendered":"https:\/\/smakivera.pl\/?post_type=product&#038;p=10745"},"modified":"2026-03-10T13:21:57","modified_gmt":"2026-03-10T12:21:57","slug":"pedy-bambusa-w-paskach-2950g-puszka-kopia","status":"publish","type":"product","link":"https:\/\/smakivera.pl\/ua\/\u043f\u0440\u043e\u0434\u0443\u043a\u0442\/pedy-bambusa-w-paskach-2950g-puszka-kopia\/","title":{"rendered":"P\u0119dy bambusa w paskach 2950g puszka (Kopia)"},"content":{"rendered":"<p>Idealne rozwi\u0105zanie dla szef\u00f3w kuchni ceni\u0105cych naturalny wygl\u0105d i tekstur\u0119 sk\u0142adnik\u00f3w. Ca\u0142e, m\u0142ode sto\u017cki bambusa charakteryzuj\u0105 si\u0119 wyj\u0105tkow\u0105 chrupko\u015bci\u0105 i delikatnym, lekko s\u0142odkawym smakiem. Doskona\u0142e jako baza lub dekoracyjny element da\u0144 typu stir-fry, azjatyckich zup (np. Tom Kha) oraz potraw duszonych. Mo\u017cna je serwowa\u0107 w ca\u0142o\u015bci lub kroi\u0107 wed\u0142ug w\u0142asnego uznania. Selekcjonowane, mi\u0119kkie p\u0119dy bez \u015blad\u00f3w \u0142ykowato\u015bci. Zachowuj\u0105 idealn\u0105 struktur\u0119 nawet po d\u0142ugiej obr\u00f3bce termicznej. Produkt dedykowany dla sektora HoReCa.<\/p>","protected":false},"excerpt":{"rendered":"<p>Idealne rozwi\u0105zanie dla szef\u00f3w kuchni ceni\u0105cych naturalny wygl\u0105d i tekstur\u0119 sk\u0142adnik\u00f3w. Ca\u0142e, m\u0142ode sto\u017cki bambusa charakteryzuj\u0105 si\u0119 wyj\u0105tkow\u0105 chrupko\u015bci\u0105 i delikatnym, lekko s\u0142odkawym smakiem. Doskona\u0142e jako baza lub dekoracyjny element da\u0144 typu stir-fry, azjatyckich zup (np. Tom Kha) oraz potraw duszonych. Mo\u017cna je serwowa\u0107 w ca\u0142o\u015bci lub kroi\u0107 wed\u0142ug w\u0142asnego uznania. Selekcjonowane, mi\u0119kkie p\u0119dy bez [&hellip;]<\/p>","protected":false},"featured_media":10741,"template":"","meta":[],"product_brand":[],"product_cat":[278,155],"product_tag":[],"class_list":{"0":"post-10745","1":"product","2":"type-product","3":"status-publish","4":"has-post-thumbnail","6":"product_cat-produkty-horeca","7":"product_cat-przetwory-warzywne","9":"first","10":"instock","11":"shipping-taxable","12":"product-type-simple"},"yoast_head":"<!-- This site is optimized with the Yoast SEO plugin v26.5 - https:\/\/yoast.com\/wordpress\/plugins\/seo\/ -->\n<title>P\u0119dy bambusa w paskach 2950g puszka (Kopia) - Produkty - Smaki Vera<\/title>\n<meta name=\"description\" content=\"Wyj\u0105tkowe P\u0119dy bambusa w paskach 2950g puszka (Kopia) od marki Vera. Przygotuj pyszne dania z naszymi produktami. Nowych pomys\u0142\u00f3w szukaj w dziale z Inspiracjami | Smaki Vera\" \/>\n<meta name=\"robots\" content=\"index, follow, max-snippet:-1, max-image-preview:large, max-video-preview:-1\" \/>\n<link rel=\"canonical\" href=\"https:\/\/smakivera.pl\/ua\/\u043f\u0440\u043e\u0434\u0443\u043a\u0442\/pedy-bambusa-w-paskach-2950g-puszka-kopia\/\" \/>\n<meta property=\"og:locale\" content=\"uk_UA\" \/>\n<meta property=\"og:type\" content=\"article\" \/>\n<meta property=\"og:title\" content=\"P\u0119dy bambusa w paskach 2950g puszka (Kopia) - Produkty - Smaki Vera\" \/>\n<meta property=\"og:description\" content=\"Wyj\u0105tkowe P\u0119dy bambusa w paskach 2950g puszka (Kopia) od marki Vera. Przygotuj pyszne dania z naszymi produktami. Nowych pomys\u0142\u00f3w szukaj w dziale z Inspiracjami | Smaki Vera\" \/>\n<meta property=\"og:url\" content=\"https:\/\/smakivera.pl\/ua\/\u043f\u0440\u043e\u0434\u0443\u043a\u0442\/pedy-bambusa-w-paskach-2950g-puszka-kopia\/\" \/>\n<meta property=\"og:site_name\" content=\"VERA - Ca\u0142y \u015bwiat w Twojej Kuchni\" \/>\n<meta property=\"article:publisher\" content=\"https:\/\/www.facebook.com\/smakivera\" \/>\n<meta property=\"article:modified_time\" content=\"2026-03-10T12:21:57+00:00\" \/>\n<meta property=\"og:image\" content=\"https:\/\/smakivera.pl\/wp-content\/uploads\/2026\/03\/bambus-stozki-2950g-1.webp\" \/>\n\t<meta property=\"og:image:width\" content=\"1000\" \/>\n\t<meta property=\"og:image:height\" content=\"1000\" \/>\n\t<meta property=\"og:image:type\" content=\"image\/webp\" \/>\n<meta name=\"twitter:card\" content=\"summary_large_image\" \/>\n<meta name=\"twitter:label1\" content=\"\u041f\u0440\u0438\u0431\u043b. \u0447\u0430\u0441 \u0447\u0438\u0442\u0430\u043d\u043d\u044f\" \/>\n\t<meta name=\"twitter:data1\" content=\"1 \u0445\u0432\u0438\u043b\u0438\u043d\u0430\" \/>\n<script type=\"application\/ld+json\" class=\"yoast-schema-graph\">{\"@context\":\"https:\/\/schema.org\",\"@graph\":[{\"@type\":\"WebPage\",\"@id\":\"https:\/\/smakivera.pl\/produkt\/pedy-bambusa-w-paskach-2950g-puszka-kopia\/\",\"url\":\"https:\/\/smakivera.pl\/produkt\/pedy-bambusa-w-paskach-2950g-puszka-kopia\/\",\"name\":\"P\u0119dy bambusa w paskach 2950g puszka (Kopia) - Produkty - Smaki Vera\",\"isPartOf\":{\"@id\":\"https:\/\/smakivera.pl\/#website\"},\"primaryImageOfPage\":{\"@id\":\"https:\/\/smakivera.pl\/produkt\/pedy-bambusa-w-paskach-2950g-puszka-kopia\/#primaryimage\"},\"image\":{\"@id\":\"https:\/\/smakivera.pl\/produkt\/pedy-bambusa-w-paskach-2950g-puszka-kopia\/#primaryimage\"},\"thumbnailUrl\":\"https:\/\/smakivera.pl\/wp-content\/uploads\/2026\/03\/bambus-stozki-2950g-1.webp\",\"datePublished\":\"2026-03-10T12:21:12+00:00\",\"dateModified\":\"2026-03-10T12:21:57+00:00\",\"description\":\"Wyj\u0105tkowe P\u0119dy bambusa w paskach 2950g puszka (Kopia) od marki Vera. Przygotuj pyszne dania z naszymi produktami. Nowych pomys\u0142\u00f3w szukaj w dziale z Inspiracjami | Smaki Vera\",\"breadcrumb\":{\"@id\":\"https:\/\/smakivera.pl\/produkt\/pedy-bambusa-w-paskach-2950g-puszka-kopia\/#breadcrumb\"},\"inLanguage\":\"uk\",\"potentialAction\":[{\"@type\":\"ReadAction\",\"target\":[\"https:\/\/smakivera.pl\/produkt\/pedy-bambusa-w-paskach-2950g-puszka-kopia\/\"]}]},{\"@type\":\"ImageObject\",\"inLanguage\":\"uk\",\"@id\":\"https:\/\/smakivera.pl\/produkt\/pedy-bambusa-w-paskach-2950g-puszka-kopia\/#primaryimage\",\"url\":\"https:\/\/smakivera.pl\/wp-content\/uploads\/2026\/03\/bambus-stozki-2950g-1.webp\",\"contentUrl\":\"https:\/\/smakivera.pl\/wp-content\/uploads\/2026\/03\/bambus-stozki-2950g-1.webp\",\"width\":1000,\"height\":1000},{\"@type\":\"BreadcrumbList\",\"@id\":\"https:\/\/smakivera.pl\/produkt\/pedy-bambusa-w-paskach-2950g-puszka-kopia\/#breadcrumb\",\"itemListElement\":[{\"@type\":\"ListItem\",\"position\":1,\"name\":\"Strona g\u0142\u00f3wna\",\"item\":\"https:\/\/smakivera.pl\/\"},{\"@type\":\"ListItem\",\"position\":2,\"name\":\"Produkty\",\"item\":\"https:\/\/smakivera.pl\/shop\/\"},{\"@type\":\"ListItem\",\"position\":3,\"name\":\"P\u0119dy bambusa w paskach 2950g puszka (Kopia)\"}]},{\"@type\":\"WebSite\",\"@id\":\"https:\/\/smakivera.pl\/#website\",\"url\":\"https:\/\/smakivera.pl\/\",\"name\":\"VERA - Ca\u0142y \u015bwiat w Twojej Kuchni\",\"description\":\"Udaj si\u0119 z nami w kulinarn\u0105 podr\u00f3\u017c... do s\u0142onecznej Hiszpanii po pyszne oliwy, do W\u0142och po pachn\u0105ce pomidory, a mo\u017ce do Indii po tropikalne owoce?\",\"publisher\":{\"@id\":\"https:\/\/smakivera.pl\/#organization\"},\"potentialAction\":[{\"@type\":\"SearchAction\",\"target\":{\"@type\":\"EntryPoint\",\"urlTemplate\":\"https:\/\/smakivera.pl\/?s={search_term_string}\"},\"query-input\":{\"@type\":\"PropertyValueSpecification\",\"valueRequired\":true,\"valueName\":\"search_term_string\"}}],\"inLanguage\":\"uk\"},{\"@type\":\"Organization\",\"@id\":\"https:\/\/smakivera.pl\/#organization\",\"name\":\"VERA - Zapro\u015b ca\u0142y \u015bwiat do swojej kuchni\",\"url\":\"https:\/\/smakivera.pl\/\",\"logo\":{\"@type\":\"ImageObject\",\"inLanguage\":\"uk\",\"@id\":\"https:\/\/smakivera.pl\/#\/schema\/logo\/image\/\",\"url\":\"https:\/\/smakivera.pl\/wp-content\/uploads\/2021\/02\/vera-gastronomia.png\",\"contentUrl\":\"https:\/\/smakivera.pl\/wp-content\/uploads\/2021\/02\/vera-gastronomia.png\",\"width\":200,\"height\":200,\"caption\":\"VERA - Zapro\u015b ca\u0142y \u015bwiat do swojej kuchni\"},\"image\":{\"@id\":\"https:\/\/smakivera.pl\/#\/schema\/logo\/image\/\"},\"sameAs\":[\"https:\/\/www.facebook.com\/smakivera\",\"https:\/\/www.instagram.com\/smakivera\/\",\"https:\/\/pl.pinterest.com\/smakivera\"]}]}<\/script>\n<!-- \/ Yoast SEO plugin. -->","yoast_head_json":{"title":"P\u0119dy bambusa w paskach 2950g puszka (Kopia) - Produkty - Smaki Vera","description":"Wyj\u0105tkowe P\u0119dy bambusa w paskach 2950g puszka (Kopia) od marki Vera. Przygotuj pyszne dania z naszymi produktami. Nowych pomys\u0142\u00f3w szukaj w dziale z Inspiracjami | Smaki Vera","robots":{"index":"index","follow":"follow","max-snippet":"max-snippet:-1","max-image-preview":"max-image-preview:large","max-video-preview":"max-video-preview:-1"},"canonical":"https:\/\/smakivera.pl\/ua\/\u043f\u0440\u043e\u0434\u0443\u043a\u0442\/pedy-bambusa-w-paskach-2950g-puszka-kopia\/","og_locale":"uk_UA","og_type":"article","og_title":"P\u0119dy bambusa w paskach 2950g puszka (Kopia) - Produkty - Smaki Vera","og_description":"Wyj\u0105tkowe P\u0119dy bambusa w paskach 2950g puszka (Kopia) od marki Vera. Przygotuj pyszne dania z naszymi produktami. Nowych pomys\u0142\u00f3w szukaj w dziale z Inspiracjami | Smaki Vera","og_url":"https:\/\/smakivera.pl\/ua\/\u043f\u0440\u043e\u0434\u0443\u043a\u0442\/pedy-bambusa-w-paskach-2950g-puszka-kopia\/","og_site_name":"VERA - Ca\u0142y \u015bwiat w Twojej Kuchni","article_publisher":"https:\/\/www.facebook.com\/smakivera","article_modified_time":"2026-03-10T12:21:57+00:00","og_image":[{"width":1000,"height":1000,"url":"https:\/\/smakivera.pl\/wp-content\/uploads\/2026\/03\/bambus-stozki-2950g-1.webp","type":"image\/webp"}],"twitter_card":"summary_large_image","twitter_misc":{"\u041f\u0440\u0438\u0431\u043b. \u0447\u0430\u0441 \u0447\u0438\u0442\u0430\u043d\u043d\u044f":"1 \u0445\u0432\u0438\u043b\u0438\u043d\u0430"},"schema":{"@context":"https:\/\/schema.org","@graph":[{"@type":"WebPage","@id":"https:\/\/smakivera.pl\/produkt\/pedy-bambusa-w-paskach-2950g-puszka-kopia\/","url":"https:\/\/smakivera.pl\/produkt\/pedy-bambusa-w-paskach-2950g-puszka-kopia\/","name":"P\u0119dy bambusa w paskach 2950g puszka (Kopia) - Produkty - Smaki Vera","isPartOf":{"@id":"https:\/\/smakivera.pl\/#website"},"primaryImageOfPage":{"@id":"https:\/\/smakivera.pl\/produkt\/pedy-bambusa-w-paskach-2950g-puszka-kopia\/#primaryimage"},"image":{"@id":"https:\/\/smakivera.pl\/produkt\/pedy-bambusa-w-paskach-2950g-puszka-kopia\/#primaryimage"},"thumbnailUrl":"https:\/\/smakivera.pl\/wp-content\/uploads\/2026\/03\/bambus-stozki-2950g-1.webp","datePublished":"2026-03-10T12:21:12+00:00","dateModified":"2026-03-10T12:21:57+00:00","description":"Wyj\u0105tkowe P\u0119dy bambusa w paskach 2950g puszka (Kopia) od marki Vera. Przygotuj pyszne dania z naszymi produktami. Nowych pomys\u0142\u00f3w szukaj w dziale z Inspiracjami | Smaki Vera","breadcrumb":{"@id":"https:\/\/smakivera.pl\/produkt\/pedy-bambusa-w-paskach-2950g-puszka-kopia\/#breadcrumb"},"inLanguage":"uk","potentialAction":[{"@type":"ReadAction","target":["https:\/\/smakivera.pl\/produkt\/pedy-bambusa-w-paskach-2950g-puszka-kopia\/"]}]},{"@type":"ImageObject","inLanguage":"uk","@id":"https:\/\/smakivera.pl\/produkt\/pedy-bambusa-w-paskach-2950g-puszka-kopia\/#primaryimage","url":"https:\/\/smakivera.pl\/wp-content\/uploads\/2026\/03\/bambus-stozki-2950g-1.webp","contentUrl":"https:\/\/smakivera.pl\/wp-content\/uploads\/2026\/03\/bambus-stozki-2950g-1.webp","width":1000,"height":1000},{"@type":"BreadcrumbList","@id":"https:\/\/smakivera.pl\/produkt\/pedy-bambusa-w-paskach-2950g-puszka-kopia\/#breadcrumb","itemListElement":[{"@type":"ListItem","position":1,"name":"Strona g\u0142\u00f3wna","item":"https:\/\/smakivera.pl\/"},{"@type":"ListItem","position":2,"name":"Produkty","item":"https:\/\/smakivera.pl\/shop\/"},{"@type":"ListItem","position":3,"name":"P\u0119dy bambusa w paskach 2950g puszka (Kopia)"}]},{"@type":"WebSite","@id":"https:\/\/smakivera.pl\/#website","url":"https:\/\/smakivera.pl\/","name":"VERA - \u0446\u0456\u043b\u0438\u0439 \u0441\u0432\u0456\u0442 \u043d\u0430 \u0432\u0430\u0448\u0456\u0439 \u043a\u0443\u0445\u043d\u0456","description":"\u0412\u0438\u0440\u0443\u0448\u0430\u0439\u0442\u0435 \u0437 \u043d\u0430\u043c\u0438 \u0432 \u043a\u0443\u043b\u0456\u043d\u0430\u0440\u043d\u0443 \u043f\u043e\u0434\u043e\u0440\u043e\u0436... \u0434\u043e \u0441\u043e\u043d\u044f\u0447\u043d\u043e\u0457 \u0406\u0441\u043f\u0430\u043d\u0456\u0457 \u0437\u0430 \u0441\u043c\u0430\u0447\u043d\u0438\u043c\u0438 \u043e\u043b\u0456\u044f\u043c\u0438, \u0434\u043e \u0406\u0442\u0430\u043b\u0456\u0457 \u0437\u0430 \u0430\u0440\u043e\u043c\u0430\u0442\u043d\u0438\u043c\u0438 \u043f\u043e\u043c\u0456\u0434\u043e\u0440\u0430\u043c\u0438 \u0447\u0438, \u043c\u043e\u0436\u043b\u0438\u0432\u043e, \u0434\u043e \u0406\u043d\u0434\u0456\u0457 \u0437\u0430 \u0442\u0440\u043e\u043f\u0456\u0447\u043d\u0438\u043c\u0438 \u0444\u0440\u0443\u043a\u0442\u0430\u043c\u0438?","publisher":{"@id":"https:\/\/smakivera.pl\/#organization"},"potentialAction":[{"@type":"SearchAction","target":{"@type":"EntryPoint","urlTemplate":"https:\/\/smakivera.pl\/?s={search_term_string}"},"query-input":{"@type":"PropertyValueSpecification","valueRequired":true,"valueName":"search_term_string"}}],"inLanguage":"uk"},{"@type":"Organization","@id":"https:\/\/smakivera.pl\/#organization","name":"VERA - \u0417\u0430\u043f\u0440\u043e\u0441\u0456\u0442\u044c \u0432\u0435\u0441\u044c \u0441\u0432\u0456\u0442 \u043d\u0430 \u0441\u0432\u043e\u044e \u043a\u0443\u0445\u043d\u044e","url":"https:\/\/smakivera.pl\/","logo":{"@type":"ImageObject","inLanguage":"uk","@id":"https:\/\/smakivera.pl\/#\/schema\/logo\/image\/","url":"https:\/\/smakivera.pl\/wp-content\/uploads\/2021\/02\/vera-gastronomia.png","contentUrl":"https:\/\/smakivera.pl\/wp-content\/uploads\/2021\/02\/vera-gastronomia.png","width":200,"height":200,"caption":"VERA - Zapro\u015b ca\u0142y \u015bwiat do swojej kuchni"},"image":{"@id":"https:\/\/smakivera.pl\/#\/schema\/logo\/image\/"},"sameAs":["https:\/\/www.facebook.com\/smakivera","https:\/\/www.instagram.com\/smakivera\/","https:\/\/pl.pinterest.com\/smakivera"]}]}},"_links":{"self":[{"href":"https:\/\/smakivera.pl\/ua\/wp-json\/wp\/v2\/product\/10745","targetHints":{"allow":["GET"]}}],"collection":[{"href":"https:\/\/smakivera.pl\/ua\/wp-json\/wp\/v2\/product"}],"about":[{"href":"https:\/\/smakivera.pl\/ua\/wp-json\/wp\/v2\/types\/product"}],"wp:featuredmedia":[{"embeddable":true,"href":"https:\/\/smakivera.pl\/ua\/wp-json\/wp\/v2\/media\/10741"}],"wp:attachment":[{"href":"https:\/\/smakivera.pl\/ua\/wp-json\/wp\/v2\/media?parent=10745"}],"wp:term":[{"taxonomy":"product_brand","embeddable":true,"href":"https:\/\/smakivera.pl\/ua\/wp-json\/wp\/v2\/product_brand?post=10745"},{"taxonomy":"product_cat","embeddable":true,"href":"https:\/\/smakivera.pl\/ua\/wp-json\/wp\/v2\/product_cat?post=10745"},{"taxonomy":"product_tag","embeddable":true,"href":"https:\/\/smakivera.pl\/ua\/wp-json\/wp\/v2\/product_tag?post=10745"}],"curies":[{"name":"wp","href":"https:\/\/api.w.org\/{rel}","templated":true}]}}