{"id":6019,"date":"2022-03-29T18:37:59","date_gmt":"2022-03-29T16:37:59","guid":{"rendered":"https:\/\/smakivera.pl\/product\/oliwki-zielone-nadziewane-pasta-paprykowa-3\/"},"modified":"2022-03-30T10:28:56","modified_gmt":"2022-03-30T08:28:56","slug":"\u0437\u0435\u043b\u0435\u043d\u0456-\u043e\u043b\u0438\u0432\u043a\u0438-\u0444\u0430\u0440\u0448\u0438\u0440\u043e\u0432\u0430\u043d\u0456-\u043f\u0430\u043f\u0440\u0438\u043a\u043e\u0432\u043e","status":"publish","type":"product","link":"https:\/\/smakivera.pl\/ua\/\u043f\u0440\u043e\u0434\u0443\u043a\u0442\/\u0437\u0435\u043b\u0435\u043d\u0456-\u043e\u043b\u0438\u0432\u043a\u0438-\u0444\u0430\u0440\u0448\u0438\u0440\u043e\u0432\u0430\u043d\u0456-\u043f\u0430\u043f\u0440\u0438\u043a\u043e\u0432\u043e\/","title":{"rendered":"\u0417\u0435\u043b\u0435\u043d\u0456 \u043e\u043b\u0438\u0432\u043a\u0438, \u0444\u0430\u0440\u0448\u0438\u0440\u043e\u0432\u0430\u043d\u0456 \u043f\u0430\u043f\u0440\u0438\u043a\u043e\u0432\u043e\u044e \u043f\u0430\u0441\u0442\u043e\u044e"},"content":{"rendered":"<p>\u0417\u0435\u043b\u0435\u043d\u0456 \u043e\u043b\u0438\u0432\u043a\u0438, \u0444\u0430\u0440\u0448\u0438\u0440\u043e\u0432\u0430\u043d\u0456 \u043f\u0430\u0441\u0442\u043e\u044e \u0437 \u043f\u0430\u043f\u0440\u0438\u043a\u0438 - \u0441\u043f\u0440\u0430\u0432\u0436\u043d\u0454 \u0431\u0430\u0433\u0430\u0442\u0441\u0442\u0432\u043e \u043d\u0430\u0439\u043a\u0440\u0430\u0449\u0438\u0445 \u0441\u043c\u0430\u043a\u0456\u0432 \u0406\u0441\u043f\u0430\u043d\u0456\u0456! \u041f\u043e\u0454\u0434\u043d\u0430\u043d\u043d\u044f \u043f\u0456\u043a\u0430\u043d\u0442\u043d\u0438\u0445 \u043e\u043b\u0438\u0432\u043e\u043a \u0456 \u0441\u043e\u043b\u043e\u0434\u043a\u043e\u0433\u043e \u043f\u0435\u0440\u0446\u044e \u0437\u0430\u0445\u043e\u043f\u0438\u0442\u044c \u043b\u044e\u0431\u0438\u0442\u0435\u043b\u0456\u0432 \u0437\u0434\u043e\u0440\u043e\u0432\u0438\u0445 \u043f\u0435\u0440\u0435\u043a\u0443\u0441\u0456\u0432 \u0456 \u0448\u0430\u043d\u0443\u0432\u0430\u043b\u044c\u043d\u0438\u043a\u0456\u0432 \u0444\u0430\u0440\u0448\u0438\u0440\u043e\u0432\u0430\u043d\u0438\u0445 \u043e\u043b\u0438\u0432\u043e\u043a, \u044f\u043a\u0456 \u043c\u043e\u0436\u043d\u0430 \u0434\u043e\u0434\u0430\u0442\u0438 \u0434\u043e \u043c'\u044f\u0441\u0430, \u043f\u0430\u0448\u0442\u0435\u0442\u0456\u0432 \u0430\u0431\u043e \u0441\u0430\u043b\u0430\u0442\u0456\u0432 -  \u044f\u043a \u043e\u0434\u043d\u043e\u0433\u043e \u0437 \u043d\u0430\u0439\u0432\u0430\u0436\u043b\u0438\u0432\u0456\u0448\u0438\u0445 \u0456\u043d\u0433\u0440\u0435\u0434\u0456\u0454\u043d\u0442\u0456\u0432. \u041f\u0440\u043e\u0434\u0443\u043a\u0442 \u0440\u043e\u0434\u043e\u043c \u0437 \u0406\u0441\u043f\u0430\u043d\u0456\u0457, \u0443\u043f\u0430\u043a\u043e\u0432\u0430\u043d\u0438\u0439 \u0432 \u0441\u043a\u043b\u044f\u043d\u0443 \u0431\u0430\u043d\u043e\u0447\u043a\u0443.<\/p>","protected":false},"excerpt":{"rendered":"<p>Oliwki zielone nadziewane past\u0105 paprykow\u0105 przygotowujemy z owoc\u00f3w i warzyw dojrzewaj\u0105cych w upalnej Hiszpanii. Nie wszyscy wiedz\u0105, \u017ce oliwki to owoce. S\u0142odycz pasty paprykowej delikatnie prze\u0142amuje goryczk\u0119 oliwki, co daje niesamowite doznaniamia smake. Warto skosztowa\u0107 solo, jako przystawki lub przek\u0105ski. Dobrze sprawdz\u0105 si\u0119 te\u017c jako dodatki do da\u0144 g\u0142\u00f3wnych, kt\u00f3re zyskaj\u0105 zaskakuj\u0105ce nuty smakowe. Produkt [&hellip;]<\/p>","protected":false},"featured_media":5499,"template":"","meta":[],"product_brand":[],"product_cat":[169],"product_tag":[172,183,186,178],"class_list":{"0":"post-6019","1":"product","2":"type-product","3":"status-publish","4":"has-post-thumbnail","6":"product_cat-oliwy-i-oliwki","7":"product_tag-bliskiego-wschodu","8":"product_tag-grecka","9":"product_tag-hiszpanska","10":"product_tag-wloska","12":"first","13":"instock","14":"shipping-taxable","15":"product-type-simple"},"yoast_head":"<!-- This site is optimized with the Yoast SEO plugin v26.5 - https:\/\/yoast.com\/wordpress\/plugins\/seo\/ -->\n<title>Oliwki zielone nadziewane past\u0105 paprykow\u0105 - Produkty - Smaki Vera<\/title>\n<meta name=\"description\" content=\"Wyj\u0105tkowe Oliwki zielone nadziewane past\u0105 paprykow\u0105 od marki Vera. Przygotuj pyszne dania z naszymi produktami. Nowych pomys\u0142\u00f3w szukaj w dziale z Inspiracjami | Smaki Vera\" \/>\n<meta name=\"robots\" content=\"index, follow, max-snippet:-1, max-image-preview:large, max-video-preview:-1\" \/>\n<link rel=\"canonical\" href=\"https:\/\/smakivera.pl\/ua\/\u043f\u0440\u043e\u0434\u0443\u043a\u0442\/\u0437\u0435\u043b\u0435\u043d\u0456-\u043e\u043b\u0438\u0432\u043a\u0438-\u0444\u0430\u0440\u0448\u0438\u0440\u043e\u0432\u0430\u043d\u0456-\u043f\u0430\u043f\u0440\u0438\u043a\u043e\u0432\u043e\/\" \/>\n<meta property=\"og:locale\" content=\"uk_UA\" \/>\n<meta property=\"og:type\" content=\"article\" \/>\n<meta property=\"og:title\" content=\"Oliwki zielone nadziewane past\u0105 paprykow\u0105 - Produkty - Smaki Vera\" \/>\n<meta property=\"og:description\" content=\"Wyj\u0105tkowe Oliwki zielone nadziewane past\u0105 paprykow\u0105 od marki Vera. Przygotuj pyszne dania z naszymi produktami. Nowych pomys\u0142\u00f3w szukaj w dziale z Inspiracjami | Smaki Vera\" \/>\n<meta property=\"og:url\" content=\"https:\/\/smakivera.pl\/ua\/\u043f\u0440\u043e\u0434\u0443\u043a\u0442\/\u0437\u0435\u043b\u0435\u043d\u0456-\u043e\u043b\u0438\u0432\u043a\u0438-\u0444\u0430\u0440\u0448\u0438\u0440\u043e\u0432\u0430\u043d\u0456-\u043f\u0430\u043f\u0440\u0438\u043a\u043e\u0432\u043e\/\" \/>\n<meta property=\"og:site_name\" content=\"VERA - Ca\u0142y \u015bwiat w Twojej Kuchni\" \/>\n<meta property=\"article:publisher\" content=\"https:\/\/www.facebook.com\/smakivera\" \/>\n<meta property=\"article:modified_time\" content=\"2022-03-30T08:28:56+00:00\" \/>\n<meta property=\"og:image\" content=\"https:\/\/smakivera.pl\/wp-content\/uploads\/2022\/03\/oliwki-zielone-nadziewane-pasta-900-CIEN-www.png\" \/>\n\t<meta property=\"og:image:width\" content=\"800\" \/>\n\t<meta property=\"og:image:height\" content=\"800\" \/>\n\t<meta property=\"og:image:type\" content=\"image\/png\" \/>\n<meta name=\"twitter:card\" content=\"summary_large_image\" \/>\n<script type=\"application\/ld+json\" class=\"yoast-schema-graph\">{\"@context\":\"https:\/\/schema.org\",\"@graph\":[{\"@type\":\"WebPage\",\"@id\":\"https:\/\/smakivera.pl\/produkt\/oliwki-zielone-nadziewane-pasta-paprykowa-3\/\",\"url\":\"https:\/\/smakivera.pl\/produkt\/oliwki-zielone-nadziewane-pasta-paprykowa-3\/\",\"name\":\"Oliwki zielone nadziewane past\u0105 paprykow\u0105 - Produkty - Smaki Vera\",\"isPartOf\":{\"@id\":\"https:\/\/smakivera.pl\/#website\"},\"primaryImageOfPage\":{\"@id\":\"https:\/\/smakivera.pl\/produkt\/oliwki-zielone-nadziewane-pasta-paprykowa-3\/#primaryimage\"},\"image\":{\"@id\":\"https:\/\/smakivera.pl\/produkt\/oliwki-zielone-nadziewane-pasta-paprykowa-3\/#primaryimage\"},\"thumbnailUrl\":\"https:\/\/smakivera.pl\/wp-content\/uploads\/2022\/03\/oliwki-zielone-nadziewane-pasta-900-CIEN-www.png\",\"datePublished\":\"2022-03-29T16:37:59+00:00\",\"dateModified\":\"2022-03-30T08:28:56+00:00\",\"description\":\"Wyj\u0105tkowe Oliwki zielone nadziewane past\u0105 paprykow\u0105 od marki Vera. Przygotuj pyszne dania z naszymi produktami. Nowych pomys\u0142\u00f3w szukaj w dziale z Inspiracjami | Smaki Vera\",\"breadcrumb\":{\"@id\":\"https:\/\/smakivera.pl\/produkt\/oliwki-zielone-nadziewane-pasta-paprykowa-3\/#breadcrumb\"},\"inLanguage\":\"uk\",\"potentialAction\":[{\"@type\":\"ReadAction\",\"target\":[\"https:\/\/smakivera.pl\/produkt\/oliwki-zielone-nadziewane-pasta-paprykowa-3\/\"]}]},{\"@type\":\"ImageObject\",\"inLanguage\":\"uk\",\"@id\":\"https:\/\/smakivera.pl\/produkt\/oliwki-zielone-nadziewane-pasta-paprykowa-3\/#primaryimage\",\"url\":\"https:\/\/smakivera.pl\/wp-content\/uploads\/2022\/03\/oliwki-zielone-nadziewane-pasta-900-CIEN-www.png\",\"contentUrl\":\"https:\/\/smakivera.pl\/wp-content\/uploads\/2022\/03\/oliwki-zielone-nadziewane-pasta-900-CIEN-www.png\",\"width\":800,\"height\":800,\"caption\":\"VERA oliwki zielone 900g\"},{\"@type\":\"BreadcrumbList\",\"@id\":\"https:\/\/smakivera.pl\/produkt\/oliwki-zielone-nadziewane-pasta-paprykowa-3\/#breadcrumb\",\"itemListElement\":[{\"@type\":\"ListItem\",\"position\":1,\"name\":\"Strona g\u0142\u00f3wna\",\"item\":\"https:\/\/smakivera.pl\/\"},{\"@type\":\"ListItem\",\"position\":2,\"name\":\"Produkty\",\"item\":\"https:\/\/smakivera.pl\/shop\/\"},{\"@type\":\"ListItem\",\"position\":3,\"name\":\"Oliwki zielone nadziewane past\u0105 paprykow\u0105\"}]},{\"@type\":\"WebSite\",\"@id\":\"https:\/\/smakivera.pl\/#website\",\"url\":\"https:\/\/smakivera.pl\/\",\"name\":\"VERA - Ca\u0142y \u015bwiat w Twojej Kuchni\",\"description\":\"Udaj si\u0119 z nami w kulinarn\u0105 podr\u00f3\u017c... do s\u0142onecznej Hiszpanii po pyszne oliwy, do W\u0142och po pachn\u0105ce pomidory, a mo\u017ce do Indii po tropikalne owoce?\",\"publisher\":{\"@id\":\"https:\/\/smakivera.pl\/#organization\"},\"potentialAction\":[{\"@type\":\"SearchAction\",\"target\":{\"@type\":\"EntryPoint\",\"urlTemplate\":\"https:\/\/smakivera.pl\/?s={search_term_string}\"},\"query-input\":{\"@type\":\"PropertyValueSpecification\",\"valueRequired\":true,\"valueName\":\"search_term_string\"}}],\"inLanguage\":\"uk\"},{\"@type\":\"Organization\",\"@id\":\"https:\/\/smakivera.pl\/#organization\",\"name\":\"VERA - Zapro\u015b ca\u0142y \u015bwiat do swojej kuchni\",\"url\":\"https:\/\/smakivera.pl\/\",\"logo\":{\"@type\":\"ImageObject\",\"inLanguage\":\"uk\",\"@id\":\"https:\/\/smakivera.pl\/#\/schema\/logo\/image\/\",\"url\":\"https:\/\/smakivera.pl\/wp-content\/uploads\/2021\/02\/vera-gastronomia.png\",\"contentUrl\":\"https:\/\/smakivera.pl\/wp-content\/uploads\/2021\/02\/vera-gastronomia.png\",\"width\":200,\"height\":200,\"caption\":\"VERA - Zapro\u015b ca\u0142y \u015bwiat do swojej kuchni\"},\"image\":{\"@id\":\"https:\/\/smakivera.pl\/#\/schema\/logo\/image\/\"},\"sameAs\":[\"https:\/\/www.facebook.com\/smakivera\",\"https:\/\/www.instagram.com\/smakivera\/\",\"https:\/\/pl.pinterest.com\/smakivera\"]}]}<\/script>\n<!-- \/ Yoast SEO plugin. -->","yoast_head_json":{"title":"\u0417\u0435\u043b\u0435\u043d\u0456 \u043e\u043b\u0438\u0432\u043a\u0438, \u0444\u0430\u0440\u0448\u0438\u0440\u043e\u0432\u0430\u043d\u0456 \u043f\u0430\u043f\u0440\u0438\u043a\u043e\u044e - \u041f\u0440\u043e\u0434\u0443\u043a\u0442\u0438 - \u0421\u043c\u0430\u043a\u0438 \u0412\u0456\u0440\u0438","description":"\u0412\u0438\u043d\u044f\u0442\u043a\u043e\u0432\u0456 \u0437\u0435\u043b\u0435\u043d\u0456 \u043e\u043b\u0438\u0432\u043a\u0438, \u0444\u0430\u0440\u0448\u0438\u0440\u043e\u0432\u0430\u043d\u0456 \u043f\u0435\u0440\u0446\u0435\u0432\u043e\u044e \u043f\u0430\u0441\u0442\u043e\u044e \u0432\u0456\u0434 \u0442\u043e\u0440\u0433\u043e\u0432\u043e\u0457 \u043c\u0430\u0440\u043a\u0438 Vera. \u0413\u043e\u0442\u0443\u0439\u0442\u0435 \u0441\u043c\u0430\u0447\u043d\u0456 \u0441\u0442\u0440\u0430\u0432\u0438 \u0437 \u043d\u0430\u0448\u0438\u043c\u0438 \u043f\u0440\u043e\u0434\u0443\u043a\u0442\u0430\u043c\u0438. \u041d\u043e\u0432\u0456 \u0456\u0434\u0435\u0457 \u0448\u0443\u043a\u0430\u0439\u0442\u0435 \u0432 \u0440\u043e\u0437\u0434\u0456\u043b\u0456 \"\u041d\u0430\u0442\u0445\u043d\u0435\u043d\u043d\u044f | \u0421\u043c\u0430\u043a\u0438 \u0432\u0456\u0434 Vera\".","robots":{"index":"index","follow":"follow","max-snippet":"max-snippet:-1","max-image-preview":"max-image-preview:large","max-video-preview":"max-video-preview:-1"},"canonical":"https:\/\/smakivera.pl\/ua\/\u043f\u0440\u043e\u0434\u0443\u043a\u0442\/\u0437\u0435\u043b\u0435\u043d\u0456-\u043e\u043b\u0438\u0432\u043a\u0438-\u0444\u0430\u0440\u0448\u0438\u0440\u043e\u0432\u0430\u043d\u0456-\u043f\u0430\u043f\u0440\u0438\u043a\u043e\u0432\u043e\/","og_locale":"uk_UA","og_type":"article","og_title":"Oliwki zielone nadziewane past\u0105 paprykow\u0105 - Produkty - Smaki Vera","og_description":"Wyj\u0105tkowe Oliwki zielone nadziewane past\u0105 paprykow\u0105 od marki Vera. Przygotuj pyszne dania z naszymi produktami. Nowych pomys\u0142\u00f3w szukaj w dziale z Inspiracjami | Smaki Vera","og_url":"https:\/\/smakivera.pl\/ua\/\u043f\u0440\u043e\u0434\u0443\u043a\u0442\/\u0437\u0435\u043b\u0435\u043d\u0456-\u043e\u043b\u0438\u0432\u043a\u0438-\u0444\u0430\u0440\u0448\u0438\u0440\u043e\u0432\u0430\u043d\u0456-\u043f\u0430\u043f\u0440\u0438\u043a\u043e\u0432\u043e\/","og_site_name":"VERA - Ca\u0142y \u015bwiat w Twojej Kuchni","article_publisher":"https:\/\/www.facebook.com\/smakivera","article_modified_time":"2022-03-30T08:28:56+00:00","og_image":[{"width":800,"height":800,"url":"https:\/\/smakivera.pl\/wp-content\/uploads\/2022\/03\/oliwki-zielone-nadziewane-pasta-900-CIEN-www.png","type":"image\/png"}],"twitter_card":"summary_large_image","schema":{"@context":"https:\/\/schema.org","@graph":[{"@type":"WebPage","@id":"https:\/\/smakivera.pl\/produkt\/oliwki-zielone-nadziewane-pasta-paprykowa-3\/","url":"https:\/\/smakivera.pl\/produkt\/oliwki-zielone-nadziewane-pasta-paprykowa-3\/","name":"\u0417\u0435\u043b\u0435\u043d\u0456 \u043e\u043b\u0438\u0432\u043a\u0438, \u0444\u0430\u0440\u0448\u0438\u0440\u043e\u0432\u0430\u043d\u0456 \u043f\u0430\u043f\u0440\u0438\u043a\u043e\u044e - \u041f\u0440\u043e\u0434\u0443\u043a\u0442\u0438 - \u0421\u043c\u0430\u043a\u0438 \u0412\u0456\u0440\u0438","isPartOf":{"@id":"https:\/\/smakivera.pl\/#website"},"primaryImageOfPage":{"@id":"https:\/\/smakivera.pl\/produkt\/oliwki-zielone-nadziewane-pasta-paprykowa-3\/#primaryimage"},"image":{"@id":"https:\/\/smakivera.pl\/produkt\/oliwki-zielone-nadziewane-pasta-paprykowa-3\/#primaryimage"},"thumbnailUrl":"https:\/\/smakivera.pl\/wp-content\/uploads\/2022\/03\/oliwki-zielone-nadziewane-pasta-900-CIEN-www.png","datePublished":"2022-03-29T16:37:59+00:00","dateModified":"2022-03-30T08:28:56+00:00","description":"\u0412\u0438\u043d\u044f\u0442\u043a\u043e\u0432\u0456 \u0437\u0435\u043b\u0435\u043d\u0456 \u043e\u043b\u0438\u0432\u043a\u0438, \u0444\u0430\u0440\u0448\u0438\u0440\u043e\u0432\u0430\u043d\u0456 \u043f\u0435\u0440\u0446\u0435\u0432\u043e\u044e \u043f\u0430\u0441\u0442\u043e\u044e \u0432\u0456\u0434 \u0442\u043e\u0440\u0433\u043e\u0432\u043e\u0457 \u043c\u0430\u0440\u043a\u0438 Vera. \u0413\u043e\u0442\u0443\u0439\u0442\u0435 \u0441\u043c\u0430\u0447\u043d\u0456 \u0441\u0442\u0440\u0430\u0432\u0438 \u0437 \u043d\u0430\u0448\u0438\u043c\u0438 \u043f\u0440\u043e\u0434\u0443\u043a\u0442\u0430\u043c\u0438. \u041d\u043e\u0432\u0456 \u0456\u0434\u0435\u0457 \u0448\u0443\u043a\u0430\u0439\u0442\u0435 \u0432 \u0440\u043e\u0437\u0434\u0456\u043b\u0456 \"\u041d\u0430\u0442\u0445\u043d\u0435\u043d\u043d\u044f | \u0421\u043c\u0430\u043a\u0438 \u0432\u0456\u0434 Vera\".","breadcrumb":{"@id":"https:\/\/smakivera.pl\/produkt\/oliwki-zielone-nadziewane-pasta-paprykowa-3\/#breadcrumb"},"inLanguage":"uk","potentialAction":[{"@type":"ReadAction","target":["https:\/\/smakivera.pl\/produkt\/oliwki-zielone-nadziewane-pasta-paprykowa-3\/"]}]},{"@type":"ImageObject","inLanguage":"uk","@id":"https:\/\/smakivera.pl\/produkt\/oliwki-zielone-nadziewane-pasta-paprykowa-3\/#primaryimage","url":"https:\/\/smakivera.pl\/wp-content\/uploads\/2022\/03\/oliwki-zielone-nadziewane-pasta-900-CIEN-www.png","contentUrl":"https:\/\/smakivera.pl\/wp-content\/uploads\/2022\/03\/oliwki-zielone-nadziewane-pasta-900-CIEN-www.png","width":800,"height":800,"caption":"VERA oliwki zielone 900g"},{"@type":"BreadcrumbList","@id":"https:\/\/smakivera.pl\/produkt\/oliwki-zielone-nadziewane-pasta-paprykowa-3\/#breadcrumb","itemListElement":[{"@type":"ListItem","position":1,"name":"Strona g\u0142\u00f3wna","item":"https:\/\/smakivera.pl\/"},{"@type":"ListItem","position":2,"name":"Produkty","item":"https:\/\/smakivera.pl\/shop\/"},{"@type":"ListItem","position":3,"name":"Oliwki zielone nadziewane past\u0105 paprykow\u0105"}]},{"@type":"WebSite","@id":"https:\/\/smakivera.pl\/#website","url":"https:\/\/smakivera.pl\/","name":"VERA - \u0446\u0456\u043b\u0438\u0439 \u0441\u0432\u0456\u0442 \u043d\u0430 \u0432\u0430\u0448\u0456\u0439 \u043a\u0443\u0445\u043d\u0456","description":"\u0412\u0438\u0440\u0443\u0448\u0430\u0439\u0442\u0435 \u0437 \u043d\u0430\u043c\u0438 \u0432 \u043a\u0443\u043b\u0456\u043d\u0430\u0440\u043d\u0443 \u043f\u043e\u0434\u043e\u0440\u043e\u0436... \u0434\u043e \u0441\u043e\u043d\u044f\u0447\u043d\u043e\u0457 \u0406\u0441\u043f\u0430\u043d\u0456\u0457 \u0437\u0430 \u0441\u043c\u0430\u0447\u043d\u0438\u043c\u0438 \u043e\u043b\u0456\u044f\u043c\u0438, \u0434\u043e \u0406\u0442\u0430\u043b\u0456\u0457 \u0437\u0430 \u0430\u0440\u043e\u043c\u0430\u0442\u043d\u0438\u043c\u0438 \u043f\u043e\u043c\u0456\u0434\u043e\u0440\u0430\u043c\u0438 \u0447\u0438, \u043c\u043e\u0436\u043b\u0438\u0432\u043e, \u0434\u043e \u0406\u043d\u0434\u0456\u0457 \u0437\u0430 \u0442\u0440\u043e\u043f\u0456\u0447\u043d\u0438\u043c\u0438 \u0444\u0440\u0443\u043a\u0442\u0430\u043c\u0438?","publisher":{"@id":"https:\/\/smakivera.pl\/#organization"},"potentialAction":[{"@type":"SearchAction","target":{"@type":"EntryPoint","urlTemplate":"https:\/\/smakivera.pl\/?s={search_term_string}"},"query-input":{"@type":"PropertyValueSpecification","valueRequired":true,"valueName":"search_term_string"}}],"inLanguage":"uk"},{"@type":"Organization","@id":"https:\/\/smakivera.pl\/#organization","name":"VERA - \u0417\u0430\u043f\u0440\u043e\u0441\u0456\u0442\u044c \u0432\u0435\u0441\u044c \u0441\u0432\u0456\u0442 \u043d\u0430 \u0441\u0432\u043e\u044e \u043a\u0443\u0445\u043d\u044e","url":"https:\/\/smakivera.pl\/","logo":{"@type":"ImageObject","inLanguage":"uk","@id":"https:\/\/smakivera.pl\/#\/schema\/logo\/image\/","url":"https:\/\/smakivera.pl\/wp-content\/uploads\/2021\/02\/vera-gastronomia.png","contentUrl":"https:\/\/smakivera.pl\/wp-content\/uploads\/2021\/02\/vera-gastronomia.png","width":200,"height":200,"caption":"VERA - Zapro\u015b ca\u0142y \u015bwiat do swojej kuchni"},"image":{"@id":"https:\/\/smakivera.pl\/#\/schema\/logo\/image\/"},"sameAs":["https:\/\/www.facebook.com\/smakivera","https:\/\/www.instagram.com\/smakivera\/","https:\/\/pl.pinterest.com\/smakivera"]}]}},"_links":{"self":[{"href":"https:\/\/smakivera.pl\/ua\/wp-json\/wp\/v2\/product\/6019","targetHints":{"allow":["GET"]}}],"collection":[{"href":"https:\/\/smakivera.pl\/ua\/wp-json\/wp\/v2\/product"}],"about":[{"href":"https:\/\/smakivera.pl\/ua\/wp-json\/wp\/v2\/types\/product"}],"wp:featuredmedia":[{"embeddable":true,"href":"https:\/\/smakivera.pl\/ua\/wp-json\/wp\/v2\/media\/5499"}],"wp:attachment":[{"href":"https:\/\/smakivera.pl\/ua\/wp-json\/wp\/v2\/media?parent=6019"}],"wp:term":[{"taxonomy":"product_brand","embeddable":true,"href":"https:\/\/smakivera.pl\/ua\/wp-json\/wp\/v2\/product_brand?post=6019"},{"taxonomy":"product_cat","embeddable":true,"href":"https:\/\/smakivera.pl\/ua\/wp-json\/wp\/v2\/product_cat?post=6019"},{"taxonomy":"product_tag","embeddable":true,"href":"https:\/\/smakivera.pl\/ua\/wp-json\/wp\/v2\/product_tag?post=6019"}],"curies":[{"name":"wp","href":"https:\/\/api.w.org\/{rel}","templated":true}]}}