{"id":8800,"date":"2024-12-05T17:18:42","date_gmt":"2024-12-05T16:18:42","guid":{"rendered":"https:\/\/smakivera.pl\/?post_type=product&#038;p=8800"},"modified":"2024-12-05T17:21:50","modified_gmt":"2024-12-05T16:21:50","slug":"\u043d\u0443\u0442-\u0443-\u0440\u043e\u0437\u0441\u043e\u043b\u0456-5","status":"publish","type":"product","link":"https:\/\/smakivera.pl\/ua\/\u043f\u0440\u043e\u0434\u0443\u043a\u0442\/\u043d\u0443\u0442-\u0443-\u0440\u043e\u0437\u0441\u043e\u043b\u0456-5\/","title":{"rendered":"\u041d\u0443\u0442 \u0443 \u0431\u0430\u043d\u0446\u0456"},"content":{"rendered":"<p>\u041d\u0443\u0442 \u0412\u0456\u0440\u0430 \u0432 \u0431\u0430\u043d\u0446\u0456 - \u0446\u0435 \u0433\u043e\u0442\u043e\u0432\u0438\u0439 \u0434\u043e \u0432\u0436\u0438\u0432\u0430\u043d\u043d\u044f \u043f\u0440\u043e\u0434\u0443\u043a\u0442, \u044f\u043a\u0438\u0439 \u0456\u0434\u0435\u0430\u043b\u044c\u043d\u043e \u043f\u0456\u0434\u0456\u0439\u0434\u0435 \u043d\u0430 \u043a\u0443\u0445\u043d\u0456 \u044f\u043a \u043e\u0441\u043d\u043e\u0432\u0430 \u0434\u043b\u044f \u0431\u0430\u0433\u0430\u0442\u044c\u043e\u0445 \u0441\u0442\u0440\u0430\u0432. \u0417\u0430\u0432\u0434\u044f\u043a\u0438 \u0441\u0432\u043e\u0457\u0439 \u0443\u043d\u0456\u0432\u0435\u0440\u0441\u0430\u043b\u044c\u043d\u043e\u0441\u0442\u0456 \u043d\u0443\u0442 \u043c\u043e\u0436\u043d\u0430 \u0432\u0438\u043a\u043e\u0440\u0438\u0441\u0442\u043e\u0432\u0443\u0432\u0430\u0442\u0438 \u0432 \u0441\u0430\u043b\u0430\u0442\u0430\u0445, \u0441\u0443\u043f\u0430\u0445, \u0440\u0430\u0433\u0443 \u0430\u0431\u043e \u043f\u0430\u0441\u0442\u0430\u0445, \u0442\u0430\u043a\u0438\u0445 \u044f\u043a \u0445\u0443\u043c\u0443\u0441. \u0426\u0435\u0439 \u043f\u0440\u043e\u0434\u0443\u043a\u0442 \u043e\u0441\u043e\u0431\u043b\u0438\u0432\u043e \u0446\u0456\u043d\u0443\u044e\u0442\u044c \u0432\u0435\u0433\u0435\u0442\u0430\u0440\u0456\u0430\u043d\u0446\u0456 \u0442\u0430 \u0432\u0435\u0433\u0430\u043d\u0438. \u041d\u0443\u0442 \u043d\u0435 \u043f\u043e\u0442\u0440\u0435\u0431\u0443\u0454 \u0434\u043e\u0434\u0430\u0442\u043a\u043e\u0432\u043e\u0457 \u043a\u0443\u043b\u0456\u043d\u0430\u0440\u043d\u043e\u0457 \u043e\u0431\u0440\u043e\u0431\u043a\u0438, \u0449\u043e \u0440\u043e\u0431\u0438\u0442\u044c \u0439\u043e\u0433\u043e \u0437\u0440\u0443\u0447\u043d\u0438\u043c \u0456 \u0448\u0432\u0438\u0434\u043a\u0438\u043c \u0440\u0456\u0448\u0435\u043d\u043d\u044f\u043c \u0434\u043b\u044f \u043f\u043e\u0432\u0441\u044f\u043a\u0434\u0435\u043d\u043d\u043e\u0433\u043e \u043f\u0440\u0438\u0433\u043e\u0442\u0443\u0432\u0430\u043d\u043d\u044f \u0457\u0436\u0456. \u041a\u0440\u0456\u043c \u0442\u043e\u0433\u043e, \u043c\u0430\u0440\u0438\u043d\u0430\u0434, \u0432 \u044f\u043a\u043e\u043c\u0443 \u0437\u043d\u0430\u0445\u043e\u0434\u0438\u0442\u044c\u0441\u044f \u043d\u0443\u0442, \u0432\u0456\u0434\u043e\u043c\u0438\u0439 \u044f\u043a \u0430\u043a\u0432\u0430\u0444\u0430\u0431\u0430, \u043c\u043e\u0436\u043d\u0430 \u0432\u0438\u043a\u043e\u0440\u0438\u0441\u0442\u043e\u0432\u0443\u0432\u0430\u0442\u0438 \u044f\u043a \u0437\u0430\u043c\u0456\u043d\u043d\u0438\u043a \u044f\u0454\u0447\u043d\u043e\u0433\u043e \u0431\u0456\u043b\u043a\u0430 \u0432 \u0431\u0430\u0433\u0430\u0442\u044c\u043e\u0445 \u0432\u0435\u0433\u0430\u043d\u0441\u044c\u043a\u0438\u0445 \u0440\u0435\u0446\u0435\u043f\u0442\u0430\u0445.<\/p>","protected":false},"excerpt":{"rendered":"<p>Ciecierzyca Vera w s\u0142oiku to gotowy do spo\u017cycia produkt, kt\u00f3ry doskonale sprawdzi si\u0119 w kuchni jako baza do wielu potraw. Dzi\u0119ki swojej uniwersalno\u015bci, ciecierzyca mo\u017ce by\u0107 wykorzystywana w sa\u0142atkach, zupach, gulaszach czy pastach, takich jak hummus. Produkt ten jest szczeg\u00f3lnie ceniony przez wegetarian i wegan. Ciecierzyca nie wymaga dodatkowego gotowania, co czyni j\u0105 wygodnym i [&hellip;]<\/p>","protected":false},"featured_media":8802,"template":"","meta":[],"product_brand":[],"product_cat":[155],"product_tag":[172,178],"class_list":{"0":"post-8800","1":"product","2":"type-product","3":"status-publish","4":"has-post-thumbnail","6":"product_cat-przetwory-warzywne","7":"product_tag-bliskiego-wschodu","8":"product_tag-wloska","10":"first","11":"instock","12":"shipping-taxable","13":"product-type-simple"},"yoast_head":"<!-- This site is optimized with the Yoast SEO plugin v26.5 - https:\/\/yoast.com\/wordpress\/plugins\/seo\/ -->\n<title>Ciecierzyca w s\u0142oiku - Produkty - Smaki Vera<\/title>\n<meta name=\"description\" content=\"Wyj\u0105tkowe Ciecierzyca w s\u0142oiku od marki Vera. Przygotuj pyszne dania z naszymi produktami. Nowych pomys\u0142\u00f3w szukaj w dziale z Inspiracjami | Smaki Vera\" \/>\n<meta name=\"robots\" content=\"index, follow, max-snippet:-1, max-image-preview:large, max-video-preview:-1\" \/>\n<link rel=\"canonical\" href=\"https:\/\/smakivera.pl\/ua\/\u043f\u0440\u043e\u0434\u0443\u043a\u0442\/\u043d\u0443\u0442-\u0443-\u0440\u043e\u0437\u0441\u043e\u043b\u0456-5\/\" \/>\n<meta property=\"og:locale\" content=\"uk_UA\" \/>\n<meta property=\"og:type\" content=\"article\" \/>\n<meta property=\"og:title\" content=\"Ciecierzyca w s\u0142oiku - Produkty - Smaki Vera\" \/>\n<meta property=\"og:description\" content=\"Wyj\u0105tkowe Ciecierzyca w s\u0142oiku od marki Vera. Przygotuj pyszne dania z naszymi produktami. Nowych pomys\u0142\u00f3w szukaj w dziale z Inspiracjami | Smaki Vera\" \/>\n<meta property=\"og:url\" content=\"https:\/\/smakivera.pl\/ua\/\u043f\u0440\u043e\u0434\u0443\u043a\u0442\/\u043d\u0443\u0442-\u0443-\u0440\u043e\u0437\u0441\u043e\u043b\u0456-5\/\" \/>\n<meta property=\"og:site_name\" content=\"VERA - Ca\u0142y \u015bwiat w Twojej Kuchni\" \/>\n<meta property=\"article:publisher\" content=\"https:\/\/www.facebook.com\/smakivera\" \/>\n<meta property=\"article:modified_time\" content=\"2024-12-05T16:21:50+00:00\" \/>\n<meta property=\"og:image\" content=\"https:\/\/smakivera.pl\/wp-content\/uploads\/2024\/12\/limpol-ciecierzyca.webp\" \/>\n\t<meta property=\"og:image:width\" content=\"1000\" \/>\n\t<meta property=\"og:image:height\" content=\"1000\" \/>\n\t<meta property=\"og:image:type\" content=\"image\/webp\" \/>\n<meta name=\"twitter:card\" content=\"summary_large_image\" \/>\n<meta name=\"twitter:label1\" content=\"\u041f\u0440\u0438\u0431\u043b. \u0447\u0430\u0441 \u0447\u0438\u0442\u0430\u043d\u043d\u044f\" \/>\n\t<meta name=\"twitter:data1\" content=\"1 \u0445\u0432\u0438\u043b\u0438\u043d\u0430\" \/>\n<script type=\"application\/ld+json\" class=\"yoast-schema-graph\">{\"@context\":\"https:\/\/schema.org\",\"@graph\":[{\"@type\":\"WebPage\",\"@id\":\"https:\/\/smakivera.pl\/produkt\/ciecierzyca-w-sloiku\/\",\"url\":\"https:\/\/smakivera.pl\/produkt\/ciecierzyca-w-sloiku\/\",\"name\":\"Ciecierzyca w s\u0142oiku - Produkty - Smaki Vera\",\"isPartOf\":{\"@id\":\"https:\/\/smakivera.pl\/#website\"},\"primaryImageOfPage\":{\"@id\":\"https:\/\/smakivera.pl\/produkt\/ciecierzyca-w-sloiku\/#primaryimage\"},\"image\":{\"@id\":\"https:\/\/smakivera.pl\/produkt\/ciecierzyca-w-sloiku\/#primaryimage\"},\"thumbnailUrl\":\"https:\/\/smakivera.pl\/wp-content\/uploads\/2024\/12\/limpol-ciecierzyca.webp\",\"datePublished\":\"2024-12-05T16:18:42+00:00\",\"dateModified\":\"2024-12-05T16:21:50+00:00\",\"description\":\"Wyj\u0105tkowe Ciecierzyca w s\u0142oiku od marki Vera. Przygotuj pyszne dania z naszymi produktami. Nowych pomys\u0142\u00f3w szukaj w dziale z Inspiracjami | Smaki Vera\",\"breadcrumb\":{\"@id\":\"https:\/\/smakivera.pl\/produkt\/ciecierzyca-w-sloiku\/#breadcrumb\"},\"inLanguage\":\"uk\",\"potentialAction\":[{\"@type\":\"ReadAction\",\"target\":[\"https:\/\/smakivera.pl\/produkt\/ciecierzyca-w-sloiku\/\"]}]},{\"@type\":\"ImageObject\",\"inLanguage\":\"uk\",\"@id\":\"https:\/\/smakivera.pl\/produkt\/ciecierzyca-w-sloiku\/#primaryimage\",\"url\":\"https:\/\/smakivera.pl\/wp-content\/uploads\/2024\/12\/limpol-ciecierzyca.webp\",\"contentUrl\":\"https:\/\/smakivera.pl\/wp-content\/uploads\/2024\/12\/limpol-ciecierzyca.webp\",\"width\":1000,\"height\":1000},{\"@type\":\"BreadcrumbList\",\"@id\":\"https:\/\/smakivera.pl\/produkt\/ciecierzyca-w-sloiku\/#breadcrumb\",\"itemListElement\":[{\"@type\":\"ListItem\",\"position\":1,\"name\":\"Strona g\u0142\u00f3wna\",\"item\":\"https:\/\/smakivera.pl\/\"},{\"@type\":\"ListItem\",\"position\":2,\"name\":\"Produkty\",\"item\":\"https:\/\/smakivera.pl\/shop\/\"},{\"@type\":\"ListItem\",\"position\":3,\"name\":\"Ciecierzyca w s\u0142oiku\"}]},{\"@type\":\"WebSite\",\"@id\":\"https:\/\/smakivera.pl\/#website\",\"url\":\"https:\/\/smakivera.pl\/\",\"name\":\"VERA - Ca\u0142y \u015bwiat w Twojej Kuchni\",\"description\":\"Udaj si\u0119 z nami w kulinarn\u0105 podr\u00f3\u017c... do s\u0142onecznej Hiszpanii po pyszne oliwy, do W\u0142och po pachn\u0105ce pomidory, a mo\u017ce do Indii po tropikalne owoce?\",\"publisher\":{\"@id\":\"https:\/\/smakivera.pl\/#organization\"},\"potentialAction\":[{\"@type\":\"SearchAction\",\"target\":{\"@type\":\"EntryPoint\",\"urlTemplate\":\"https:\/\/smakivera.pl\/?s={search_term_string}\"},\"query-input\":{\"@type\":\"PropertyValueSpecification\",\"valueRequired\":true,\"valueName\":\"search_term_string\"}}],\"inLanguage\":\"uk\"},{\"@type\":\"Organization\",\"@id\":\"https:\/\/smakivera.pl\/#organization\",\"name\":\"VERA - Zapro\u015b ca\u0142y \u015bwiat do swojej kuchni\",\"url\":\"https:\/\/smakivera.pl\/\",\"logo\":{\"@type\":\"ImageObject\",\"inLanguage\":\"uk\",\"@id\":\"https:\/\/smakivera.pl\/#\/schema\/logo\/image\/\",\"url\":\"https:\/\/smakivera.pl\/wp-content\/uploads\/2021\/02\/vera-gastronomia.png\",\"contentUrl\":\"https:\/\/smakivera.pl\/wp-content\/uploads\/2021\/02\/vera-gastronomia.png\",\"width\":200,\"height\":200,\"caption\":\"VERA - Zapro\u015b ca\u0142y \u015bwiat do swojej kuchni\"},\"image\":{\"@id\":\"https:\/\/smakivera.pl\/#\/schema\/logo\/image\/\"},\"sameAs\":[\"https:\/\/www.facebook.com\/smakivera\",\"https:\/\/www.instagram.com\/smakivera\/\",\"https:\/\/pl.pinterest.com\/smakivera\"]}]}<\/script>\n<!-- \/ Yoast SEO plugin. -->","yoast_head_json":{"title":"\u041d\u0443\u0442 \u0432 \u0431\u0430\u043d\u0446\u0456 - \u041f\u0440\u043e\u0434\u0443\u043a\u0442\u0438 - \u0421\u043c\u0430\u043a\u0438 \u0412\u0456\u0440\u0438","description":"\u0412\u0438\u043d\u044f\u0442\u043a\u043e\u0432\u0438\u0439 \u043d\u0443\u0442 \u0432 \u0431\u0430\u043d\u0446\u0456 \u0432\u0456\u0434 \u0442\u043e\u0440\u0433\u043e\u0432\u043e\u0457 \u043c\u0430\u0440\u043a\u0438 Vera. \u0413\u043e\u0442\u0443\u0439\u0442\u0435 \u0441\u043c\u0430\u0447\u043d\u0456 \u0441\u0442\u0440\u0430\u0432\u0438 \u0437 \u043d\u0430\u0448\u0438\u043c\u0438 \u043f\u0440\u043e\u0434\u0443\u043a\u0442\u0430\u043c\u0438. \u0428\u0443\u043a\u0430\u0439\u0442\u0435 \u043d\u043e\u0432\u0456 \u0456\u0434\u0435\u0457 \u0443 \u0440\u043e\u0437\u0434\u0456\u043b\u0456 \"\u041d\u0430\u0442\u0445\u043d\u0435\u043d\u043d\u044f\" | \"\u0421\u043c\u0430\u043a\u0438 \u0432\u0456\u0434 Vera\".","robots":{"index":"index","follow":"follow","max-snippet":"max-snippet:-1","max-image-preview":"max-image-preview:large","max-video-preview":"max-video-preview:-1"},"canonical":"https:\/\/smakivera.pl\/ua\/\u043f\u0440\u043e\u0434\u0443\u043a\u0442\/\u043d\u0443\u0442-\u0443-\u0440\u043e\u0437\u0441\u043e\u043b\u0456-5\/","og_locale":"uk_UA","og_type":"article","og_title":"Ciecierzyca w s\u0142oiku - Produkty - Smaki Vera","og_description":"Wyj\u0105tkowe Ciecierzyca w s\u0142oiku od marki Vera. Przygotuj pyszne dania z naszymi produktami. Nowych pomys\u0142\u00f3w szukaj w dziale z Inspiracjami | Smaki Vera","og_url":"https:\/\/smakivera.pl\/ua\/\u043f\u0440\u043e\u0434\u0443\u043a\u0442\/\u043d\u0443\u0442-\u0443-\u0440\u043e\u0437\u0441\u043e\u043b\u0456-5\/","og_site_name":"VERA - Ca\u0142y \u015bwiat w Twojej Kuchni","article_publisher":"https:\/\/www.facebook.com\/smakivera","article_modified_time":"2024-12-05T16:21:50+00:00","og_image":[{"width":1000,"height":1000,"url":"https:\/\/smakivera.pl\/wp-content\/uploads\/2024\/12\/limpol-ciecierzyca.webp","type":"image\/webp"}],"twitter_card":"summary_large_image","twitter_misc":{"\u041f\u0440\u0438\u0431\u043b. \u0447\u0430\u0441 \u0447\u0438\u0442\u0430\u043d\u043d\u044f":"1 \u0445\u0432\u0438\u043b\u0438\u043d\u0430"},"schema":{"@context":"https:\/\/schema.org","@graph":[{"@type":"WebPage","@id":"https:\/\/smakivera.pl\/produkt\/ciecierzyca-w-sloiku\/","url":"https:\/\/smakivera.pl\/produkt\/ciecierzyca-w-sloiku\/","name":"\u041d\u0443\u0442 \u0432 \u0431\u0430\u043d\u0446\u0456 - \u041f\u0440\u043e\u0434\u0443\u043a\u0442\u0438 - \u0421\u043c\u0430\u043a\u0438 \u0412\u0456\u0440\u0438","isPartOf":{"@id":"https:\/\/smakivera.pl\/#website"},"primaryImageOfPage":{"@id":"https:\/\/smakivera.pl\/produkt\/ciecierzyca-w-sloiku\/#primaryimage"},"image":{"@id":"https:\/\/smakivera.pl\/produkt\/ciecierzyca-w-sloiku\/#primaryimage"},"thumbnailUrl":"https:\/\/smakivera.pl\/wp-content\/uploads\/2024\/12\/limpol-ciecierzyca.webp","datePublished":"2024-12-05T16:18:42+00:00","dateModified":"2024-12-05T16:21:50+00:00","description":"\u0412\u0438\u043d\u044f\u0442\u043a\u043e\u0432\u0438\u0439 \u043d\u0443\u0442 \u0432 \u0431\u0430\u043d\u0446\u0456 \u0432\u0456\u0434 \u0442\u043e\u0440\u0433\u043e\u0432\u043e\u0457 \u043c\u0430\u0440\u043a\u0438 Vera. \u0413\u043e\u0442\u0443\u0439\u0442\u0435 \u0441\u043c\u0430\u0447\u043d\u0456 \u0441\u0442\u0440\u0430\u0432\u0438 \u0437 \u043d\u0430\u0448\u0438\u043c\u0438 \u043f\u0440\u043e\u0434\u0443\u043a\u0442\u0430\u043c\u0438. \u0428\u0443\u043a\u0430\u0439\u0442\u0435 \u043d\u043e\u0432\u0456 \u0456\u0434\u0435\u0457 \u0443 \u0440\u043e\u0437\u0434\u0456\u043b\u0456 \"\u041d\u0430\u0442\u0445\u043d\u0435\u043d\u043d\u044f\" | \"\u0421\u043c\u0430\u043a\u0438 \u0432\u0456\u0434 Vera\".","breadcrumb":{"@id":"https:\/\/smakivera.pl\/produkt\/ciecierzyca-w-sloiku\/#breadcrumb"},"inLanguage":"uk","potentialAction":[{"@type":"ReadAction","target":["https:\/\/smakivera.pl\/produkt\/ciecierzyca-w-sloiku\/"]}]},{"@type":"ImageObject","inLanguage":"uk","@id":"https:\/\/smakivera.pl\/produkt\/ciecierzyca-w-sloiku\/#primaryimage","url":"https:\/\/smakivera.pl\/wp-content\/uploads\/2024\/12\/limpol-ciecierzyca.webp","contentUrl":"https:\/\/smakivera.pl\/wp-content\/uploads\/2024\/12\/limpol-ciecierzyca.webp","width":1000,"height":1000},{"@type":"BreadcrumbList","@id":"https:\/\/smakivera.pl\/produkt\/ciecierzyca-w-sloiku\/#breadcrumb","itemListElement":[{"@type":"ListItem","position":1,"name":"Strona g\u0142\u00f3wna","item":"https:\/\/smakivera.pl\/"},{"@type":"ListItem","position":2,"name":"Produkty","item":"https:\/\/smakivera.pl\/shop\/"},{"@type":"ListItem","position":3,"name":"Ciecierzyca w s\u0142oiku"}]},{"@type":"WebSite","@id":"https:\/\/smakivera.pl\/#website","url":"https:\/\/smakivera.pl\/","name":"VERA - \u0446\u0456\u043b\u0438\u0439 \u0441\u0432\u0456\u0442 \u043d\u0430 \u0432\u0430\u0448\u0456\u0439 \u043a\u0443\u0445\u043d\u0456","description":"\u0412\u0438\u0440\u0443\u0448\u0430\u0439\u0442\u0435 \u0437 \u043d\u0430\u043c\u0438 \u0432 \u043a\u0443\u043b\u0456\u043d\u0430\u0440\u043d\u0443 \u043f\u043e\u0434\u043e\u0440\u043e\u0436... \u0434\u043e \u0441\u043e\u043d\u044f\u0447\u043d\u043e\u0457 \u0406\u0441\u043f\u0430\u043d\u0456\u0457 \u0437\u0430 \u0441\u043c\u0430\u0447\u043d\u0438\u043c\u0438 \u043e\u043b\u0456\u044f\u043c\u0438, \u0434\u043e \u0406\u0442\u0430\u043b\u0456\u0457 \u0437\u0430 \u0430\u0440\u043e\u043c\u0430\u0442\u043d\u0438\u043c\u0438 \u043f\u043e\u043c\u0456\u0434\u043e\u0440\u0430\u043c\u0438 \u0447\u0438, \u043c\u043e\u0436\u043b\u0438\u0432\u043e, \u0434\u043e \u0406\u043d\u0434\u0456\u0457 \u0437\u0430 \u0442\u0440\u043e\u043f\u0456\u0447\u043d\u0438\u043c\u0438 \u0444\u0440\u0443\u043a\u0442\u0430\u043c\u0438?","publisher":{"@id":"https:\/\/smakivera.pl\/#organization"},"potentialAction":[{"@type":"SearchAction","target":{"@type":"EntryPoint","urlTemplate":"https:\/\/smakivera.pl\/?s={search_term_string}"},"query-input":{"@type":"PropertyValueSpecification","valueRequired":true,"valueName":"search_term_string"}}],"inLanguage":"uk"},{"@type":"Organization","@id":"https:\/\/smakivera.pl\/#organization","name":"VERA - \u0417\u0430\u043f\u0440\u043e\u0441\u0456\u0442\u044c \u0432\u0435\u0441\u044c \u0441\u0432\u0456\u0442 \u043d\u0430 \u0441\u0432\u043e\u044e \u043a\u0443\u0445\u043d\u044e","url":"https:\/\/smakivera.pl\/","logo":{"@type":"ImageObject","inLanguage":"uk","@id":"https:\/\/smakivera.pl\/#\/schema\/logo\/image\/","url":"https:\/\/smakivera.pl\/wp-content\/uploads\/2021\/02\/vera-gastronomia.png","contentUrl":"https:\/\/smakivera.pl\/wp-content\/uploads\/2021\/02\/vera-gastronomia.png","width":200,"height":200,"caption":"VERA - Zapro\u015b ca\u0142y \u015bwiat do swojej kuchni"},"image":{"@id":"https:\/\/smakivera.pl\/#\/schema\/logo\/image\/"},"sameAs":["https:\/\/www.facebook.com\/smakivera","https:\/\/www.instagram.com\/smakivera\/","https:\/\/pl.pinterest.com\/smakivera"]}]}},"_links":{"self":[{"href":"https:\/\/smakivera.pl\/ua\/wp-json\/wp\/v2\/product\/8800","targetHints":{"allow":["GET"]}}],"collection":[{"href":"https:\/\/smakivera.pl\/ua\/wp-json\/wp\/v2\/product"}],"about":[{"href":"https:\/\/smakivera.pl\/ua\/wp-json\/wp\/v2\/types\/product"}],"wp:featuredmedia":[{"embeddable":true,"href":"https:\/\/smakivera.pl\/ua\/wp-json\/wp\/v2\/media\/8802"}],"wp:attachment":[{"href":"https:\/\/smakivera.pl\/ua\/wp-json\/wp\/v2\/media?parent=8800"}],"wp:term":[{"taxonomy":"product_brand","embeddable":true,"href":"https:\/\/smakivera.pl\/ua\/wp-json\/wp\/v2\/product_brand?post=8800"},{"taxonomy":"product_cat","embeddable":true,"href":"https:\/\/smakivera.pl\/ua\/wp-json\/wp\/v2\/product_cat?post=8800"},{"taxonomy":"product_tag","embeddable":true,"href":"https:\/\/smakivera.pl\/ua\/wp-json\/wp\/v2\/product_tag?post=8800"}],"curies":[{"name":"wp","href":"https:\/\/api.w.org\/{rel}","templated":true}]}}